{"id":35852,"date":"2019-06-10T23:24:03","date_gmt":"2019-06-10T23:24:03","guid":{"rendered":"http:\/\/travelsafe.nl\/assortiment\/unkategorisiert\/squeeze-bottle-kids\/"},"modified":"2023-05-12T11:44:08","modified_gmt":"2023-05-12T11:44:08","slug":"squeeze-bottle-kids","status":"publish","type":"product","link":"https:\/\/travelsafe.nl\/de\/assortiment\/reise-zubehr\/reisezubehr-reise-zubehr\/briges-reisezubehr-reise-zubehr\/squeeze-bottle-kids\/","title":{"rendered":"Silikon-Spritzflasche Set \u2013 Pinguin"},"content":{"rendered":"<p>Kleine Silikonflasche unter anderem f\u00fcr Duschgel oder Shampoo, Geeignet, um das Flugzeug als Handgep\u00e4ck mitzunehmen. Der Schraubverschluss erleichtert das Bef\u00fcllen der Flasche.<\/p>\n<p>Auch als s\u00fc\u00dfer B\u00e4r erh\u00e4ltlich.<\/p>\n<p>Inhalt :\u00a0 \u00a0\u00a080 ml<br \/>\nGewicht:\u00a049 g<br \/>\nMaterial:\u00a0Silikon &#8211; Kunststoff<br \/>\nFarben: \u00a0\u00a0\u00a0Schwarz<\/p>\n","protected":false},"excerpt":{"rendered":"<p>Kleine Silikonflasche unter anderem f\u00fcr Duschgel oder Shampoo, Geeignet, um das Flugzeug als Handgep\u00e4ck mitzunehmen. Der Schraubverschluss erleichtert das Bef\u00fcllen der Flasche.&hellip;<\/p>\n","protected":false},"featured_media":33933,"template":"","meta":{"_acf_changed":false},"product_brand":[],"product_cat":[2524,2364,2518],"product_tag":[],"class_list":{"0":"post-35852","1":"product","2":"type-product","3":"status-publish","4":"has-post-thumbnail","6":"product_cat-briges-reisezubehr-reise-zubehr","7":"product_cat-reise-zubehr","8":"product_cat-reisezubehr-reise-zubehr","10":"first","11":"instock","12":"purchasable","13":"product-type-simple"},"acf":[],"_links":{"self":[{"href":"https:\/\/travelsafe.nl\/de\/wp-json\/wp\/v2\/product\/35852","targetHints":{"allow":["GET"]}}],"collection":[{"href":"https:\/\/travelsafe.nl\/de\/wp-json\/wp\/v2\/product"}],"about":[{"href":"https:\/\/travelsafe.nl\/de\/wp-json\/wp\/v2\/types\/product"}],"wp:featuredmedia":[{"embeddable":true,"href":"https:\/\/travelsafe.nl\/de\/wp-json\/wp\/v2\/media\/33933"}],"wp:attachment":[{"href":"https:\/\/travelsafe.nl\/de\/wp-json\/wp\/v2\/media?parent=35852"}],"wp:term":[{"taxonomy":"product_brand","embeddable":true,"href":"https:\/\/travelsafe.nl\/de\/wp-json\/wp\/v2\/product_brand?post=35852"},{"taxonomy":"product_cat","embeddable":true,"href":"https:\/\/travelsafe.nl\/de\/wp-json\/wp\/v2\/product_cat?post=35852"},{"taxonomy":"product_tag","embeddable":true,"href":"https:\/\/travelsafe.nl\/de\/wp-json\/wp\/v2\/product_tag?post=35852"}],"curies":[{"name":"wp","href":"https:\/\/api.w.org\/{rel}","templated":true}]}}