{"id":35858,"date":"2019-06-10T23:24:09","date_gmt":"2019-06-10T23:24:09","guid":{"rendered":"http:\/\/travelsafe.nl\/assortiment\/unkategorisiert\/apotheker-globe-emergency-combi\/"},"modified":"2023-07-13T10:16:01","modified_gmt":"2023-07-13T10:16:01","slug":"apotheker-globe-emergency-combi","status":"publish","type":"product","link":"https:\/\/travelsafe.nl\/de\/assortiment\/apotheker\/sterile-sets\/apotheker-globe-emergency-combi\/","title":{"rendered":"Globe Notfallkombi Set"},"content":{"rendered":"<p>Das Globe Notfallkombi-Kit ist bei l\u00e4ngeren Aufenthalten in L\u00e4ndern mit einem erh\u00f6hten Risiko f\u00fcr Hepatitis B\/HIV, Reisen unter primitiven Bedingungen oder Dschungeltrekking auf unbestimmte Zeit unverzichtbar. Das Set besteht aus Standard-Erste-Hilfe-Artikeln wie verschiedenen Arten von Bandagen, Pflastern, Scheren und erg\u00e4nzt mit sterile Gegenst\u00e4nde wie Spritzen, Heftmaterial\/Nadel, unsw. die bei abenteuerlichen Reisen in L\u00e4nder mit erh\u00f6htem Gesundheitsrisiko unverzichtbar sind.<\/p>\n<p>Die Tasche ist hergestellt aus einem starken Polyester mit verschiedenen\u00a0transparenten F\u00e4chern, die machen es einfach, die ben\u00f6tigten Artikel schnell zu finden.\u00a0Die Tasche hat verst\u00e4rkte Patches f\u00fcr die einfache Befestigung an Pack oder\u00a0G\u00fcrtel. Enth\u00e4lt eine internationale \u00e4rztliche Erkl\u00e4rung f\u00fcr Zoll und Erste-Hilfe-Flyer\u00a0mit Tipps.<\/p>\n<p>Wenn Sie unter Umst\u00e4nden nicht direkt ad\u00e4quate medizinische Hilfe erhalten k\u00f6nnen, kann dies zu gef\u00e4hrlichen Situationen f\u00fchren. Darum sollten Sie eine gute Ausr\u00fcstung mit sich f\u00fchren. TravelSafe hat f\u00fcr jedes Reiseziel und jede Aktivit\u00e4t ein kompaktes und handliches Erste-Hilfe-Set entwickelt, wenn n\u00f6tig sogar mit der passenden Arzterkl\u00e4rung. Das Fluor-Gelb\/Orange Sterile-Set ist anzuraten, wenn Sie L\u00e4nder mit Risiko auf Hepatitis B\/HIV bereisen. Hierbei solte man an Afrika, S\u00fcdamerika und Asien, also die Sub-Tropen denken.<\/p>\n<p>Abmessungen: 12 x 18 x 5 cm<br \/>\nGewicht:\u00a0 \u00a0 \u00a0 \u00a0 \u00a0 \u00a0467 g<br \/>\nMaterial:\u00a0 \u00a0 \u00a0 \u00a0 \u00a0 \u00a0100% Polyester<br \/>\nArtikel:\u00a0 \u00a0 \u00a0 \u00a0 \u00a0 \u00a0 \u00a0 69<\/p>\n","protected":false},"excerpt":{"rendered":"<p>Das Globe Notfallkombi-Kit ist bei l\u00e4ngeren Aufenthalten in L\u00e4ndern mit einem erh\u00f6hten Risiko f\u00fcr Hepatitis B\/HIV, Reisen unter primitiven Bedingungen oder Dschungeltrekking&hellip;<\/p>\n","protected":false},"featured_media":34034,"template":"","meta":{"_acf_changed":false},"product_brand":[],"product_cat":[2361,2539],"product_tag":[],"class_list":{"0":"post-35858","1":"product","2":"type-product","3":"status-publish","4":"has-post-thumbnail","6":"product_cat-apotheker","7":"product_cat-sterile-sets","9":"first","10":"onbackorder","11":"purchasable","12":"product-type-simple"},"acf":[],"_links":{"self":[{"href":"https:\/\/travelsafe.nl\/de\/wp-json\/wp\/v2\/product\/35858","targetHints":{"allow":["GET"]}}],"collection":[{"href":"https:\/\/travelsafe.nl\/de\/wp-json\/wp\/v2\/product"}],"about":[{"href":"https:\/\/travelsafe.nl\/de\/wp-json\/wp\/v2\/types\/product"}],"wp:featuredmedia":[{"embeddable":true,"href":"https:\/\/travelsafe.nl\/de\/wp-json\/wp\/v2\/media\/34034"}],"wp:attachment":[{"href":"https:\/\/travelsafe.nl\/de\/wp-json\/wp\/v2\/media?parent=35858"}],"wp:term":[{"taxonomy":"product_brand","embeddable":true,"href":"https:\/\/travelsafe.nl\/de\/wp-json\/wp\/v2\/product_brand?post=35858"},{"taxonomy":"product_cat","embeddable":true,"href":"https:\/\/travelsafe.nl\/de\/wp-json\/wp\/v2\/product_cat?post=35858"},{"taxonomy":"product_tag","embeddable":true,"href":"https:\/\/travelsafe.nl\/de\/wp-json\/wp\/v2\/product_tag?post=35858"}],"curies":[{"name":"wp","href":"https:\/\/api.w.org\/{rel}","templated":true}]}}