{"id":35860,"date":"2019-06-10T23:24:12","date_gmt":"2019-06-10T23:24:12","guid":{"rendered":"http:\/\/travelsafe.nl\/assortiment\/unkategorisiert\/globe-sterile-plus\/"},"modified":"2023-04-07T14:01:22","modified_gmt":"2023-04-07T14:01:22","slug":"globe-sterile-plus","status":"publish","type":"product","link":"https:\/\/travelsafe.nl\/de\/assortiment\/apotheker\/sterile-sets\/globe-sterile-plus\/","title":{"rendered":"Globe Steriles Plus \u2013 Erste-Hilfe-Set"},"content":{"rendered":"<p>Dieses kompakte Set mit sterilen medizinischen Hilfsmitteln ist umfangreicher als der Basic Steriles-Set (TS0518). Das digitale Thermometer ist bei Krankheiten wie Malaria oder Dengue-Fieber von gr\u00f6\u00dfer Bedeutung. Mit zwei Infusionnadeln.<\/p>\n<p>Wenn Sie unter Umst\u00e4nden nicht direkt ad\u00e4quate medizinische Hilfe erhalten k\u00f6nnen, kann dies zu gef\u00e4hrlichen Situationen f\u00fchren. Darum sollten Sie eine gute Ausr\u00fcstung mit sich f\u00fchren. TravelSafe hat f\u00fcr jedes Reiseziel und jede Aktivit\u00e4t ein kompaktes und handliches Erste-Hilfe-Set entwickelt, wenn n\u00f6tig sogar mit der passenden Arzterkl\u00e4rung.\u00a0Das Fluor-Gelb\/Orange Sterile-Set ist anzuraten, wenn Sie L\u00e4nder mit Risiko auf Hepatitis B\/HIV bereisen. Hierbei solte man an Afrika, S\u00fcdamerika und Asien, also die Sub-Tropen denken.<\/p>\n<p>Abmessungen: 12 x 14,5 x 5 cm<br \/>\nGewicht:\u00a0 \u00a0 \u00a0 \u00a0 \u00a0 \u00a0205 g<br \/>\nMaterial:\u00a0 \u00a0 \u00a0 \u00a0 \u00a0 \u00a0100% Polyester<br \/>\nArtikel:\u00a0 \u00a0 \u00a0 \u00a0 \u00a0 \u00a0 \u00a0 31<\/p>\n","protected":false},"excerpt":{"rendered":"<p>Dieses kompakte Set mit sterilen medizinischen Hilfsmitteln ist umfangreicher als der Basic Steriles-Set (TS0518). Das digitale Thermometer ist bei Krankheiten wie Malaria&hellip;<\/p>\n","protected":false},"featured_media":34073,"template":"","meta":{"_acf_changed":false},"product_brand":[],"product_cat":[2361,2539],"product_tag":[],"class_list":{"0":"post-35860","1":"product","2":"type-product","3":"status-publish","4":"has-post-thumbnail","6":"product_cat-apotheker","7":"product_cat-sterile-sets","9":"first","10":"instock","11":"purchasable","12":"product-type-simple"},"acf":[],"_links":{"self":[{"href":"https:\/\/travelsafe.nl\/de\/wp-json\/wp\/v2\/product\/35860","targetHints":{"allow":["GET"]}}],"collection":[{"href":"https:\/\/travelsafe.nl\/de\/wp-json\/wp\/v2\/product"}],"about":[{"href":"https:\/\/travelsafe.nl\/de\/wp-json\/wp\/v2\/types\/product"}],"wp:featuredmedia":[{"embeddable":true,"href":"https:\/\/travelsafe.nl\/de\/wp-json\/wp\/v2\/media\/34073"}],"wp:attachment":[{"href":"https:\/\/travelsafe.nl\/de\/wp-json\/wp\/v2\/media?parent=35860"}],"wp:term":[{"taxonomy":"product_brand","embeddable":true,"href":"https:\/\/travelsafe.nl\/de\/wp-json\/wp\/v2\/product_brand?post=35860"},{"taxonomy":"product_cat","embeddable":true,"href":"https:\/\/travelsafe.nl\/de\/wp-json\/wp\/v2\/product_cat?post=35860"},{"taxonomy":"product_tag","embeddable":true,"href":"https:\/\/travelsafe.nl\/de\/wp-json\/wp\/v2\/product_tag?post=35860"}],"curies":[{"name":"wp","href":"https:\/\/api.w.org\/{rel}","templated":true}]}}