{"id":35861,"date":"2019-06-10T23:24:12","date_gmt":"2019-06-10T23:24:12","guid":{"rendered":"http:\/\/travelsafe.nl\/assortiment\/unkategorisiert\/globe-runner-erste-hilfe-set\/"},"modified":"2026-02-19T15:39:20","modified_gmt":"2026-02-19T15:39:20","slug":"globe-runner-erste-hilfe-set","status":"publish","type":"product","link":"https:\/\/travelsafe.nl\/de\/assortiment\/apotheker\/erste-hilfe-sets\/globe-runner-erste-hilfe-set\/","title":{"rendered":"Globe Hiker &#8211; Erste-Hilfe-Set"},"content":{"rendered":"<p>Ein kleines und kompaktes Erste-Hilfe-Set f\u00fcr Wanderer. Das Kit hat einen speziellen Patch auf der R\u00fcckseite f\u00fcr die Befestigung an Ihrem G\u00fcrtel oder Pack. Der L\u00e4ufer enth\u00e4lt die grundlegenden Erste-Hilfe-Artikel wie Bandagen, Pflaster, Tape aber auch Blasenpflaster, Blutlanzetten und Alkoholtupfer die Sie f\u00fcr m\u00f6gliche Verletzungen an F\u00fc\u00dfen oder Kn\u00f6cheln w\u00e4hrend Ihrer Wanderung ben\u00f6tigen k\u00f6nnten.<\/p>\n<p>Wenn Sie unter Umst\u00e4nden nicht direkt ad\u00e4quate medizinische Hilfe erhalten k\u00f6nnen, kann dies zu gef\u00e4hrlichen Situationen f\u00fchren. Darum sollten Sie eine gute Ausr\u00fcstung mit sich f\u00fchren.\u00a0TravelSafe\u00a0hat f\u00fcr jedes Reiseziel und jede Aktivit\u00e4t ein kompaktes und handliches Erste-Hilfe-Set entwickelt, wenn n\u00f6tig sogar mit der passenden Arzterkl\u00e4rung. Reisen Sie in ein Land ohne Risiko auf Hepatitis B\/HIV (dies sind namentlich die europ\u00e4ischen L\u00e4nder), dann gen\u00fcgt das blaue\/ rotes Erste-Hilfe-Set. Das orange\/Fluor-gelb\u00a0Sterile-Set ist anzuraten, wenn Sie L\u00e4nder mit Risiko auf Hepatitis B\/HIV bereisen. Hierbei sollte man an Afrika, S\u00fcdamerika und Asien, also die Sub-Tropen denken.<\/p>\n<p>Abmessungen: 10 x 12,5 x 6,5 cm<br \/>\nGewicht:\u00a0 \u00a0 \u00a0 \u00a0 \u00a0 \u00a0168 g<br \/>\nMaterial:\u00a0 \u00a0 \u00a0 \u00a0 \u00a0 \u00a0100% Polyester<br \/>\nArtikel:\u00a0 \u00a0 \u00a0 \u00a0 \u00a0 \u00a0 \u00a0 25<\/p>\n","protected":false},"excerpt":{"rendered":"<p>Ein kleines und kompaktes Erste-Hilfe-Set f\u00fcr Wanderer. Das Kit hat einen speziellen Patch auf der R\u00fcckseite f\u00fcr die Befestigung an Ihrem G\u00fcrtel&hellip;<\/p>\n","protected":false},"featured_media":34094,"template":"","meta":{"_acf_changed":false},"product_brand":[],"product_cat":[2361,2512],"product_tag":[],"class_list":{"0":"post-35861","1":"product","2":"type-product","3":"status-publish","4":"has-post-thumbnail","6":"product_cat-apotheker","7":"product_cat-erste-hilfe-sets","9":"first","10":"instock","11":"purchasable","12":"product-type-simple"},"acf":[],"_links":{"self":[{"href":"https:\/\/travelsafe.nl\/de\/wp-json\/wp\/v2\/product\/35861","targetHints":{"allow":["GET"]}}],"collection":[{"href":"https:\/\/travelsafe.nl\/de\/wp-json\/wp\/v2\/product"}],"about":[{"href":"https:\/\/travelsafe.nl\/de\/wp-json\/wp\/v2\/types\/product"}],"wp:featuredmedia":[{"embeddable":true,"href":"https:\/\/travelsafe.nl\/de\/wp-json\/wp\/v2\/media\/34094"}],"wp:attachment":[{"href":"https:\/\/travelsafe.nl\/de\/wp-json\/wp\/v2\/media?parent=35861"}],"wp:term":[{"taxonomy":"product_brand","embeddable":true,"href":"https:\/\/travelsafe.nl\/de\/wp-json\/wp\/v2\/product_brand?post=35861"},{"taxonomy":"product_cat","embeddable":true,"href":"https:\/\/travelsafe.nl\/de\/wp-json\/wp\/v2\/product_cat?post=35861"},{"taxonomy":"product_tag","embeddable":true,"href":"https:\/\/travelsafe.nl\/de\/wp-json\/wp\/v2\/product_tag?post=35861"}],"curies":[{"name":"wp","href":"https:\/\/api.w.org\/{rel}","templated":true}]}}