{"id":35868,"date":"2019-06-10T23:24:20","date_gmt":"2019-06-10T23:24:20","guid":{"rendered":"http:\/\/travelsafe.nl\/assortiment\/unkategorisiert\/apotheker-trail\/"},"modified":"2023-04-07T14:01:23","modified_gmt":"2023-04-07T14:01:23","slug":"apotheker-trail","status":"publish","type":"product","link":"https:\/\/travelsafe.nl\/de\/assortiment\/apotheker\/erste-hilfe-sets\/apotheker-trail\/","title":{"rendered":"Trail-Kit &#8211; Erste-Hilfe-Set"},"content":{"rendered":"<p>Das Trail-Kit ist ein kleines und kompaktes Set und l\u00e4sst sich leicht an einen Rucksack oder G\u00fcrtel befestigen. Diese sehr kleine Tasche enth\u00e4lt nur die grundlegenden Erste-Hilfe-Artikel. Sehr praktisch f\u00fcr Wanderer und\/oder Rucksack-reisende.<\/p>\n<p>Wenn Sie unter Umst\u00e4nden nicht direkt ad\u00e4quate medizinische Hilfe erhalten k\u00f6nnen, kann dies zu gef\u00e4hrlichen Situationen f\u00fchren. Darum sollten Sie eine gute Ausr\u00fcstung mit sich f\u00fchren.\u00a0TravelSafe\u00a0hat f\u00fcr jedes Reiseziel und jede Aktivit\u00e4t ein kompaktes und handliches Erste-Hilfe-Set entwickelt, wenn n\u00f6tig sogar mit der passenden Arzterkl\u00e4rung. Reisen Sie in ein Land ohne Risiko auf Hepatitis B\/HIV (dies sind namentlich die europ\u00e4ischen L\u00e4nder), dann gen\u00fcgt das blaue\/ rotes Erste-Hilfe-Set. Das orange\/Fluor-gelb\u00a0Sterile-Set ist anzuraten, wenn Sie L\u00e4nder mit Risiko auf Hepatitis B\/HIV bereisen. Hierbei sollte man an Afrika, S\u00fcdamerika und Asien, also die Sub-Tropen denken.<\/p>\n<p>Abmessungen: 9,5 x 13 x 6 cm<br \/>\nGewicht:\u00a0 \u00a0 \u00a0 \u00a0 \u00a0 \u00a0154 g<br \/>\nMaterial:\u00a0 \u00a0 \u00a0 \u00a0 \u00a0 \u00a0100% Polyester<br \/>\nArtikel:\u00a0 \u00a0 \u00a0 \u00a0 \u00a0 \u00a0 \u00a0 24<\/p>\n<p>&nbsp;<\/p>\n","protected":false},"excerpt":{"rendered":"<p>Das Trail-Kit ist ein kleines und kompaktes Set und l\u00e4sst sich leicht an einen Rucksack oder G\u00fcrtel befestigen. Diese sehr kleine Tasche&hellip;<\/p>\n","protected":false},"featured_media":34189,"template":"","meta":{"_acf_changed":false},"product_brand":[],"product_cat":[2361,2512,2289],"product_tag":[],"class_list":{"0":"post-35868","1":"product","2":"type-product","3":"status-publish","4":"has-post-thumbnail","6":"product_cat-apotheker","7":"product_cat-erste-hilfe-sets","8":"product_cat-ehbo-kits","10":"first","11":"instock","12":"purchasable","13":"product-type-simple"},"acf":[],"_links":{"self":[{"href":"https:\/\/travelsafe.nl\/de\/wp-json\/wp\/v2\/product\/35868","targetHints":{"allow":["GET"]}}],"collection":[{"href":"https:\/\/travelsafe.nl\/de\/wp-json\/wp\/v2\/product"}],"about":[{"href":"https:\/\/travelsafe.nl\/de\/wp-json\/wp\/v2\/types\/product"}],"wp:featuredmedia":[{"embeddable":true,"href":"https:\/\/travelsafe.nl\/de\/wp-json\/wp\/v2\/media\/34189"}],"wp:attachment":[{"href":"https:\/\/travelsafe.nl\/de\/wp-json\/wp\/v2\/media?parent=35868"}],"wp:term":[{"taxonomy":"product_brand","embeddable":true,"href":"https:\/\/travelsafe.nl\/de\/wp-json\/wp\/v2\/product_brand?post=35868"},{"taxonomy":"product_cat","embeddable":true,"href":"https:\/\/travelsafe.nl\/de\/wp-json\/wp\/v2\/product_cat?post=35868"},{"taxonomy":"product_tag","embeddable":true,"href":"https:\/\/travelsafe.nl\/de\/wp-json\/wp\/v2\/product_tag?post=35868"}],"curies":[{"name":"wp","href":"https:\/\/api.w.org\/{rel}","templated":true}]}}