{"id":35873,"date":"2019-06-10T23:24:24","date_gmt":"2019-06-10T23:24:24","guid":{"rendered":"http:\/\/travelsafe.nl\/assortiment\/unkategorisiert\/flight-container-neongelbe\/"},"modified":"2023-05-12T11:53:37","modified_gmt":"2023-05-12T11:53:37","slug":"flight-container-neongelbe","status":"publish","type":"product","link":"https:\/\/travelsafe.nl\/de\/assortiment\/reise-zubehr\/reisetaschen\/rugzak-accessoires-de\/flight-container-neongelbe\/","title":{"rendered":"Flight Container \u2013 Fluogelb \u2013 NEU"},"content":{"rendered":"<p>Diese Flugtasche ist wichtig, f\u00fcr alle Viel-Flieger. Ihr Gep\u00e4ck ist gesichert und kann durch ein Kabel-Schloss vor der \u00dcbergabe am Flughafen abgeschlossen werden. Die besonders leichte Flugtasche kann, wenn Sie nicht ben\u00f6tigt wird, in der innen befindlichen kleinen Tasche verstaut werden. Geeignet f\u00fcr Rucks\u00e4cke bis 85 Liter!!<\/p>\n<p>(Tipp: benutzen Sie immer einen TSA Verschluss, um die Tasche zu sichern!)<\/p>\n<p>Eine Gro\u00dfe Auswahl an Schutzh\u00fcllen wie Transporth\u00fcllen, Kombih\u00fcllen, Regenh\u00fcllen und Ponchos. Unverzichtbare Gegenst\u00e4nde f\u00fcr jedes Abenteuer.<\/p>\n<p>Abmessungen:\u00a0\u00a0 25 x 45 x 100 cm<br \/>\nInhalt:\u00a0 \u00a0 \u00a0 \u00a0 \u00a0 \u00a0 \u00a0 \u00a0 \u00a0&gt; 75 Liter<br \/>\nGewicht:\u00a0 \u00a0 \u00a0 \u00a0 \u00a0 \u00a0 \u00a0142 g<br \/>\nMaterial:\u00a0\u00a0 \u00a0 \u00a0 \u00a0\u00a0 \u00a0\u00a0 210D ripstop poly<br \/>\nFarbe: \u00a0\u00a0\u00a0\u00a0\u00a0\u00a0\u00a0\u00a0\u00a0\u00a0\u00a0\u00a0\u00a0\u00a0 \u00a0Fluogelb<\/p>\n","protected":false},"excerpt":{"rendered":"<p>Diese Flugtasche ist wichtig, f\u00fcr alle Viel-Flieger. Ihr Gep\u00e4ck ist gesichert und kann durch ein Kabel-Schloss vor der \u00dcbergabe am Flughafen abgeschlossen&hellip;<\/p>\n","protected":false},"featured_media":34242,"template":"","meta":{"_acf_changed":false},"product_brand":[],"product_cat":[2364,2561,2609],"product_tag":[],"class_list":{"0":"post-35873","1":"product","2":"type-product","3":"status-publish","4":"has-post-thumbnail","6":"product_cat-reise-zubehr","7":"product_cat-reisetaschen","8":"product_cat-rugzak-accessoires-de","10":"first","11":"instock","12":"purchasable","13":"product-type-simple"},"acf":[],"_links":{"self":[{"href":"https:\/\/travelsafe.nl\/de\/wp-json\/wp\/v2\/product\/35873","targetHints":{"allow":["GET"]}}],"collection":[{"href":"https:\/\/travelsafe.nl\/de\/wp-json\/wp\/v2\/product"}],"about":[{"href":"https:\/\/travelsafe.nl\/de\/wp-json\/wp\/v2\/types\/product"}],"wp:featuredmedia":[{"embeddable":true,"href":"https:\/\/travelsafe.nl\/de\/wp-json\/wp\/v2\/media\/34242"}],"wp:attachment":[{"href":"https:\/\/travelsafe.nl\/de\/wp-json\/wp\/v2\/media?parent=35873"}],"wp:term":[{"taxonomy":"product_brand","embeddable":true,"href":"https:\/\/travelsafe.nl\/de\/wp-json\/wp\/v2\/product_brand?post=35873"},{"taxonomy":"product_cat","embeddable":true,"href":"https:\/\/travelsafe.nl\/de\/wp-json\/wp\/v2\/product_cat?post=35873"},{"taxonomy":"product_tag","embeddable":true,"href":"https:\/\/travelsafe.nl\/de\/wp-json\/wp\/v2\/product_tag?post=35873"}],"curies":[{"name":"wp","href":"https:\/\/api.w.org\/{rel}","templated":true}]}}