{"id":35886,"date":"2019-06-10T23:24:38","date_gmt":"2019-06-10T23:24:38","guid":{"rendered":"http:\/\/travelsafe.nl\/assortiment\/unkategorisiert\/regenponcho-mit-rv-erweiterung-s-m-olivgrn\/"},"modified":"2023-07-20T14:44:42","modified_gmt":"2023-07-20T14:44:42","slug":"regenponcho-mit-rv-erweiterung-s-m-olivgrn","status":"publish","type":"product","link":"https:\/\/travelsafe.nl\/de\/assortiment\/reise-zubehr\/regenponchos-reise-zubehr\/regenponcho-mit-rv-erweiterung-s-m-olivgrn\/","title":{"rendered":"Poncho mit Rucksackverl\u00e4ngerung \u2013 S \/ M \u2013 Olivgr\u00fcn"},"content":{"rendered":"<p>Bei schnellem Wetterwechsel braucht man einen guten Regenschutz, einfach \u00fcberwerfen und schon hat man einen perfekten Wetterschutz! Der Poncho\u00a0packt mit seiner Rei\u00dfverschluss-Erweiterung den Rucksack gleich mit ein. Kapuze mit Schild,\u00a0Sicherung gegen Hochrutschen, Schn\u00fcrzug mit Kordelstopper, Versiegelte N\u00e4hte, Rei\u00dfverschlusserweiterung\u00a0f\u00fcr Rucks\u00e4cke. Ideal zum Radfahren und f\u00fcr lange Spazierg\u00e4nge.<\/p>\n<p>Erh\u00e4ltlich in den Gr\u00f6\u00dfen S-M oder L-XL sowie in den Farben Marine und Olivgr\u00fcn.<\/p>\n<p>Abmessungen:\u00a0 \u00a0S \/ M<br \/>\nGewicht:\u00a0 \u00a0 \u00a0 \u00a0 \u00a0 \u00a0 \u00a0350 g<br \/>\nMaterial:\u00a0 \u00a0 \u00a0 \u00a0 \u00a0 \u00a0 100% Polyester<br \/>\nFarbe:\u00a0 \u00a0 \u00a0 \u00a0 \u00a0 \u00a0 \u00a0 \u00a0 \u00a0Olivgr\u00fcn<\/p>\n","protected":false},"excerpt":{"rendered":"<p>Bei schnellem Wetterwechsel braucht man einen guten Regenschutz, einfach \u00fcberwerfen und schon hat man einen perfekten Wetterschutz! Der Poncho\u00a0packt mit seiner Rei\u00dfverschluss-Erweiterung&hellip;<\/p>\n","protected":false},"featured_media":34399,"template":"","meta":{"_acf_changed":false},"product_brand":[],"product_cat":[2364,2560],"product_tag":[],"class_list":{"0":"post-35886","1":"product","2":"type-product","3":"status-publish","4":"has-post-thumbnail","6":"product_cat-reise-zubehr","7":"product_cat-regenponchos-reise-zubehr","9":"first","10":"instock","11":"purchasable","12":"product-type-simple"},"acf":[],"_links":{"self":[{"href":"https:\/\/travelsafe.nl\/de\/wp-json\/wp\/v2\/product\/35886","targetHints":{"allow":["GET"]}}],"collection":[{"href":"https:\/\/travelsafe.nl\/de\/wp-json\/wp\/v2\/product"}],"about":[{"href":"https:\/\/travelsafe.nl\/de\/wp-json\/wp\/v2\/types\/product"}],"wp:featuredmedia":[{"embeddable":true,"href":"https:\/\/travelsafe.nl\/de\/wp-json\/wp\/v2\/media\/34399"}],"wp:attachment":[{"href":"https:\/\/travelsafe.nl\/de\/wp-json\/wp\/v2\/media?parent=35886"}],"wp:term":[{"taxonomy":"product_brand","embeddable":true,"href":"https:\/\/travelsafe.nl\/de\/wp-json\/wp\/v2\/product_brand?post=35886"},{"taxonomy":"product_cat","embeddable":true,"href":"https:\/\/travelsafe.nl\/de\/wp-json\/wp\/v2\/product_cat?post=35886"},{"taxonomy":"product_tag","embeddable":true,"href":"https:\/\/travelsafe.nl\/de\/wp-json\/wp\/v2\/product_tag?post=35886"}],"curies":[{"name":"wp","href":"https:\/\/api.w.org\/{rel}","templated":true}]}}