{"id":35888,"date":"2019-06-10T23:24:40","date_gmt":"2019-06-10T23:24:40","guid":{"rendered":"http:\/\/travelsafe.nl\/assortiment\/unkategorisiert\/featherlite-regen-cover-medium-30-55-ltr\/"},"modified":"2023-05-12T11:11:23","modified_gmt":"2023-05-12T11:11:23","slug":"featherlite-regen-cover-medium-30-55-ltr","status":"publish","type":"product","link":"https:\/\/travelsafe.nl\/de\/assortiment\/reise-zubehr\/reisetaschen\/rugzak-accessoires-de\/featherlite-regen-cover-medium-30-55-ltr\/","title":{"rendered":"Regenschutz Featherlite \u2013 Mittel \u2013 30-55 Liter"},"content":{"rendered":"<p>Diese ultraleichte Regenh\u00fclle bietet Ihnen optimalen Schutz Ihres Rucksacks vor Regen. Die TravelSafe-Regenh\u00fclle besteht aus hochwertigem, leichtem, silikonbeschichtetem Cordura-Material; wasserdicht und sehr klein zum Aufrollen.<\/p>\n<p>Auch in den Gr\u00f6\u00dfen S (15-30 Liter) und L (&gt; 55 Liter) erh\u00e4ltlich.<\/p>\n<p>TravelSafe bietet eine Gro\u00dfe Auswahl an Schutzh\u00fcllen wie Transporth\u00fcllen, Kombih\u00fcllen, Regenh\u00fcllen und Ponchos. Unverzichtbare Gegenst\u00e4nde f\u00fcr jedes Abenteuer.<\/p>\n<p>Inhalt:\u00a0 \u00a0 \u00a0 30-55 Liter<br \/>\nGewicht:\u00a0 115 g<br \/>\nMaterial:\u00a0 Cordura<br \/>\nFarbe:\u00a0 \u00a0 \u00a0 Azurblau<\/p>\n","protected":false},"excerpt":{"rendered":"<p>Diese ultraleichte Regenh\u00fclle bietet Ihnen optimalen Schutz Ihres Rucksacks vor Regen. Die TravelSafe-Regenh\u00fclle besteht aus hochwertigem, leichtem, silikonbeschichtetem Cordura-Material; wasserdicht und sehr&hellip;<\/p>\n","protected":false},"featured_media":34421,"template":"","meta":{"_acf_changed":false},"product_brand":[],"product_cat":[2364,2561,2609],"product_tag":[],"class_list":{"0":"post-35888","1":"product","2":"type-product","3":"status-publish","4":"has-post-thumbnail","6":"product_cat-reise-zubehr","7":"product_cat-reisetaschen","8":"product_cat-rugzak-accessoires-de","10":"first","11":"instock","12":"purchasable","13":"product-type-simple"},"acf":[],"_links":{"self":[{"href":"https:\/\/travelsafe.nl\/de\/wp-json\/wp\/v2\/product\/35888","targetHints":{"allow":["GET"]}}],"collection":[{"href":"https:\/\/travelsafe.nl\/de\/wp-json\/wp\/v2\/product"}],"about":[{"href":"https:\/\/travelsafe.nl\/de\/wp-json\/wp\/v2\/types\/product"}],"wp:featuredmedia":[{"embeddable":true,"href":"https:\/\/travelsafe.nl\/de\/wp-json\/wp\/v2\/media\/34421"}],"wp:attachment":[{"href":"https:\/\/travelsafe.nl\/de\/wp-json\/wp\/v2\/media?parent=35888"}],"wp:term":[{"taxonomy":"product_brand","embeddable":true,"href":"https:\/\/travelsafe.nl\/de\/wp-json\/wp\/v2\/product_brand?post=35888"},{"taxonomy":"product_cat","embeddable":true,"href":"https:\/\/travelsafe.nl\/de\/wp-json\/wp\/v2\/product_cat?post=35888"},{"taxonomy":"product_tag","embeddable":true,"href":"https:\/\/travelsafe.nl\/de\/wp-json\/wp\/v2\/product_tag?post=35888"}],"curies":[{"name":"wp","href":"https:\/\/api.w.org\/{rel}","templated":true}]}}