{"id":35893,"date":"2019-06-10T23:24:43","date_gmt":"2019-06-10T23:24:43","guid":{"rendered":"http:\/\/travelsafe.nl\/assortiment\/unkategorisiert\/travel-bag-jfk24-60-liter\/"},"modified":"2023-05-12T11:04:12","modified_gmt":"2023-05-12T11:04:12","slug":"travel-bag-jfk24-60-liter","status":"publish","type":"product","link":"https:\/\/travelsafe.nl\/de\/assortiment\/reise-zubehr\/reisetaschen\/trolleys-reisetaschen\/travel-bag-jfk24-60-liter\/","title":{"rendered":"Reisetasche JFK24 &#8211; 60 Liter"},"content":{"rendered":"<p>Gro\u00dfe strapazierf\u00e4hige Reisetasche, ideal f\u00fcr l\u00e4ngere Kultur oder Erlebnisreisen.\u00a0Diese Rolltaschen verbinden den Komfort eines Rollgep\u00e4cks mit dem Stauraum\u00a0eines gro\u00dfen Koffers. Die Taschen sind aus den besten Materialien verfertigt und mit einer hochwertigen Verarbeitung.\u00a0Gro\u00dfes Hauptfach mit Kompressionsklappe und Innen-Netztasche mit Rei\u00dfverschluss.\u00a0Innenseite Deckel hat verschieden Netztasche mit Rei\u00dfverschluss damit Sie\u00a0Bekleidung getrennt voneinander packen k\u00f6nnen.<\/p>\n<p>Gepolsterte Seiten und Kanten, 2\u00a0gro\u00dfe Fronttasche, Tragegriff, h\u00f6henverstellbarer Trolley-Ausziehgriff.\u00a0Im Lieferumfang ist auch einen TravelSafe TSA Lock! (USA \/ Canada)<\/p>\n<p>Abmessungen:\u00a0\u00a0 40 x 20 x 60 cm<br \/>\nInhalt:\u00a0 \u00a0 \u00a0 \u00a0 \u00a0 \u00a0 \u00a0 \u00a0 \u00a0\u00b1 60 Liter<br \/>\nGewicht:\u00a0 \u00a0 \u00a0 \u00a0 \u00a0 \u00a0 \u00a03000 g<br \/>\nMaterial:\u00a0 \u00a0\u00a0 \u00a0 \u00a0 \u00a0\u00a0\u00a0 900D pearl poly pu \u2013 1680D poly pu<br \/>\nFarbe: \u00a0 \u00a0 \u00a0\u00a0 \u00a0 \u00a0 \u00a0 \u00a0 \u00a0Schwarz<\/p>\n","protected":false},"excerpt":{"rendered":"<p>Gro\u00dfe strapazierf\u00e4hige Reisetasche, ideal f\u00fcr l\u00e4ngere Kultur oder Erlebnisreisen.\u00a0Diese Rolltaschen verbinden den Komfort eines Rollgep\u00e4cks mit dem Stauraum\u00a0eines gro\u00dfen Koffers. Die Taschen&hellip;<\/p>\n","protected":false},"featured_media":34494,"template":"","meta":{"_acf_changed":false},"product_brand":[],"product_cat":[2364,2561,2569],"product_tag":[],"class_list":{"0":"post-35893","1":"product","2":"type-product","3":"status-publish","4":"has-post-thumbnail","6":"product_cat-reise-zubehr","7":"product_cat-reisetaschen","8":"product_cat-trolleys-reisetaschen","10":"first","11":"instock","12":"purchasable","13":"product-type-simple"},"acf":[],"_links":{"self":[{"href":"https:\/\/travelsafe.nl\/de\/wp-json\/wp\/v2\/product\/35893","targetHints":{"allow":["GET"]}}],"collection":[{"href":"https:\/\/travelsafe.nl\/de\/wp-json\/wp\/v2\/product"}],"about":[{"href":"https:\/\/travelsafe.nl\/de\/wp-json\/wp\/v2\/types\/product"}],"wp:featuredmedia":[{"embeddable":true,"href":"https:\/\/travelsafe.nl\/de\/wp-json\/wp\/v2\/media\/34494"}],"wp:attachment":[{"href":"https:\/\/travelsafe.nl\/de\/wp-json\/wp\/v2\/media?parent=35893"}],"wp:term":[{"taxonomy":"product_brand","embeddable":true,"href":"https:\/\/travelsafe.nl\/de\/wp-json\/wp\/v2\/product_brand?post=35893"},{"taxonomy":"product_cat","embeddable":true,"href":"https:\/\/travelsafe.nl\/de\/wp-json\/wp\/v2\/product_cat?post=35893"},{"taxonomy":"product_tag","embeddable":true,"href":"https:\/\/travelsafe.nl\/de\/wp-json\/wp\/v2\/product_tag?post=35893"}],"curies":[{"name":"wp","href":"https:\/\/api.w.org\/{rel}","templated":true}]}}