{"id":35894,"date":"2019-06-10T23:24:46","date_gmt":"2019-06-10T23:24:46","guid":{"rendered":"http:\/\/travelsafe.nl\/assortiment\/unkategorisiert\/tourenrucksack-tour-22-mesh-ventilation-schwarz\/"},"modified":"2023-05-12T10:54:37","modified_gmt":"2023-05-12T10:54:37","slug":"tourenrucksack-tour-22-mesh-ventilation-schwarz","status":"publish","type":"product","link":"https:\/\/travelsafe.nl\/de\/assortiment\/reise-zubehr\/reisetaschen\/ruckscke\/tourenrucksack-tour-22-mesh-ventilation-schwarz\/","title":{"rendered":"Tourenrucksack Tour 22 &#8211; Mesh Ventilation &#8211; Schwarz"},"content":{"rendered":"<p>Idealer Tourenrucksack mit allen n\u00fctzlichen Details. Dieser Rucksack ist ideal f\u00fcr Bergtouren oder l\u00e4ngere St\u00e4dtereisen. Der Tour hat 2 F\u00e4cher mit einem verstellbaren Zwischenboden. Die R\u00fcckenpolsterung ist mit einem speziellen Mesh-Bezug zur optimalen Bel\u00fcftung und zur Vermeidung eines nassen R\u00fcckens versehen. Die Schultergurte sind aus OpenFOAM-Material, und der spezielle H\u00fcftgurt bietet viel Tragekomfort w\u00e4hrend l\u00e4ngerer Touren. Sonstige Details: integrierter Regenschutz, Mesh-F\u00e4cher, gro\u00dfes Rei\u00dfverschlussfach an der Vorderseite, Rei\u00dfverschlussfach im Deckel. Auch erh\u00e4ltlich in 28-Liter-Variante.<\/p>\n<p>TravelSafe ist spezialisiert auf funktionelle Leichtgewicht Artikel, die dem Reisenden viel Komfort bieten.<\/p>\n<p>Nach den im letzten Jahr eingef\u00fchrten leichtgewichtigen JFK Travelpacks bietet TravelSafe im kommenden Jahr eine Serie funktioneller R\u00fccks\u00e4cke und Tages-\/Wander-rucks\u00e4cke an. Alle Rucks\u00e4cke bieten viele Extras, wie Regenschutz, R\u00fcckenbel\u00fcftungssystem, viele praktische Rei\u00dfverschlussf\u00e4cher und Trinksystem. Kurzum, f\u00fcr jedes Reiseziel den richtigen Rucksack \u2013 selbstverst\u00e4ndlich aus den besten Materialien.<\/p>\n<p>Abmessungen:\u00a0\u00a0 53 x 22 x 16 cm<br \/>\nInhalt:\u00a0 \u00a0 \u00a0 \u00a0 \u00a0 \u00a0 \u00a0 \u00a0 \u00a0\u00b1 22 Liter<br \/>\nGewicht:\u00a0 \u00a0 \u00a0 \u00a0 \u00a0 \u00a0 \u00a01050 g<br \/>\nMaterial:\u00a0\u00a0 \u00a0 \u00a0 \u00a0 \u00a0\u00a0\u00a0 1000D\/\/PU double line ripstop \u2013 190T poly<br \/>\nFarbe:\u00a0 \u00a0 \u00a0 \u00a0 \u00a0 \u00a0 \u00a0 \u00a0 \u00a0Schwarz<\/p>\n","protected":false},"excerpt":{"rendered":"<p>Idealer Tourenrucksack mit allen n\u00fctzlichen Details. Dieser Rucksack ist ideal f\u00fcr Bergtouren oder l\u00e4ngere St\u00e4dtereisen. Der Tour hat 2 F\u00e4cher mit einem&hellip;<\/p>\n","protected":false},"featured_media":34515,"template":"","meta":{"_acf_changed":false},"product_brand":[],"product_cat":[2364,2561,2570],"product_tag":[],"class_list":{"0":"post-35894","1":"product","2":"type-product","3":"status-publish","4":"has-post-thumbnail","6":"product_cat-reise-zubehr","7":"product_cat-reisetaschen","8":"product_cat-ruckscke","10":"first","11":"instock","12":"purchasable","13":"product-type-simple"},"acf":[],"_links":{"self":[{"href":"https:\/\/travelsafe.nl\/de\/wp-json\/wp\/v2\/product\/35894","targetHints":{"allow":["GET"]}}],"collection":[{"href":"https:\/\/travelsafe.nl\/de\/wp-json\/wp\/v2\/product"}],"about":[{"href":"https:\/\/travelsafe.nl\/de\/wp-json\/wp\/v2\/types\/product"}],"wp:featuredmedia":[{"embeddable":true,"href":"https:\/\/travelsafe.nl\/de\/wp-json\/wp\/v2\/media\/34515"}],"wp:attachment":[{"href":"https:\/\/travelsafe.nl\/de\/wp-json\/wp\/v2\/media?parent=35894"}],"wp:term":[{"taxonomy":"product_brand","embeddable":true,"href":"https:\/\/travelsafe.nl\/de\/wp-json\/wp\/v2\/product_brand?post=35894"},{"taxonomy":"product_cat","embeddable":true,"href":"https:\/\/travelsafe.nl\/de\/wp-json\/wp\/v2\/product_cat?post=35894"},{"taxonomy":"product_tag","embeddable":true,"href":"https:\/\/travelsafe.nl\/de\/wp-json\/wp\/v2\/product_tag?post=35894"}],"curies":[{"name":"wp","href":"https:\/\/api.w.org\/{rel}","templated":true}]}}