{"id":35901,"date":"2019-06-10T23:24:52","date_gmt":"2019-06-10T23:24:52","guid":{"rendered":"http:\/\/travelsafe.nl\/assortiment\/unkategorisiert\/trekking-rucksack-escape-65-schwarz\/"},"modified":"2023-05-12T10:53:42","modified_gmt":"2023-05-12T10:53:42","slug":"trekking-rucksack-escape-65-schwarz","status":"publish","type":"product","link":"https:\/\/travelsafe.nl\/de\/assortiment\/reise-zubehr\/reisetaschen\/ruckscke\/trekking-rucksack-escape-65-schwarz\/","title":{"rendered":"Trekking Rucksack Escape &#8211; 65 Liter"},"content":{"rendered":"<p>Idealer Tekking- oder Interrail-Rucksack aus robustem Material. Die Schultergurte in\u00a0S-Form haben einen 3D-AirMesh-Bezug; sie sind auch in der H\u00f6he verstellbar, so\u00a0dass der Rucksack beinahe auf jede R\u00fcckenl\u00e4nge angepasst werden kann. Der stark\u00a0gepolsterte H\u00fcftgurt mit 3D-AirMesh-Bezug bietet viel Tragekomfort. Der Escape\u00a0bietet 2 seitliche Rei\u00dfverschlusstaschen und 2 F\u00e4cher mit verstellbarem Zwischenboden. Der Deckel ist h\u00f6henverstellbar und weist ein getrenntes Dokumentefach auf.\u00a0Sonstige Details: getrennte Rei\u00dfversschlussf\u00e4cher zur Aufbewahrung Ihrer Reisedokumente,\u00a0integrierter Regenschutz, Trinksystem vorbereitet, Mesh-Taschen, Kompressionsgurte\u00a0zum Festzurren des Gep\u00e4cks, usw. Auch in einer kleineren Version von 55 Litern erh\u00e4ltlich.<\/p>\n<p>TravelSafe ist spezialisiert auf funktionelle Leichtgewicht Artikel, die dem Reisenden viel Komfort bieten. Nach den im letzten Jahr eingef\u00fchrten leichtgewichtigen JFK Travelpacks bietet TravelSafe im kommenden Jahr eine Serie funktioneller R\u00fccks\u00e4cke und Tages-\/Wander-rucks\u00e4cke an. Alle Rucks\u00e4cke bieten viele Extras, wie Regenschutz, R\u00fcckenbel\u00fcftungssystem, viele praktische Rei\u00dfverschlussf\u00e4cher und Trinksystem. Kurzum, f\u00fcr jedes Reiseziel den richtigen Rucksack \u2013 selbstverst\u00e4ndlich aus den besten Materialien.<\/p>\n<p>Abmessungen:\u00a0\u00a0 80 x 38 x 30 cm<br \/>\nInhalt:\u00a0 \u00a0 \u00a0 \u00a0 \u00a0 \u00a0 \u00a0 \u00a0 \u00a0\u00b1 65 Liter<br \/>\nGewicht:\u00a0 \u00a0 \u00a0 \u00a0 \u00a0 \u00a0 \u00a02100 g<br \/>\nMaterial:\u00a0\u00a0 \u00a0 \u00a0 \u00a0 \u00a0\u00a0\u00a0 1000D\/PU cordura &#8211; 300D\/PU ripstop<br \/>\nFarbe : \u00a0\u00a0\u00a0\u00a0\u00a0\u00a0\u00a0\u00a0\u00a0\u00a0 \u00a0\u00a0\u00a0\u00a0Schwarz<\/p>\n","protected":false},"excerpt":{"rendered":"<p>Idealer Tekking- oder Interrail-Rucksack aus robustem Material. Die Schultergurte in\u00a0S-Form haben einen 3D-AirMesh-Bezug; sie sind auch in der H\u00f6he verstellbar, so\u00a0dass der&hellip;<\/p>\n","protected":false},"featured_media":34610,"template":"","meta":{"_acf_changed":false},"product_brand":[],"product_cat":[2364,2561,2570],"product_tag":[],"class_list":{"0":"post-35901","1":"product","2":"type-product","3":"status-publish","4":"has-post-thumbnail","6":"product_cat-reise-zubehr","7":"product_cat-reisetaschen","8":"product_cat-ruckscke","10":"first","11":"instock","12":"purchasable","13":"product-type-simple"},"acf":[],"_links":{"self":[{"href":"https:\/\/travelsafe.nl\/de\/wp-json\/wp\/v2\/product\/35901","targetHints":{"allow":["GET"]}}],"collection":[{"href":"https:\/\/travelsafe.nl\/de\/wp-json\/wp\/v2\/product"}],"about":[{"href":"https:\/\/travelsafe.nl\/de\/wp-json\/wp\/v2\/types\/product"}],"wp:featuredmedia":[{"embeddable":true,"href":"https:\/\/travelsafe.nl\/de\/wp-json\/wp\/v2\/media\/34610"}],"wp:attachment":[{"href":"https:\/\/travelsafe.nl\/de\/wp-json\/wp\/v2\/media?parent=35901"}],"wp:term":[{"taxonomy":"product_brand","embeddable":true,"href":"https:\/\/travelsafe.nl\/de\/wp-json\/wp\/v2\/product_brand?post=35901"},{"taxonomy":"product_cat","embeddable":true,"href":"https:\/\/travelsafe.nl\/de\/wp-json\/wp\/v2\/product_cat?post=35901"},{"taxonomy":"product_tag","embeddable":true,"href":"https:\/\/travelsafe.nl\/de\/wp-json\/wp\/v2\/product_tag?post=35901"}],"curies":[{"name":"wp","href":"https:\/\/api.w.org\/{rel}","templated":true}]}}