{"id":35905,"date":"2019-06-10T23:24:54","date_gmt":"2019-06-10T23:24:54","guid":{"rendered":"http:\/\/travelsafe.nl\/assortiment\/unkategorisiert\/duffle-bag-nepal-large\/"},"modified":"2023-05-12T11:09:33","modified_gmt":"2023-05-12T11:09:33","slug":"duffle-bag-nepal-large","status":"publish","type":"product","link":"https:\/\/travelsafe.nl\/de\/assortiment\/reise-zubehr\/reisetaschen\/duffle-bag-reisetaschen\/duffle-bag-nepal-large\/","title":{"rendered":"Duffle Bag Nepal \u2013 Reisetasche &#8211; Gro\u00df"},"content":{"rendered":"<p>Die Nepal Reisetasche sind von einen strapazierf\u00e4higem und pflegeleichtem Tarpaulin hergestellt. F\u00fcr den Boden der Reisetasche, der zum Schutz des Inhalts gepolstert ist, kommt abriebfestes Material zum Einsatz und der Boden au\u00dfen ist von einen starken 600D Polyester. Damit sich die Tasche gut transportieren l\u00e4sst, ist sie mit Rucksack-Tragegurten ausgestattet. Die Tasche ist mit einer gro\u00dfen \u00d6ffnung versehen, um das Packen zu erleichtern, unter dem Deckel befindet sich eine flache Netztasche mit Rei\u00dfverschluss, kleinere Utensilien lassen sich in zwei Einsteckf\u00e4chern verstauen.<\/p>\n<p>Diese tolle Reisetasche ist auch in den Gr\u00f6\u00dfen M-65 Liter (TS2501) und XL-110 Liter (TS2511) erh\u00e4ltlich.<\/p>\n<p>TravelSafe ist spezialisiert auf funktionelle Leichtgewicht Artikel, die dem Reisenden viel Komfort bieten.<\/p>\n<p>Abmessungen:\u00a0\u00a0 70 x \u00f8 40 cm<br \/>\nInhalt:\u00a0 \u00a0 \u00a0 \u00a0 \u00a0 \u00a0 \u00a0 \u00a0 \u00a085 Liter<br \/>\nGewicht:\u00a0 \u00a0 \u00a0 \u00a0 \u00a0 \u00a0 \u00a0\u00b1 1,7 kg<br \/>\nMaterial:\u00a0\u00a0 \u00a0 \u00a0 \u00a0\u00a0 \u00a0\u00a0Tarpaulin<br \/>\nFarbe: \u00a0\u00a0\u00a0\u00a0\u00a0\u00a0\u00a0\u00a0\u00a0\u00a0\u00a0\u00a0\u00a0\u00a0\u00a0Schwarz<\/p>\n","protected":false},"excerpt":{"rendered":"<p>Die Nepal Reisetasche sind von einen strapazierf\u00e4higem und pflegeleichtem Tarpaulin hergestellt. F\u00fcr den Boden der Reisetasche, der zum Schutz des Inhalts gepolstert&hellip;<\/p>\n","protected":false},"featured_media":34714,"template":"","meta":{"_acf_changed":false},"product_brand":[],"product_cat":[2572,2364,2561],"product_tag":[],"class_list":{"0":"post-35905","1":"product","2":"type-product","3":"status-publish","4":"has-post-thumbnail","6":"product_cat-duffle-bag-reisetaschen","7":"product_cat-reise-zubehr","8":"product_cat-reisetaschen","10":"first","11":"instock","12":"purchasable","13":"product-type-simple"},"acf":[],"_links":{"self":[{"href":"https:\/\/travelsafe.nl\/de\/wp-json\/wp\/v2\/product\/35905","targetHints":{"allow":["GET"]}}],"collection":[{"href":"https:\/\/travelsafe.nl\/de\/wp-json\/wp\/v2\/product"}],"about":[{"href":"https:\/\/travelsafe.nl\/de\/wp-json\/wp\/v2\/types\/product"}],"wp:featuredmedia":[{"embeddable":true,"href":"https:\/\/travelsafe.nl\/de\/wp-json\/wp\/v2\/media\/34714"}],"wp:attachment":[{"href":"https:\/\/travelsafe.nl\/de\/wp-json\/wp\/v2\/media?parent=35905"}],"wp:term":[{"taxonomy":"product_brand","embeddable":true,"href":"https:\/\/travelsafe.nl\/de\/wp-json\/wp\/v2\/product_brand?post=35905"},{"taxonomy":"product_cat","embeddable":true,"href":"https:\/\/travelsafe.nl\/de\/wp-json\/wp\/v2\/product_cat?post=35905"},{"taxonomy":"product_tag","embeddable":true,"href":"https:\/\/travelsafe.nl\/de\/wp-json\/wp\/v2\/product_tag?post=35905"}],"curies":[{"name":"wp","href":"https:\/\/api.w.org\/{rel}","templated":true}]}}