{"id":35906,"date":"2019-06-10T23:24:59","date_gmt":"2019-06-10T23:24:59","guid":{"rendered":"http:\/\/travelsafe.nl\/assortiment\/unkategorisiert\/duffle-bag-nepal-xl\/"},"modified":"2023-05-12T10:27:07","modified_gmt":"2023-05-12T10:27:07","slug":"duffle-bag-nepal-xl","status":"publish","type":"product","link":"https:\/\/travelsafe.nl\/de\/assortiment\/reise-zubehr\/reisetaschen\/duffle-bag-reisetaschen\/duffle-bag-nepal-xl\/","title":{"rendered":"Duffle Bag Nepal \u2013 Reisetasche \u2013 XL"},"content":{"rendered":"<p>Die Nepal Reisetasche sind von einen strapazierf\u00e4higem und pflegeleichtem Tarpaulin hergestellt. F\u00fcr den Boden der Reisetasche, der zum Schutz des Inhalts gepolstert ist, kommt abriebfestes Material zum Einsatz und der Boden au\u00dfen ist von einen starken 600D Polyester. Damit sich die Tasche gut transportieren l\u00e4sst, ist sie mit Rucksack-Tragegurten ausgestattet. Die Tasche ist mit einer gro\u00dfen \u00d6ffnung versehen, um das Packen zu erleichtern, unter dem Deckel befindet sich eine flache Netztasche mit Rei\u00dfverschluss, kleinere Utensilien lassen sich in zwei Einsteckf\u00e4chern verstauen.<\/p>\n<p>Diese tolle Reisetasche ist auch in den Gr\u00f6\u00dfen M-65 Liter (TS2501) und L-85 Liter (TS2506) erh\u00e4ltlich.<\/p>\n<p>TravelSafe ist spezialisiert auf funktionelle Leichtgewicht Artikel, die dem Reisenden viel Komfort bieten.<\/p>\n<p>Abmessungen:\u00a0\u00a0 80 x \u00f8 50 cm<br \/>\nInhalt:\u00a0 \u00a0 \u00a0 \u00a0 \u00a0 \u00a0 \u00a0 \u00a0 \u00a0110 Liter<br \/>\nGewicht:\u00a0 \u00a0 \u00a0 \u00a0 \u00a0 \u00a0 \u00a0\u00b1 2,3 kg<br \/>\nMaterial:\u00a0\u00a0 \u00a0 \u00a0 \u00a0\u00a0 \u00a0\u00a0\u00a0Tarpaulin<br \/>\nFarbe: \u00a0\u00a0\u00a0\u00a0\u00a0\u00a0\u00a0\u00a0\u00a0\u00a0\u00a0\u00a0\u00a0\u00a0\u00a0 \u00a0Schwarz<\/p>\n","protected":false},"excerpt":{"rendered":"<p>Die Nepal Reisetasche sind von einen strapazierf\u00e4higem und pflegeleichtem Tarpaulin hergestellt. F\u00fcr den Boden der Reisetasche, der zum Schutz des Inhalts gepolstert&hellip;<\/p>\n","protected":false},"featured_media":34723,"template":"","meta":{"_acf_changed":false},"product_brand":[],"product_cat":[2572,2561],"product_tag":[],"class_list":{"0":"post-35906","1":"product","2":"type-product","3":"status-publish","4":"has-post-thumbnail","6":"product_cat-duffle-bag-reisetaschen","7":"product_cat-reisetaschen","9":"first","10":"instock","11":"purchasable","12":"product-type-simple"},"acf":[],"_links":{"self":[{"href":"https:\/\/travelsafe.nl\/de\/wp-json\/wp\/v2\/product\/35906","targetHints":{"allow":["GET"]}}],"collection":[{"href":"https:\/\/travelsafe.nl\/de\/wp-json\/wp\/v2\/product"}],"about":[{"href":"https:\/\/travelsafe.nl\/de\/wp-json\/wp\/v2\/types\/product"}],"wp:featuredmedia":[{"embeddable":true,"href":"https:\/\/travelsafe.nl\/de\/wp-json\/wp\/v2\/media\/34723"}],"wp:attachment":[{"href":"https:\/\/travelsafe.nl\/de\/wp-json\/wp\/v2\/media?parent=35906"}],"wp:term":[{"taxonomy":"product_brand","embeddable":true,"href":"https:\/\/travelsafe.nl\/de\/wp-json\/wp\/v2\/product_brand?post=35906"},{"taxonomy":"product_cat","embeddable":true,"href":"https:\/\/travelsafe.nl\/de\/wp-json\/wp\/v2\/product_cat?post=35906"},{"taxonomy":"product_tag","embeddable":true,"href":"https:\/\/travelsafe.nl\/de\/wp-json\/wp\/v2\/product_tag?post=35906"}],"curies":[{"name":"wp","href":"https:\/\/api.w.org\/{rel}","templated":true}]}}