{"id":35907,"date":"2019-06-10T23:24:59","date_gmt":"2019-06-10T23:24:59","guid":{"rendered":"http:\/\/travelsafe.nl\/assortiment\/unkategorisiert\/handtuch-mini-towel-klein-40cm-40cm-blau\/"},"modified":"2023-05-12T10:14:07","modified_gmt":"2023-05-12T10:14:07","slug":"handtuch-mini-towel-klein-40cm-40cm-blau","status":"publish","type":"product","link":"https:\/\/travelsafe.nl\/de\/assortiment\/reise-zubehr\/reisetcher\/handtuch-mini-towel-klein-40cm-40cm-blau\/","title":{"rendered":"Mikrofaser Mini Handtuch &#8211; Blau"},"content":{"rendered":"<p>Dieses Mini-Handtuch ist ultraleicht (einschlie\u00dflich Clip, 24 Gramm) und kompakt und eignet sich bei diversen Outdoor-Aktivit\u00e4ten ideal zur Befestigung an Rucksack, Hose oder Jacke. Dieses kleine Handtuch besteht aus ultrad\u00fcnnen Mikrofasern und ist deshalb saugf\u00e4hig und trocknend schnell. Da die Handt\u00fccher schnell trocknen, ist es weniger wahrscheinlich, dass Bakterien wachsen.<\/p>\n<p>Auch in den Farben Orange und Gr\u00fcn erh\u00e4ltlich.<\/p>\n<p>Reise-Handt\u00fccher sind ideal zum Camping, Rucksackreisen und allen sportlichen Aktivit\u00e4ten. Super saugf\u00e4hig, leicht und aus ultrafeinen Fasern. Dem Handtuche kann bis zum 6-fachen seines Gewichts an Wasser aufnehmen. Sehr kleines Packvolumen, super leicht und weich, sehr saugf\u00e4hig und schnell trocknend.<\/p>\n<p>Abmessungen:\u00a040 x 40 cm<br \/>\nGewicht:\u00a0 \u00a0 \u00a0 \u00a0 \u00a0 \u00a024 g<br \/>\nMaterial:\u00a0\u00a0 \u00a0 \u00a0 \u00a0\u00a0 \u00a080% Polyester \u2013 20% Polyamid<br \/>\nFarbe: \u00a0\u00a0\u00a0\u00a0\u00a0\u00a0\u00a0\u00a0\u00a0\u00a0\u00a0\u00a0\u00a0\u00a0 Blau<\/p>\n","protected":false},"excerpt":{"rendered":"<p>Dieses Mini-Handtuch ist ultraleicht (einschlie\u00dflich Clip, 24 Gramm) und kompakt und eignet sich bei diversen Outdoor-Aktivit\u00e4ten ideal zur Befestigung an Rucksack, Hose&hellip;<\/p>\n","protected":false},"featured_media":34739,"template":"","meta":{"_acf_changed":false},"product_brand":[],"product_cat":[2364,2574],"product_tag":[],"class_list":{"0":"post-35907","1":"product","2":"type-product","3":"status-publish","4":"has-post-thumbnail","6":"product_cat-reise-zubehr","7":"product_cat-reisetcher","9":"first","10":"onbackorder","11":"purchasable","12":"product-type-simple"},"acf":[],"_links":{"self":[{"href":"https:\/\/travelsafe.nl\/de\/wp-json\/wp\/v2\/product\/35907","targetHints":{"allow":["GET"]}}],"collection":[{"href":"https:\/\/travelsafe.nl\/de\/wp-json\/wp\/v2\/product"}],"about":[{"href":"https:\/\/travelsafe.nl\/de\/wp-json\/wp\/v2\/types\/product"}],"wp:featuredmedia":[{"embeddable":true,"href":"https:\/\/travelsafe.nl\/de\/wp-json\/wp\/v2\/media\/34739"}],"wp:attachment":[{"href":"https:\/\/travelsafe.nl\/de\/wp-json\/wp\/v2\/media?parent=35907"}],"wp:term":[{"taxonomy":"product_brand","embeddable":true,"href":"https:\/\/travelsafe.nl\/de\/wp-json\/wp\/v2\/product_brand?post=35907"},{"taxonomy":"product_cat","embeddable":true,"href":"https:\/\/travelsafe.nl\/de\/wp-json\/wp\/v2\/product_cat?post=35907"},{"taxonomy":"product_tag","embeddable":true,"href":"https:\/\/travelsafe.nl\/de\/wp-json\/wp\/v2\/product_tag?post=35907"}],"curies":[{"name":"wp","href":"https:\/\/api.w.org\/{rel}","templated":true}]}}