{"id":35915,"date":"2019-06-10T23:25:07","date_gmt":"2019-06-10T23:25:07","guid":{"rendered":"http:\/\/travelsafe.nl\/assortiment\/unkategorisiert\/reisehandtuch-mikrofaser-s-60x120cm-lila\/"},"modified":"2023-05-12T10:08:03","modified_gmt":"2023-05-12T10:08:03","slug":"reisehandtuch-mikrofaser-s-60x120cm-lila","status":"publish","type":"product","link":"https:\/\/travelsafe.nl\/de\/assortiment\/reise-zubehr\/reisetcher\/reisehandtuch-mikrofaser-s-60x120cm-lila\/","title":{"rendered":"Mikrofaser Reisehandtuch S &#8211; Lila"},"content":{"rendered":"<p>Das neue Microfiber Travel Towel ist in mehreren Gr\u00f6\u00dfen und neuen Farben erh\u00e4ltlich! Diese Reisehandt\u00fccher eignen sich ideal f\u00fcr den Campingplatz sowie f\u00fcr Trekkingtouren und alle anderen Sportaktivit\u00e4ten. Extrem absorbierend, leicht und aus ultrafeinen Fasern hergestellt. Kann bis zum Sechsfachen seines Eigengewichts an Wasser absorbieren und trocknet au\u00dferdem sehr schnell. Da das Handtuch schnell trocknet, wird das Bakterienwachstum gehemmt. Die Handt\u00fccher sind praktisch und kompakt verpackt und haben eine praktische Befestigungsschlaufe.<\/p>\n<p>Verf\u00fcgbare Farben: blau, gr\u00fcn, lila, grau<\/p>\n<p>Verf\u00fcgbare Gr\u00f6\u00dfen: XS \u2013 80&#215;40 cm \/ S &#8211; 60\u00d7120 cm \/ M &#8211; 70\u00d7135 cm \/ L- 85\u00d7150 cm<\/p>\n<p>Reise-Handt\u00fccher sind ideal zum Camping, Rucksackreisen und allen sportlichen Aktivit\u00e4ten. Super saugf\u00e4hig, leicht und aus ultrafeinen Fasern. Dem Handtuche kann bis zum 6-fachen seines Gewichts an Wasser aufnehmen. Sehr kleines Packvolumen, super leicht und weich, sehr saugf\u00e4hig und schnell trocknend.<\/p>\n<p>Abmessungen:\u00a0120 x 60 cm<br \/>\nGewicht:\u00a0 \u00a0 \u00a0 \u00a0 \u00a0 160 g<br \/>\nMaterial:\u00a0\u00a0 \u00a0 \u00a0 \u00a0\u00a0 80% Polyester \u2013 20% Polyamid<br \/>\nFarbe: \u00a0\u00a0\u00a0\u00a0\u00a0\u00a0\u00a0\u00a0\u00a0\u00a0\u00a0\u00a0\u00a0\u00a0Lila<\/p>\n","protected":false},"excerpt":{"rendered":"<p>Das neue Microfiber Travel Towel ist in mehreren Gr\u00f6\u00dfen und neuen Farben erh\u00e4ltlich! Diese Reisehandt\u00fccher eignen sich ideal f\u00fcr den Campingplatz sowie&hellip;<\/p>\n","protected":false},"featured_media":36357,"template":"","meta":{"_acf_changed":false},"product_brand":[],"product_cat":[2364,2574],"product_tag":[],"class_list":{"0":"post-35915","1":"product","2":"type-product","3":"status-publish","4":"has-post-thumbnail","6":"product_cat-reise-zubehr","7":"product_cat-reisetcher","9":"first","10":"instock","11":"purchasable","12":"product-type-simple"},"acf":[],"_links":{"self":[{"href":"https:\/\/travelsafe.nl\/de\/wp-json\/wp\/v2\/product\/35915","targetHints":{"allow":["GET"]}}],"collection":[{"href":"https:\/\/travelsafe.nl\/de\/wp-json\/wp\/v2\/product"}],"about":[{"href":"https:\/\/travelsafe.nl\/de\/wp-json\/wp\/v2\/types\/product"}],"wp:featuredmedia":[{"embeddable":true,"href":"https:\/\/travelsafe.nl\/de\/wp-json\/wp\/v2\/media\/36357"}],"wp:attachment":[{"href":"https:\/\/travelsafe.nl\/de\/wp-json\/wp\/v2\/media?parent=35915"}],"wp:term":[{"taxonomy":"product_brand","embeddable":true,"href":"https:\/\/travelsafe.nl\/de\/wp-json\/wp\/v2\/product_brand?post=35915"},{"taxonomy":"product_cat","embeddable":true,"href":"https:\/\/travelsafe.nl\/de\/wp-json\/wp\/v2\/product_cat?post=35915"},{"taxonomy":"product_tag","embeddable":true,"href":"https:\/\/travelsafe.nl\/de\/wp-json\/wp\/v2\/product_tag?post=35915"}],"curies":[{"name":"wp","href":"https:\/\/api.w.org\/{rel}","templated":true}]}}