{"id":35924,"date":"2019-06-10T23:25:15","date_gmt":"2019-06-10T23:25:15","guid":{"rendered":"http:\/\/travelsafe.nl\/assortiment\/unkategorisiert\/terry-reisehandtuch-extra-large-150x85cm-blau\/"},"modified":"2023-05-12T10:13:08","modified_gmt":"2023-05-12T10:13:08","slug":"terry-reisehandtuch-extra-large-150x85cm-blau","status":"publish","type":"product","link":"https:\/\/travelsafe.nl\/de\/assortiment\/reise-zubehr\/reisetcher\/terry-reisehandtuch-extra-large-150x85cm-blau\/","title":{"rendered":"Mikrofaser Terry Handtuch XL \u2013 Grau\/Gr\u00fcn"},"content":{"rendered":"<p>Dieser besonders weiche, angenehme Stoff ist, wie die \u00fcbrigen Reiset\u00fccher von TravelSafe sehr saugf\u00e4hig. Durch die Mikrofaser ist das Handtuch sehr klein zum Falten und auf Reisen leicht mitzunehmen.<\/p>\n<p>Verf\u00fcgbare Farben: grau mit gr\u00fcnem Biese oder grau mit Orange Biese.<\/p>\n<p>Verf\u00fcgbare Gr\u00f6\u00dfen: L- 135\u00d770 cm \/ XL-150&#215;85 cm<\/p>\n<p>Reise-Handt\u00fccher sind ideal zum Camping, Rucksackreisen und allen sportlichen Aktivit\u00e4ten. Super saugf\u00e4hig, leicht und aus ultrafeinen Fasern. Dem Handtuche kann bis zum 6-fachen seines Gewichts an Wasser aufnehmen. Sehr kleines Packvolumen, super leicht und weich, sehr saugf\u00e4hig und schnell trocknend.<\/p>\n<p>Abmessungen:\u00a0150 x 85 cm<br \/>\nGewicht:\u00a0 \u00a0 \u00a0 \u00a0 \u00a0 \u00a0365 g<br \/>\nMaterial:\u00a0 \u00a0 \u00a0 \u00a0 \u00a0 \u00a080% Polyester \u2013 20% Polyamid<br \/>\nFarbe: \u00a0\u00a0\u00a0\u00a0\u00a0\u00a0\u00a0\u00a0\u00a0\u00a0\u00a0\u00a0\u00a0\u00a0Grau\/gr\u00fcn<\/p>\n","protected":false},"excerpt":{"rendered":"<p>Dieser besonders weiche, angenehme Stoff ist, wie die \u00fcbrigen Reiset\u00fccher von TravelSafe sehr saugf\u00e4hig. Durch die Mikrofaser ist das Handtuch sehr klein&hellip;<\/p>\n","protected":false},"featured_media":36273,"template":"","meta":{"_acf_changed":false},"product_brand":[],"product_cat":[2364,2574],"product_tag":[],"class_list":{"0":"post-35924","1":"product","2":"type-product","3":"status-publish","4":"has-post-thumbnail","6":"product_cat-reise-zubehr","7":"product_cat-reisetcher","9":"first","10":"instock","11":"purchasable","12":"product-type-simple"},"acf":[],"_links":{"self":[{"href":"https:\/\/travelsafe.nl\/de\/wp-json\/wp\/v2\/product\/35924","targetHints":{"allow":["GET"]}}],"collection":[{"href":"https:\/\/travelsafe.nl\/de\/wp-json\/wp\/v2\/product"}],"about":[{"href":"https:\/\/travelsafe.nl\/de\/wp-json\/wp\/v2\/types\/product"}],"wp:featuredmedia":[{"embeddable":true,"href":"https:\/\/travelsafe.nl\/de\/wp-json\/wp\/v2\/media\/36273"}],"wp:attachment":[{"href":"https:\/\/travelsafe.nl\/de\/wp-json\/wp\/v2\/media?parent=35924"}],"wp:term":[{"taxonomy":"product_brand","embeddable":true,"href":"https:\/\/travelsafe.nl\/de\/wp-json\/wp\/v2\/product_brand?post=35924"},{"taxonomy":"product_cat","embeddable":true,"href":"https:\/\/travelsafe.nl\/de\/wp-json\/wp\/v2\/product_cat?post=35924"},{"taxonomy":"product_tag","embeddable":true,"href":"https:\/\/travelsafe.nl\/de\/wp-json\/wp\/v2\/product_tag?post=35924"}],"curies":[{"name":"wp","href":"https:\/\/api.w.org\/{rel}","templated":true}]}}