{"id":35926,"date":"2019-06-10T23:25:15","date_gmt":"2019-06-10T23:25:15","guid":{"rendered":"http:\/\/travelsafe.nl\/assortiment\/unkategorisiert\/mundschutzmasken\/"},"modified":"2023-05-12T07:26:23","modified_gmt":"2023-05-12T07:26:23","slug":"mundschutzmasken","status":"publish","type":"product","link":"https:\/\/travelsafe.nl\/de\/assortiment\/reise-zubehr\/gesundheit-reise-zubehr\/briges-gesundheit-reise-zubehr\/mundschutzmasken\/","title":{"rendered":"Mundschutzmasken"},"content":{"rendered":"<p>Diese FFP2-Mundschutzmasken sind wie ein Entenschnabel geformt. Sie schlie\u00dfen somit perfekt an das Gesicht an und lassen sich bequem tragen. FFP2 steht f\u00fcr die Qualit\u00e4t des Mund-schutzes und bedeutet, dass der Filter dieses Mundschutzes auch die allerfeinsten Partikel auff\u00e4ngt. Diese FFP2- Mundschutzmasken von TravelSafe sind mit dem CE-G\u00fctezeichen versehen und erf\u00fcllen alle Anforderungen.<\/p>\n<p>Lieferung pro 10 St\u00fcck in einer Box! Pro Maske \u20ac 4,99<\/p>\n","protected":false},"excerpt":{"rendered":"<p>Diese FFP2-Mundschutzmasken sind wie ein Entenschnabel geformt. Sie schlie\u00dfen somit perfekt an das Gesicht an und lassen sich bequem tragen. FFP2 steht&hellip;<\/p>\n","protected":false},"featured_media":38007,"template":"","meta":{"_acf_changed":false},"product_brand":[],"product_cat":[2522,2516,2294,2364],"product_tag":[],"class_list":{"0":"post-35926","1":"product","2":"type-product","3":"status-publish","4":"has-post-thumbnail","6":"product_cat-briges-gesundheit-reise-zubehr","7":"product_cat-gesundheit-reise-zubehr","8":"product_cat-gezondheid-reisbenodigdheden","9":"product_cat-reise-zubehr","11":"first","12":"instock","13":"purchasable","14":"product-type-simple"},"acf":[],"_links":{"self":[{"href":"https:\/\/travelsafe.nl\/de\/wp-json\/wp\/v2\/product\/35926","targetHints":{"allow":["GET"]}}],"collection":[{"href":"https:\/\/travelsafe.nl\/de\/wp-json\/wp\/v2\/product"}],"about":[{"href":"https:\/\/travelsafe.nl\/de\/wp-json\/wp\/v2\/types\/product"}],"wp:featuredmedia":[{"embeddable":true,"href":"https:\/\/travelsafe.nl\/de\/wp-json\/wp\/v2\/media\/38007"}],"wp:attachment":[{"href":"https:\/\/travelsafe.nl\/de\/wp-json\/wp\/v2\/media?parent=35926"}],"wp:term":[{"taxonomy":"product_brand","embeddable":true,"href":"https:\/\/travelsafe.nl\/de\/wp-json\/wp\/v2\/product_brand?post=35926"},{"taxonomy":"product_cat","embeddable":true,"href":"https:\/\/travelsafe.nl\/de\/wp-json\/wp\/v2\/product_cat?post=35926"},{"taxonomy":"product_tag","embeddable":true,"href":"https:\/\/travelsafe.nl\/de\/wp-json\/wp\/v2\/product_tag?post=35926"}],"curies":[{"name":"wp","href":"https:\/\/api.w.org\/{rel}","templated":true}]}}