{"id":35927,"date":"2019-06-10T23:25:17","date_gmt":"2019-06-10T23:25:17","guid":{"rendered":"http:\/\/travelsafe.nl\/assortiment\/unkategorisiert\/nackenkissen-grau-aufblasbar\/"},"modified":"2023-05-12T11:30:23","modified_gmt":"2023-05-12T11:30:23","slug":"nackenkissen-grau-aufblasbar","status":"publish","type":"product","link":"https:\/\/travelsafe.nl\/de\/assortiment\/reise-zubehr\/reisezubehr-reise-zubehr\/nackenkissen\/nackenkissen-grau-aufblasbar\/","title":{"rendered":"Aufblasbares Nackenkissen mit Kopfst\u00fctze"},"content":{"rendered":"<p>Aufblasbares kompaktes Reisekissen mit Kopfst\u00fctze. Zu gebrauchen bei Ihren Reisen mit Bus, Auto, Zug oder Flugzeug, und als zus\u00e4tzliches Kissen an Ihrem Urlaubsort!<\/p>\n<p>Abmessungen: 28 x 42 cm<br \/>\nGewicht:\u00a0 \u00a0 \u00a0 \u00a0 \u00a0 \u00a069 g<br \/>\nMaterial:\u00a0 \u00a0 \u00a0 \u00a0 \u00a0 \u00a0Beflocktes PVC<br \/>\nFarbe:\u00a0 \u00a0 \u00a0 \u00a0 \u00a0 \u00a0 \u00a0 Grau<\/p>\n","protected":false},"excerpt":{"rendered":"<p>Aufblasbares kompaktes Reisekissen mit Kopfst\u00fctze. Zu gebrauchen bei Ihren Reisen mit Bus, Auto, Zug oder Flugzeug, und als zus\u00e4tzliches Kissen an Ihrem&hellip;<\/p>\n","protected":false},"featured_media":34988,"template":"","meta":{"_acf_changed":false},"product_brand":[],"product_cat":[2556,2337,2364,2296,2518],"product_tag":[],"class_list":{"0":"post-35927","1":"product","2":"type-product","3":"status-publish","4":"has-post-thumbnail","6":"product_cat-nackenkissen","7":"product_cat-nekkussens","8":"product_cat-reise-zubehr","9":"product_cat-reis-accessoires-reisbenodigdheden","10":"product_cat-reisezubehr-reise-zubehr","12":"first","13":"instock","14":"purchasable","15":"product-type-simple"},"acf":[],"_links":{"self":[{"href":"https:\/\/travelsafe.nl\/de\/wp-json\/wp\/v2\/product\/35927","targetHints":{"allow":["GET"]}}],"collection":[{"href":"https:\/\/travelsafe.nl\/de\/wp-json\/wp\/v2\/product"}],"about":[{"href":"https:\/\/travelsafe.nl\/de\/wp-json\/wp\/v2\/types\/product"}],"wp:featuredmedia":[{"embeddable":true,"href":"https:\/\/travelsafe.nl\/de\/wp-json\/wp\/v2\/media\/34988"}],"wp:attachment":[{"href":"https:\/\/travelsafe.nl\/de\/wp-json\/wp\/v2\/media?parent=35927"}],"wp:term":[{"taxonomy":"product_brand","embeddable":true,"href":"https:\/\/travelsafe.nl\/de\/wp-json\/wp\/v2\/product_brand?post=35927"},{"taxonomy":"product_cat","embeddable":true,"href":"https:\/\/travelsafe.nl\/de\/wp-json\/wp\/v2\/product_cat?post=35927"},{"taxonomy":"product_tag","embeddable":true,"href":"https:\/\/travelsafe.nl\/de\/wp-json\/wp\/v2\/product_tag?post=35927"}],"curies":[{"name":"wp","href":"https:\/\/api.w.org\/{rel}","templated":true}]}}