{"id":35928,"date":"2019-06-10T23:25:17","date_gmt":"2019-06-10T23:25:17","guid":{"rendered":"http:\/\/travelsafe.nl\/assortiment\/unkategorisiert\/ors-lffel\/"},"modified":"2023-05-12T07:29:19","modified_gmt":"2023-05-12T07:29:19","slug":"ors-lffel","status":"publish","type":"product","link":"https:\/\/travelsafe.nl\/de\/assortiment\/reise-zubehr\/gesundheit-reise-zubehr\/briges-gesundheit-reise-zubehr\/ors-lffel\/","title":{"rendered":"ORS L\u00f6ffel"},"content":{"rendered":"<p>Der ORS-L\u00f6ffel ist ein einfacher L\u00f6ffel, mit dem Sie Ihr eigenes ORS anfertigen k\u00f6nnen.\u00a0Auf dem L\u00f6ffel ist angegeben, wie viel Salz und Zucker Sie ben\u00f6tigen und wie\u00a0viel gekochtes oder kohlens\u00e4urefreies Mineralwasser (sicheres Wasser) Sie brauchen,\u00a0in dem das Ganze aufgel\u00f6st werden soll.<\/p>\n<p>Gewicht:\u00a08 g<br \/>\nFarbe:\u00a0 \u00a0 \u00a0Orange<\/p>\n","protected":false},"excerpt":{"rendered":"<p>Der ORS-L\u00f6ffel ist ein einfacher L\u00f6ffel, mit dem Sie Ihr eigenes ORS anfertigen k\u00f6nnen.\u00a0Auf dem L\u00f6ffel ist angegeben, wie viel Salz und&hellip;<\/p>\n","protected":false},"featured_media":35001,"template":"","meta":{"_acf_changed":false},"product_brand":[],"product_cat":[2522,2516,2294,2364],"product_tag":[],"class_list":{"0":"post-35928","1":"product","2":"type-product","3":"status-publish","4":"has-post-thumbnail","6":"product_cat-briges-gesundheit-reise-zubehr","7":"product_cat-gesundheit-reise-zubehr","8":"product_cat-gezondheid-reisbenodigdheden","9":"product_cat-reise-zubehr","11":"first","12":"instock","13":"purchasable","14":"product-type-simple"},"acf":[],"_links":{"self":[{"href":"https:\/\/travelsafe.nl\/de\/wp-json\/wp\/v2\/product\/35928","targetHints":{"allow":["GET"]}}],"collection":[{"href":"https:\/\/travelsafe.nl\/de\/wp-json\/wp\/v2\/product"}],"about":[{"href":"https:\/\/travelsafe.nl\/de\/wp-json\/wp\/v2\/types\/product"}],"wp:featuredmedia":[{"embeddable":true,"href":"https:\/\/travelsafe.nl\/de\/wp-json\/wp\/v2\/media\/35001"}],"wp:attachment":[{"href":"https:\/\/travelsafe.nl\/de\/wp-json\/wp\/v2\/media?parent=35928"}],"wp:term":[{"taxonomy":"product_brand","embeddable":true,"href":"https:\/\/travelsafe.nl\/de\/wp-json\/wp\/v2\/product_brand?post=35928"},{"taxonomy":"product_cat","embeddable":true,"href":"https:\/\/travelsafe.nl\/de\/wp-json\/wp\/v2\/product_cat?post=35928"},{"taxonomy":"product_tag","embeddable":true,"href":"https:\/\/travelsafe.nl\/de\/wp-json\/wp\/v2\/product_tag?post=35928"}],"curies":[{"name":"wp","href":"https:\/\/api.w.org\/{rel}","templated":true}]}}