{"id":35929,"date":"2019-06-10T23:25:17","date_gmt":"2019-06-10T23:25:17","guid":{"rendered":"http:\/\/travelsafe.nl\/assortiment\/unkategorisiert\/iso-medi-bag-tache-mit-khlelement\/"},"modified":"2026-02-19T15:34:42","modified_gmt":"2026-02-19T15:34:42","slug":"iso-medi-bag-tache-mit-khlelement","status":"publish","type":"product","link":"https:\/\/travelsafe.nl\/de\/assortiment\/apotheker\/erste-hilfe-sets\/iso-medi-bag-tache-mit-khlelement\/","title":{"rendered":"Iso Medi-Tasche &#8211; mit K\u00fchlelement"},"content":{"rendered":"<h4><strong>Iso Medi Bag \u2013 Sicher gek\u00fchlt f\u00fcr unterwegs<\/strong><\/h4>\n<p>Nehmen Sie Medikamente ein, die gek\u00fchlt werden m\u00fcssen? Dann bietet Ihnen die Iso Medi Bag eine praktische und sichere L\u00f6sung f\u00fcr unterwegs. Diese speziell entwickelte Medikamententasche h\u00e4lt Ihre Medikamente \u00fcber l\u00e4ngere Zeitr\u00e4ume auf der richtigen Temperatur, sodass Sie sich auf Reisen, Ausfl\u00fcgen oder Arztterminen keine Sorgen machen m\u00fcssen.<\/p>\n<p>Dank des integrierten K\u00fchlelements bleiben Ihre Medikamente ca. 8 bis 12 Stunden k\u00fchl. Anschlie\u00dfend l\u00e4sst sich das K\u00fchlelement einfach wieder einfrieren, sodass die Tasche immer wieder verwendet werden kann. Durch ihre kompakte Gr\u00f6\u00dfe passt die Iso Medi Bag problemlos in jede Tasche, jeden Koffer oder ins Auto, und ihre isolierenden Eigenschaften gew\u00e4hrleisten zuverl\u00e4ssige K\u00fchlung, wann immer Sie sie ben\u00f6tigen.<\/p>\n<p><strong>Die Iso Medi Bag ist ideal f\u00fcr alle, die auf temperaturempfindliche Medikamente angewiesen sind und Wert auf Sicherheit, Komfort und Mobilit\u00e4t legen.<\/strong><\/p>\n<p>Abmessungen:\u00a021 x 6 x 12 cm<br \/>\nGewicht:\u00a0 \u00a0 \u00a0 \u00a0 \u00a0 \u00a0300 g<br \/>\nMaterial:\u00a0 \u00a0 \u00a0 \u00a0 \u00a0 \u00a0600D Ripstop Polyester<br \/>\nInhalt:\u00a0 \u00a0 \u00a0 \u00a0 \u00a0 \u00a0 \u00a0 \u00a0K\u00fchlelement<br \/>\nFarbe:\u00a0 \u00a0 \u00a0 \u00a0 \u00a0 \u00a0 \u00a0 \u00a0Blau<\/p>\n","protected":false},"excerpt":{"rendered":"<p>Iso Medi Bag \u2013 Sicher gek\u00fchlt f\u00fcr unterwegs Nehmen Sie Medikamente ein, die gek\u00fchlt werden m\u00fcssen? Dann bietet Ihnen die Iso Medi&hellip;<\/p>\n","protected":false},"featured_media":35014,"template":"","meta":{"_acf_changed":false},"product_brand":[],"product_cat":[2512,2575],"product_tag":[],"class_list":{"0":"post-35929","1":"product","2":"type-product","3":"status-publish","4":"has-post-thumbnail","6":"product_cat-erste-hilfe-sets","7":"product_cat-erste-hilfe-sets-ohne-medizinische-gerte","9":"first","10":"instock","11":"purchasable","12":"product-type-simple"},"acf":[],"_links":{"self":[{"href":"https:\/\/travelsafe.nl\/de\/wp-json\/wp\/v2\/product\/35929","targetHints":{"allow":["GET"]}}],"collection":[{"href":"https:\/\/travelsafe.nl\/de\/wp-json\/wp\/v2\/product"}],"about":[{"href":"https:\/\/travelsafe.nl\/de\/wp-json\/wp\/v2\/types\/product"}],"wp:featuredmedia":[{"embeddable":true,"href":"https:\/\/travelsafe.nl\/de\/wp-json\/wp\/v2\/media\/35014"}],"wp:attachment":[{"href":"https:\/\/travelsafe.nl\/de\/wp-json\/wp\/v2\/media?parent=35929"}],"wp:term":[{"taxonomy":"product_brand","embeddable":true,"href":"https:\/\/travelsafe.nl\/de\/wp-json\/wp\/v2\/product_brand?post=35929"},{"taxonomy":"product_cat","embeddable":true,"href":"https:\/\/travelsafe.nl\/de\/wp-json\/wp\/v2\/product_cat?post=35929"},{"taxonomy":"product_tag","embeddable":true,"href":"https:\/\/travelsafe.nl\/de\/wp-json\/wp\/v2\/product_tag?post=35929"}],"curies":[{"name":"wp","href":"https:\/\/api.w.org\/{rel}","templated":true}]}}