{"id":35930,"date":"2019-06-10T23:25:19","date_gmt":"2019-06-10T23:25:19","guid":{"rendered":"http:\/\/travelsafe.nl\/assortiment\/unkategorisiert\/ors-12-bags\/"},"modified":"2023-05-23T07:19:38","modified_gmt":"2023-05-23T07:19:38","slug":"ors-12-bags","status":"publish","type":"product","link":"https:\/\/travelsafe.nl\/de\/assortiment\/reise-zubehr\/gesundheit-reise-zubehr\/ors-12-bags\/","title":{"rendered":"ORS &#8211; 12 Beutel"},"content":{"rendered":"<p>ORS ist ein unverzichtbarer Artikel, wenn Sie f\u00fcr eine lange Zeit oder in L\u00e4nder reisen,\u00a0in denen es ein hohes Risiko von Bauchproblemen gibt. ORS sorgt daf\u00fcr, dass\u00a0der Feuchtigkeitshaushalt wiederhergestellt ist und nach jedem Besuch der Toilette\u00a0verwendet werden sollte.<\/p>\n<p>TravelSafe bietet Ihnen eine ORS an, die das Stevia-Pflanzte\u00a0als S\u00fc\u00dfstoff verwendet. Diese Pflanze produziert ein S\u00fc\u00dfungsmittel, das 300 x\u00a0st\u00e4rker ist und viel ges\u00fcnder als die synthetischen S\u00fc\u00dfstoffe und schmeckt auch\u00a0noch gut. TravelSafe ORS Light kann von jedermann genutzt werden und erm\u00f6glicht\u00a0eine schnelle Wiederherstellung der Feuchtigkeitsbalance. Unentbehrlich f\u00fcr jeden\u00a0Reisenden!<\/p>\n<p>Inhalt: 12 Beutel<br \/>\nGewicht: 12 x 6,1 g<br \/>\nGeschmack:\u00a0Zitrone &amp; Limette<\/p>\n","protected":false},"excerpt":{"rendered":"<p>ORS ist ein unverzichtbarer Artikel, wenn Sie f\u00fcr eine lange Zeit oder in L\u00e4nder reisen,\u00a0in denen es ein hohes Risiko von Bauchproblemen&hellip;<\/p>\n","protected":false},"featured_media":35035,"template":"","meta":{"_acf_changed":false},"product_brand":[],"product_cat":[2516,2364],"product_tag":[],"class_list":{"0":"post-35930","1":"product","2":"type-product","3":"status-publish","4":"has-post-thumbnail","6":"product_cat-gesundheit-reise-zubehr","7":"product_cat-reise-zubehr","9":"first","10":"instock","11":"purchasable","12":"product-type-simple"},"acf":[],"_links":{"self":[{"href":"https:\/\/travelsafe.nl\/de\/wp-json\/wp\/v2\/product\/35930","targetHints":{"allow":["GET"]}}],"collection":[{"href":"https:\/\/travelsafe.nl\/de\/wp-json\/wp\/v2\/product"}],"about":[{"href":"https:\/\/travelsafe.nl\/de\/wp-json\/wp\/v2\/types\/product"}],"wp:featuredmedia":[{"embeddable":true,"href":"https:\/\/travelsafe.nl\/de\/wp-json\/wp\/v2\/media\/35035"}],"wp:attachment":[{"href":"https:\/\/travelsafe.nl\/de\/wp-json\/wp\/v2\/media?parent=35930"}],"wp:term":[{"taxonomy":"product_brand","embeddable":true,"href":"https:\/\/travelsafe.nl\/de\/wp-json\/wp\/v2\/product_brand?post=35930"},{"taxonomy":"product_cat","embeddable":true,"href":"https:\/\/travelsafe.nl\/de\/wp-json\/wp\/v2\/product_cat?post=35930"},{"taxonomy":"product_tag","embeddable":true,"href":"https:\/\/travelsafe.nl\/de\/wp-json\/wp\/v2\/product_tag?post=35930"}],"curies":[{"name":"wp","href":"https:\/\/api.w.org\/{rel}","templated":true}]}}