{"id":35934,"date":"2019-06-10T23:25:24","date_gmt":"2019-06-10T23:25:24","guid":{"rendered":"http:\/\/travelsafe.nl\/assortiment\/unkategorisiert\/erste-hilfe-tasche-klein-leer\/"},"modified":"2023-04-07T14:01:35","modified_gmt":"2023-04-07T14:01:35","slug":"erste-hilfe-tasche-klein-leer","status":"publish","type":"product","link":"https:\/\/travelsafe.nl\/de\/assortiment\/apotheker\/erste-hilfe-sets-ohne-medizinische-gerte\/erste-hilfe-tasche-klein-leer\/","title":{"rendered":"Erste Hilfe Tasche &#8211; Klein &#8211; leer"},"content":{"rendered":"<p>F\u00fcr diejenigen, die lieber selbst ein Set zusammenstellen\u00a0m\u00f6chten. Die Gr\u00f6\u00dfen S und M k\u00f6nnen auseinandergeklappt und am Hoseng\u00fcrtel oder\u00a0den Kompressionsb\u00e4ndern Ihres Rucksacks befestigt werden. Ohne F\u00fcllung.<\/p>\n<p>Auch in den Gr\u00f6\u00dfen M und L erh\u00e4ltlich.<\/p>\n<p>Abmessungen: 18 x 13 x 6 cm<br \/>\nGewicht:\u00a0 \u00a0 \u00a0 \u00a0 \u00a0 \u00a085 g<br \/>\nMaterial:\u00a0 \u00a0 \u00a0 \u00a0 \u00a0 \u00a0100% Polyester<br \/>\nFarben:\u00a0 \u00a0 \u00a0 \u00a0 \u00a0 \u00a0 \u00a0Rot<\/p>\n","protected":false},"excerpt":{"rendered":"<p>F\u00fcr diejenigen, die lieber selbst ein Set zusammenstellen\u00a0m\u00f6chten. Die Gr\u00f6\u00dfen S und M k\u00f6nnen auseinandergeklappt und am Hoseng\u00fcrtel oder\u00a0den Kompressionsb\u00e4ndern Ihres Rucksacks&hellip;<\/p>\n","protected":false},"featured_media":35087,"template":"","meta":{"_acf_changed":false},"product_brand":[],"product_cat":[2361,2575],"product_tag":[],"class_list":{"0":"post-35934","1":"product","2":"type-product","3":"status-publish","4":"has-post-thumbnail","6":"product_cat-apotheker","7":"product_cat-erste-hilfe-sets-ohne-medizinische-gerte","9":"first","10":"instock","11":"purchasable","12":"product-type-simple"},"acf":[],"_links":{"self":[{"href":"https:\/\/travelsafe.nl\/de\/wp-json\/wp\/v2\/product\/35934","targetHints":{"allow":["GET"]}}],"collection":[{"href":"https:\/\/travelsafe.nl\/de\/wp-json\/wp\/v2\/product"}],"about":[{"href":"https:\/\/travelsafe.nl\/de\/wp-json\/wp\/v2\/types\/product"}],"wp:featuredmedia":[{"embeddable":true,"href":"https:\/\/travelsafe.nl\/de\/wp-json\/wp\/v2\/media\/35087"}],"wp:attachment":[{"href":"https:\/\/travelsafe.nl\/de\/wp-json\/wp\/v2\/media?parent=35934"}],"wp:term":[{"taxonomy":"product_brand","embeddable":true,"href":"https:\/\/travelsafe.nl\/de\/wp-json\/wp\/v2\/product_brand?post=35934"},{"taxonomy":"product_cat","embeddable":true,"href":"https:\/\/travelsafe.nl\/de\/wp-json\/wp\/v2\/product_cat?post=35934"},{"taxonomy":"product_tag","embeddable":true,"href":"https:\/\/travelsafe.nl\/de\/wp-json\/wp\/v2\/product_tag?post=35934"}],"curies":[{"name":"wp","href":"https:\/\/api.w.org\/{rel}","templated":true}]}}