{"id":35936,"date":"2019-06-10T23:25:26","date_gmt":"2019-06-10T23:25:26","guid":{"rendered":"http:\/\/travelsafe.nl\/assortiment\/unkategorisiert\/emergency-tasche-gro-leer\/"},"modified":"2023-04-07T14:01:35","modified_gmt":"2023-04-07T14:01:35","slug":"emergency-tasche-gro-leer","status":"publish","type":"product","link":"https:\/\/travelsafe.nl\/de\/assortiment\/apotheker\/erste-hilfe-sets-ohne-medizinische-gerte\/emergency-tasche-gro-leer\/","title":{"rendered":"Erste-Hilfe-Tasche Large \u2013 Ohne Inhalt"},"content":{"rendered":"<p>Die Erste Hilfe Tasche Large\u00a0ist ein Rucksack mit ger\u00e4umigen\u00a0F\u00e4chern, in dem alle medizinischen Gegenst\u00e4nde ordentlich verpackt werden k\u00f6nnen. Die Notfalltasche l\u00e4sst sich einfach an jedem Rucksack oder jeder Tasche befestigen. Zu diesem Zweck sind spezielle Klettverschl\u00fcsse und Schnallen an der R\u00fcckseite angebracht, und im Notfall kann die Tasche in k\u00fcrzester Zeit wieder gel\u00f6st werden. F\u00fcr diejenigen, die es vorziehen, selbst ein Set zu komponieren. Exklusiver Inhalt.<\/p>\n<p>Abmessungen:\u00a0 38 x 30 x 10 cm<br \/>\nGewicht:\u00a0\u00a0\u00a0\u00a0\u00a0\u00a0\u00a0\u00a0\u00a0\u00a0\u00a0 580 g<br \/>\nMaterial:\u00a0 \u00a0 \u00a0 \u00a0 \u00a0 \u00a0 100% Polyester<br \/>\nFarben:\u00a0 \u00a0 \u00a0 \u00a0 \u00a0 \u00a0 \u00a0 Rot<\/p>\n","protected":false},"excerpt":{"rendered":"<p>Die Erste Hilfe Tasche Large\u00a0ist ein Rucksack mit ger\u00e4umigen\u00a0F\u00e4chern, in dem alle medizinischen Gegenst\u00e4nde ordentlich verpackt werden k\u00f6nnen. Die Notfalltasche l\u00e4sst sich&hellip;<\/p>\n","protected":false},"featured_media":35129,"template":"","meta":{"_acf_changed":false},"product_brand":[],"product_cat":[2361,2575],"product_tag":[],"class_list":{"0":"post-35936","1":"product","2":"type-product","3":"status-publish","4":"has-post-thumbnail","6":"product_cat-apotheker","7":"product_cat-erste-hilfe-sets-ohne-medizinische-gerte","9":"first","10":"instock","11":"purchasable","12":"product-type-simple"},"acf":[],"_links":{"self":[{"href":"https:\/\/travelsafe.nl\/de\/wp-json\/wp\/v2\/product\/35936","targetHints":{"allow":["GET"]}}],"collection":[{"href":"https:\/\/travelsafe.nl\/de\/wp-json\/wp\/v2\/product"}],"about":[{"href":"https:\/\/travelsafe.nl\/de\/wp-json\/wp\/v2\/types\/product"}],"wp:featuredmedia":[{"embeddable":true,"href":"https:\/\/travelsafe.nl\/de\/wp-json\/wp\/v2\/media\/35129"}],"wp:attachment":[{"href":"https:\/\/travelsafe.nl\/de\/wp-json\/wp\/v2\/media?parent=35936"}],"wp:term":[{"taxonomy":"product_brand","embeddable":true,"href":"https:\/\/travelsafe.nl\/de\/wp-json\/wp\/v2\/product_brand?post=35936"},{"taxonomy":"product_cat","embeddable":true,"href":"https:\/\/travelsafe.nl\/de\/wp-json\/wp\/v2\/product_cat?post=35936"},{"taxonomy":"product_tag","embeddable":true,"href":"https:\/\/travelsafe.nl\/de\/wp-json\/wp\/v2\/product_tag?post=35936"}],"curies":[{"name":"wp","href":"https:\/\/api.w.org\/{rel}","templated":true}]}}