{"id":35937,"date":"2019-06-10T23:25:26","date_gmt":"2019-06-10T23:25:26","guid":{"rendered":"http:\/\/travelsafe.nl\/assortiment\/unkategorisiert\/toilettensitzabdeckung\/"},"modified":"2023-05-23T07:23:27","modified_gmt":"2023-05-23T07:23:27","slug":"toilettensitzabdeckung","status":"publish","type":"product","link":"https:\/\/travelsafe.nl\/de\/assortiment\/reise-zubehr\/gesundheit-reise-zubehr\/toilettensitzabdeckung\/","title":{"rendered":"Toilettensitzbezug &#8211; 10 Stk"},"content":{"rendered":"<p>Die TravelSafe-Toilettensitzbez\u00fcge sind gro\u00df und h\u00e4ngen \u00fcber dem Toilettensitz, sodass ein direkter Kontakt mit dem Sitz verhindert wird. Der TravelSafe-Sitzbezug ist sp\u00fclbar und besteht aus Recyclingpapier. Verpackt pro 10 St\u00fcck in einer praktischen Verpackung.<\/p>\n<p>Gewicht: 25 g<br \/>\nInhalt:\u00a0 \u00a0 10 St\u00fcck<\/p>\n","protected":false},"excerpt":{"rendered":"<p>Die TravelSafe-Toilettensitzbez\u00fcge sind gro\u00df und h\u00e4ngen \u00fcber dem Toilettensitz, sodass ein direkter Kontakt mit dem Sitz verhindert wird. Der TravelSafe-Sitzbezug ist sp\u00fclbar&hellip;<\/p>\n","protected":false},"featured_media":35142,"template":"","meta":{"_acf_changed":false},"product_brand":[],"product_cat":[2516,2364],"product_tag":[],"class_list":{"0":"post-35937","1":"product","2":"type-product","3":"status-publish","4":"has-post-thumbnail","6":"product_cat-gesundheit-reise-zubehr","7":"product_cat-reise-zubehr","9":"first","10":"instock","11":"purchasable","12":"product-type-simple"},"acf":[],"_links":{"self":[{"href":"https:\/\/travelsafe.nl\/de\/wp-json\/wp\/v2\/product\/35937","targetHints":{"allow":["GET"]}}],"collection":[{"href":"https:\/\/travelsafe.nl\/de\/wp-json\/wp\/v2\/product"}],"about":[{"href":"https:\/\/travelsafe.nl\/de\/wp-json\/wp\/v2\/types\/product"}],"wp:featuredmedia":[{"embeddable":true,"href":"https:\/\/travelsafe.nl\/de\/wp-json\/wp\/v2\/media\/35142"}],"wp:attachment":[{"href":"https:\/\/travelsafe.nl\/de\/wp-json\/wp\/v2\/media?parent=35937"}],"wp:term":[{"taxonomy":"product_brand","embeddable":true,"href":"https:\/\/travelsafe.nl\/de\/wp-json\/wp\/v2\/product_brand?post=35937"},{"taxonomy":"product_cat","embeddable":true,"href":"https:\/\/travelsafe.nl\/de\/wp-json\/wp\/v2\/product_cat?post=35937"},{"taxonomy":"product_tag","embeddable":true,"href":"https:\/\/travelsafe.nl\/de\/wp-json\/wp\/v2\/product_tag?post=35937"}],"curies":[{"name":"wp","href":"https:\/\/api.w.org\/{rel}","templated":true}]}}