{"id":35941,"date":"2019-06-10T23:25:28","date_gmt":"2019-06-10T23:25:28","guid":{"rendered":"http:\/\/travelsafe.nl\/assortiment\/unkategorisiert\/sunprotect-faktor-20\/"},"modified":"2023-04-07T14:01:36","modified_gmt":"2023-04-07T14:01:36","slug":"sunprotect-faktor-20","status":"publish","type":"product","link":"https:\/\/travelsafe.nl\/de\/assortiment\/sonnenschutz\/sonnencreme\/sunprotect-faktor-20\/","title":{"rendered":"Sonnenschutz &#8211; Sunprotect &#8211; Faktor 20"},"content":{"rendered":"<p>Der Sunprotect von Travelsafe verwendt eine revolution\u00e4re und neue Technik, um die Haut optimal vor sch\u00e4dlichen Wirkungen der Sonne zu sch\u00fctzen. Dieser Sonnenschutz ist basiert auf Liposomen. Liposomen stellen Sie sicher, dass die Creme vollst\u00e4ndig in die Haut absorbiert wird und nicht als ein \u201eFilm\u201c auf der Haut bleibt als andere Sonnencremes. Dies macht es ideal f\u00fcr den Einsatz in aktiven Outdoor-Sport in warmen L\u00e4ndern. Der Sonnenschutz wurde in den Schweizer Alpen entwickelt und eignet sich daher perfekt f\u00fcr den Einsatz bei K\u00e4lte beim Wintersport in den Bergen. Der Travelsafe Sonnenschutz ist Schwei\u00dffest, wasserdicht und sogar rubproof! Dies bedeutet, dass es auch nach dem Trocknen nach dem Schwimmen seine Schutzwirkung beh\u00e4lt.<\/p>\n<p>Dieser SunProtect Faktor 20 ist geeignet f\u00fcr Hauttyp 3. Dieser Hauttyp brennt und br\u00e4unt selten leicht. Es handelt sich oft um helle Haut, dunkelblondes bis braunes Haar und oft um dunkle Augen.<\/p>\n<p>Inhalt:\u00a0 \u00a0 \u00a075 ml<br \/>\nSPF:\u00a0 \u00a0 \u00a0 \u00a0 \u00a020<br \/>\nHauttyp: \u00a03<\/p>\n","protected":false},"excerpt":{"rendered":"<p>Der Sunprotect von Travelsafe verwendt eine revolution\u00e4re und neue Technik, um die Haut optimal vor sch\u00e4dlichen Wirkungen der Sonne zu sch\u00fctzen. Dieser&hellip;<\/p>\n","protected":false},"featured_media":35189,"template":"","meta":{"_acf_changed":false},"product_brand":[],"product_cat":[2547,2365],"product_tag":[],"class_list":{"0":"post-35941","1":"product","2":"type-product","3":"status-publish","4":"has-post-thumbnail","6":"product_cat-sonnencreme","7":"product_cat-sonnenschutz","9":"first","10":"instock","11":"purchasable","12":"product-type-simple"},"acf":[],"_links":{"self":[{"href":"https:\/\/travelsafe.nl\/de\/wp-json\/wp\/v2\/product\/35941","targetHints":{"allow":["GET"]}}],"collection":[{"href":"https:\/\/travelsafe.nl\/de\/wp-json\/wp\/v2\/product"}],"about":[{"href":"https:\/\/travelsafe.nl\/de\/wp-json\/wp\/v2\/types\/product"}],"wp:featuredmedia":[{"embeddable":true,"href":"https:\/\/travelsafe.nl\/de\/wp-json\/wp\/v2\/media\/35189"}],"wp:attachment":[{"href":"https:\/\/travelsafe.nl\/de\/wp-json\/wp\/v2\/media?parent=35941"}],"wp:term":[{"taxonomy":"product_brand","embeddable":true,"href":"https:\/\/travelsafe.nl\/de\/wp-json\/wp\/v2\/product_brand?post=35941"},{"taxonomy":"product_cat","embeddable":true,"href":"https:\/\/travelsafe.nl\/de\/wp-json\/wp\/v2\/product_cat?post=35941"},{"taxonomy":"product_tag","embeddable":true,"href":"https:\/\/travelsafe.nl\/de\/wp-json\/wp\/v2\/product_tag?post=35941"}],"curies":[{"name":"wp","href":"https:\/\/api.w.org\/{rel}","templated":true}]}}