{"id":35942,"date":"2019-06-10T23:25:30","date_gmt":"2019-06-10T23:25:30","guid":{"rendered":"http:\/\/travelsafe.nl\/assortiment\/unkategorisiert\/reinigungstcher-10-st\/"},"modified":"2023-05-23T07:20:56","modified_gmt":"2023-05-23T07:20:56","slug":"reinigungstcher-10-st","status":"publish","type":"product","link":"https:\/\/travelsafe.nl\/de\/assortiment\/reise-zubehr\/gesundheit-reise-zubehr\/reinigungstcher-10-st\/","title":{"rendered":"Reinigungst\u00fccher &#8211; 10 Stk."},"content":{"rendered":"<p>TravelSafe T\u00fccher sind nicht nur sehr hygienisch\u00a0und praktisch im gebrauch. Sie k\u00f6nnen die Produkte vielseitig verwenden. Durch die antibakterielle\u00a0Wirkung k\u00f6nnen sie leicht der H\u00e4nde, das Telefon, der Toilette, der Rasierapparat, Gl\u00e4sern,\u00a0etc. sauber machen. Box\u00a0mit 10 T\u00fcchern.<\/p>\n<p>Gewicht:\u00a0 54 g<br \/>\nInhalt:\u00a0\u00a0\u00a0\u00a0 10 T\u00fccher<\/p>\n","protected":false},"excerpt":{"rendered":"<p>TravelSafe T\u00fccher sind nicht nur sehr hygienisch\u00a0und praktisch im gebrauch. Sie k\u00f6nnen die Produkte vielseitig verwenden. Durch die antibakterielle\u00a0Wirkung k\u00f6nnen sie leicht&hellip;<\/p>\n","protected":false},"featured_media":35191,"template":"","meta":{"_acf_changed":false},"product_brand":[],"product_cat":[2516,2364],"product_tag":[],"class_list":{"0":"post-35942","1":"product","2":"type-product","3":"status-publish","4":"has-post-thumbnail","6":"product_cat-gesundheit-reise-zubehr","7":"product_cat-reise-zubehr","9":"first","10":"instock","11":"purchasable","12":"product-type-simple"},"acf":[],"_links":{"self":[{"href":"https:\/\/travelsafe.nl\/de\/wp-json\/wp\/v2\/product\/35942","targetHints":{"allow":["GET"]}}],"collection":[{"href":"https:\/\/travelsafe.nl\/de\/wp-json\/wp\/v2\/product"}],"about":[{"href":"https:\/\/travelsafe.nl\/de\/wp-json\/wp\/v2\/types\/product"}],"wp:featuredmedia":[{"embeddable":true,"href":"https:\/\/travelsafe.nl\/de\/wp-json\/wp\/v2\/media\/35191"}],"wp:attachment":[{"href":"https:\/\/travelsafe.nl\/de\/wp-json\/wp\/v2\/media?parent=35942"}],"wp:term":[{"taxonomy":"product_brand","embeddable":true,"href":"https:\/\/travelsafe.nl\/de\/wp-json\/wp\/v2\/product_brand?post=35942"},{"taxonomy":"product_cat","embeddable":true,"href":"https:\/\/travelsafe.nl\/de\/wp-json\/wp\/v2\/product_cat?post=35942"},{"taxonomy":"product_tag","embeddable":true,"href":"https:\/\/travelsafe.nl\/de\/wp-json\/wp\/v2\/product_tag?post=35942"}],"curies":[{"name":"wp","href":"https:\/\/api.w.org\/{rel}","templated":true}]}}