{"id":35944,"date":"2019-06-10T23:25:30","date_gmt":"2019-06-10T23:25:30","guid":{"rendered":"http:\/\/travelsafe.nl\/assortiment\/unkategorisiert\/adult-earplugs\/"},"modified":"2023-05-12T11:37:00","modified_gmt":"2023-05-12T11:37:00","slug":"adult-earplugs","status":"publish","type":"product","link":"https:\/\/travelsafe.nl\/de\/assortiment\/reise-zubehr\/reisezubehr-reise-zubehr\/briges-reisezubehr-reise-zubehr\/adult-earplugs\/","title":{"rendered":"Earplanes Geh\u00f6rschutz Erwachsene"},"content":{"rendered":"<p>Haben Sie Ohrenschmerzen beim Fliegen? Mit diesen Earplanes k\u00f6nnen Sie jetzt bequem und ohne Ohrenschmerzen fliegen! Diese Ohrst\u00f6psel sind hypoallergen, sicher, bequem und weich, sodass sie bequem getragen werden k\u00f6nnen. Sie regulieren den Druck in Ihren Ohren und haben auch eine schalld\u00e4mpfende Wirkung. Kann mehrmals verwendet und in einer praktischen Aufbewahrungsbox verpackt werden. Die Earplanes eignen sich auch f\u00fcr Zug-, Bus- und Autofahrten sowie Motorrad- und Bergfahrten.<\/p>\n<p>Die Earplanes sind auch f\u00fcr Kinder (1 bis 10 Jahre) und Erwachsene mit einem schmalen Geh\u00f6rgang (TS84) erh\u00e4ltlich.<\/p>\n<p>Abmessungen: Erwachsene (&gt;11 Jahre)<br \/>\nGewicht:\u00a0 \u00a0 \u00a0 \u00a0 \u00a0 \u00a08 g<br \/>\nMaterial:\u00a0 \u00a0 \u00a0 \u00a0 \u00a0 \u00a0PVC<\/p>\n","protected":false},"excerpt":{"rendered":"<p>Haben Sie Ohrenschmerzen beim Fliegen? Mit diesen Earplanes k\u00f6nnen Sie jetzt bequem und ohne Ohrenschmerzen fliegen! Diese Ohrst\u00f6psel sind hypoallergen, sicher, bequem&hellip;<\/p>\n","protected":false},"featured_media":36406,"template":"","meta":{"_acf_changed":false},"product_brand":[],"product_cat":[2524,2364,2302,2296,2290,2518],"product_tag":[],"class_list":{"0":"post-35944","1":"product","2":"type-product","3":"status-publish","4":"has-post-thumbnail","6":"product_cat-briges-reisezubehr-reise-zubehr","7":"product_cat-reise-zubehr","8":"product_cat-overige-reis-accesoires-reisbenodigdheden","9":"product_cat-reis-accessoires-reisbenodigdheden","10":"product_cat-reisbenodigdheden","11":"product_cat-reisezubehr-reise-zubehr","13":"first","14":"instock","15":"purchasable","16":"product-type-simple"},"acf":[],"_links":{"self":[{"href":"https:\/\/travelsafe.nl\/de\/wp-json\/wp\/v2\/product\/35944","targetHints":{"allow":["GET"]}}],"collection":[{"href":"https:\/\/travelsafe.nl\/de\/wp-json\/wp\/v2\/product"}],"about":[{"href":"https:\/\/travelsafe.nl\/de\/wp-json\/wp\/v2\/types\/product"}],"wp:featuredmedia":[{"embeddable":true,"href":"https:\/\/travelsafe.nl\/de\/wp-json\/wp\/v2\/media\/36406"}],"wp:attachment":[{"href":"https:\/\/travelsafe.nl\/de\/wp-json\/wp\/v2\/media?parent=35944"}],"wp:term":[{"taxonomy":"product_brand","embeddable":true,"href":"https:\/\/travelsafe.nl\/de\/wp-json\/wp\/v2\/product_brand?post=35944"},{"taxonomy":"product_cat","embeddable":true,"href":"https:\/\/travelsafe.nl\/de\/wp-json\/wp\/v2\/product_cat?post=35944"},{"taxonomy":"product_tag","embeddable":true,"href":"https:\/\/travelsafe.nl\/de\/wp-json\/wp\/v2\/product_tag?post=35944"}],"curies":[{"name":"wp","href":"https:\/\/api.w.org\/{rel}","templated":true}]}}