{"id":35951,"date":"2019-06-10T23:25:37","date_gmt":"2019-06-10T23:25:37","guid":{"rendered":"http:\/\/travelsafe.nl\/assortiment\/unkategorisiert\/ultra-lippenschutz-faktor-20\/"},"modified":"2023-04-07T14:01:38","modified_gmt":"2023-04-07T14:01:38","slug":"ultra-lippenschutz-faktor-20","status":"publish","type":"product","link":"https:\/\/travelsafe.nl\/de\/assortiment\/sonnenschutz\/anderer-sonnenschutz\/ultra-lippenschutz-faktor-20\/","title":{"rendered":"Ultra-Lippenschutz &#8211; Faktor 20"},"content":{"rendered":"<p>Was regelm\u00e4\u00dfig vergessen wird, ist auch die Lippen gegen Sonnenbrand zu sch\u00fctzen. Auch hierf\u00fcr hat TravelSafe eine L\u00f6sung in der Form eines Lippenbalsams mit Sonnenfaktor 20.<\/p>\n<p>SPF:\u00a0\u00a0\u00a0\u00a0 \u00a0\u00a0\u00a0\u00a020<br \/>\nGewicht: 4,8 g<\/p>\n","protected":false},"excerpt":{"rendered":"<p>Was regelm\u00e4\u00dfig vergessen wird, ist auch die Lippen gegen Sonnenbrand zu sch\u00fctzen. Auch hierf\u00fcr hat TravelSafe eine L\u00f6sung in der Form eines&hellip;<\/p>\n","protected":false},"featured_media":35248,"template":"","meta":{"_acf_changed":false},"product_brand":[],"product_cat":[2579,2365],"product_tag":[],"class_list":{"0":"post-35951","1":"product","2":"type-product","3":"status-publish","4":"has-post-thumbnail","6":"product_cat-anderer-sonnenschutz","7":"product_cat-sonnenschutz","9":"first","10":"instock","11":"purchasable","12":"product-type-simple"},"acf":[],"_links":{"self":[{"href":"https:\/\/travelsafe.nl\/de\/wp-json\/wp\/v2\/product\/35951","targetHints":{"allow":["GET"]}}],"collection":[{"href":"https:\/\/travelsafe.nl\/de\/wp-json\/wp\/v2\/product"}],"about":[{"href":"https:\/\/travelsafe.nl\/de\/wp-json\/wp\/v2\/types\/product"}],"wp:featuredmedia":[{"embeddable":true,"href":"https:\/\/travelsafe.nl\/de\/wp-json\/wp\/v2\/media\/35248"}],"wp:attachment":[{"href":"https:\/\/travelsafe.nl\/de\/wp-json\/wp\/v2\/media?parent=35951"}],"wp:term":[{"taxonomy":"product_brand","embeddable":true,"href":"https:\/\/travelsafe.nl\/de\/wp-json\/wp\/v2\/product_brand?post=35951"},{"taxonomy":"product_cat","embeddable":true,"href":"https:\/\/travelsafe.nl\/de\/wp-json\/wp\/v2\/product_cat?post=35951"},{"taxonomy":"product_tag","embeddable":true,"href":"https:\/\/travelsafe.nl\/de\/wp-json\/wp\/v2\/product_tag?post=35951"}],"curies":[{"name":"wp","href":"https:\/\/api.w.org\/{rel}","templated":true}]}}