{"id":36214,"date":"2020-03-04T15:24:00","date_gmt":"2020-03-04T15:24:00","guid":{"rendered":"https:\/\/travelsafe.nl\/?post_type=product&#038;p=36214"},"modified":"2026-02-19T09:33:44","modified_gmt":"2026-02-19T09:33:44","slug":"familien-pre-pack-deet-40","status":"publish","type":"product","link":"https:\/\/travelsafe.nl\/de\/assortiment\/insektenschutz\/insektenschutzmittel\/traveldeet-insektenschutzmittel\/familien-pre-pack-deet-40\/","title":{"rendered":"Familienpackung DEET 40% &#8211; 200ml+ 60ml"},"content":{"rendered":"<p>Familien-Pre-Pack 1 x 200 ml + 1 x 60 ml. TravelDeet ist ein insektenabwehrendes Mittel (Repellent), das dem Schutz gegen Mucken, Zecken und viele andere stechende Fliegen und Insekten dient. Der in TravelDeet eingesetzte Wirkstoff hei\u00dft Diethyl-m-Toluamid (Deet) und sorgt f\u00fcr einen lang anhaltenden Schutz von 6-10 Stunden. Lieferbar Spray (40%\/50% DEET).<\/p>\n<p>Jetzt auch in einem g\u00fcnstigen Kombi-Pack ab 30,95 \u20ac f\u00fcr nur 28,95 \u20ac erh\u00e4ltlich! Ideal f\u00fcr die ganze Familie und\/oder w\u00e4hrend langer Ferien.<\/p>\n<p>Es gibt verschiedene Krankheiten, die durch M\u00fccken \u00fcbertragen werden. Sie k\u00f6nnen sich daf\u00fcr sch\u00fctzen, durch die Anwendung von Antim\u00fcckenmitteln, Schutzkleidung und M\u00fcckennetzen w\u00e4hrend der Mittags- und Nachtruhe.<\/p>\n<p>Inhalt:\u00a0\u00a0\u00a0 \u00a0\u00a0\u00a0\u00a0\u00a060 ml + 200 ml<br \/>\nBestandteil: 40% Diethyl-m-Toluamid (DEET)<\/p>\n","protected":false},"excerpt":{"rendered":"<p>Familien-Pre-Pack 1 x 200 ml + 1 x 60 ml. TravelDeet ist ein insektenabwehrendes Mittel (Repellent), das dem Schutz gegen Mucken, Zecken&hellip;<\/p>\n","protected":false},"featured_media":36203,"template":"","meta":{"_acf_changed":false},"product_brand":[],"product_cat":[2362,2540,2541],"product_tag":[],"class_list":{"0":"post-36214","1":"product","2":"type-product","3":"status-publish","4":"has-post-thumbnail","6":"product_cat-insektenschutz","7":"product_cat-insektenschutzmittel","8":"product_cat-traveldeet-insektenschutzmittel","10":"first","11":"instock","12":"shipping-taxable","13":"purchasable","14":"product-type-simple"},"acf":[],"_links":{"self":[{"href":"https:\/\/travelsafe.nl\/de\/wp-json\/wp\/v2\/product\/36214","targetHints":{"allow":["GET"]}}],"collection":[{"href":"https:\/\/travelsafe.nl\/de\/wp-json\/wp\/v2\/product"}],"about":[{"href":"https:\/\/travelsafe.nl\/de\/wp-json\/wp\/v2\/types\/product"}],"wp:featuredmedia":[{"embeddable":true,"href":"https:\/\/travelsafe.nl\/de\/wp-json\/wp\/v2\/media\/36203"}],"wp:attachment":[{"href":"https:\/\/travelsafe.nl\/de\/wp-json\/wp\/v2\/media?parent=36214"}],"wp:term":[{"taxonomy":"product_brand","embeddable":true,"href":"https:\/\/travelsafe.nl\/de\/wp-json\/wp\/v2\/product_brand?post=36214"},{"taxonomy":"product_cat","embeddable":true,"href":"https:\/\/travelsafe.nl\/de\/wp-json\/wp\/v2\/product_cat?post=36214"},{"taxonomy":"product_tag","embeddable":true,"href":"https:\/\/travelsafe.nl\/de\/wp-json\/wp\/v2\/product_tag?post=36214"}],"curies":[{"name":"wp","href":"https:\/\/api.w.org\/{rel}","templated":true}]}}