{"id":36227,"date":"2020-03-04T15:49:04","date_gmt":"2020-03-04T15:49:04","guid":{"rendered":"https:\/\/travelsafe.nl\/?post_type=product&#038;p=36227"},"modified":"2026-02-19T09:29:31","modified_gmt":"2026-02-19T09:29:31","slug":"traveldeet-duo-paket-50","status":"publish","type":"product","link":"https:\/\/travelsafe.nl\/de\/assortiment\/insektenschutz\/insektenschutzmittel\/traveldeet-insektenschutzmittel\/traveldeet-duo-paket-50\/","title":{"rendered":"Duo Pack DEET 50% &#8211; 2 x 60ml"},"content":{"rendered":"<p>Duo Pack 2 x 60 ml. TravelDeet ist ein insektenabwehrendes Mittel (Repellent), das dem Schutz gegen Mucken, Zecken und viele andere stechende Fliegen und Insekten dient. Der in TravelDeet eingesetzte Wirkstoff hei\u00dft Diethyl-m-Toluamid (Deet) und sorgt f\u00fcr einen lang anhaltenden Schutz von 6-10 Stunden. Lieferbar als Spray (40%\/50% DEET).<\/p>\n<p>Jetzt auch in einem g\u00fcnstigen Kombi-Pack ab 21,90 \u20ac f\u00fcr nur 19,95 \u20ac erh\u00e4ltlich!<\/p>\n<p>Es gibt verschiedene Krankheiten, die durch M\u00fccken \u00fcbertragen werden. Sie k\u00f6nnen sich daf\u00fcr sch\u00fctzen, durch die Anwendung von Antim\u00fcckenmitteln, Schutzkleidung und M\u00fcckennetzen w\u00e4hrend der Mittags- und Nachtruhe.<\/p>\n<p>Inhalt:\u00a0 \u00a0 \u00a0 \u00a0 \u00a0 2 x 60 ml<br \/>\nBestandteil: 50% Diethyl-m-Toluamid (DEET)<\/p>\n<p>&nbsp;<\/p>\n","protected":false},"excerpt":{"rendered":"<p>Duo Pack 2 x 60 ml. TravelDeet ist ein insektenabwehrendes Mittel (Repellent), das dem Schutz gegen Mucken, Zecken und viele andere stechende&hellip;<\/p>\n","protected":false},"featured_media":36220,"template":"","meta":{"_acf_changed":false},"product_brand":[],"product_cat":[2362,2540,2541],"product_tag":[],"class_list":{"0":"post-36227","1":"product","2":"type-product","3":"status-publish","4":"has-post-thumbnail","6":"product_cat-insektenschutz","7":"product_cat-insektenschutzmittel","8":"product_cat-traveldeet-insektenschutzmittel","10":"first","11":"instock","12":"shipping-taxable","13":"purchasable","14":"product-type-simple"},"acf":[],"_links":{"self":[{"href":"https:\/\/travelsafe.nl\/de\/wp-json\/wp\/v2\/product\/36227","targetHints":{"allow":["GET"]}}],"collection":[{"href":"https:\/\/travelsafe.nl\/de\/wp-json\/wp\/v2\/product"}],"about":[{"href":"https:\/\/travelsafe.nl\/de\/wp-json\/wp\/v2\/types\/product"}],"wp:featuredmedia":[{"embeddable":true,"href":"https:\/\/travelsafe.nl\/de\/wp-json\/wp\/v2\/media\/36220"}],"wp:attachment":[{"href":"https:\/\/travelsafe.nl\/de\/wp-json\/wp\/v2\/media?parent=36227"}],"wp:term":[{"taxonomy":"product_brand","embeddable":true,"href":"https:\/\/travelsafe.nl\/de\/wp-json\/wp\/v2\/product_brand?post=36227"},{"taxonomy":"product_cat","embeddable":true,"href":"https:\/\/travelsafe.nl\/de\/wp-json\/wp\/v2\/product_cat?post=36227"},{"taxonomy":"product_tag","embeddable":true,"href":"https:\/\/travelsafe.nl\/de\/wp-json\/wp\/v2\/product_tag?post=36227"}],"curies":[{"name":"wp","href":"https:\/\/api.w.org\/{rel}","templated":true}]}}