{"id":36768,"date":"2020-03-23T13:55:04","date_gmt":"2020-03-23T13:55:04","guid":{"rendered":"https:\/\/travelsafe.nl\/?post_type=product&#038;p=36768"},"modified":"2023-07-07T11:35:25","modified_gmt":"2023-07-07T11:35:25","slug":"globe-steriles-set","status":"publish","type":"product","link":"https:\/\/travelsafe.nl\/de\/assortiment\/apotheker\/sterile-sets\/globe-steriles-set\/","title":{"rendered":"Globe Steriles &#8211; Erste-Hilfe-Set"},"content":{"rendered":"<p>Das Globe Steriles Set ist als Erg\u00e4nzung zu Ihrem Basis-Erste-Hilfe-Set geeignet und unentbehrlich bei Aufenthalten in L\u00e4ndern mit erh\u00f6htem Hepatitis-B\/HIV-Risiko, Reisen unter primitiven Bedingungen oder Dschungeltrekking. Das Set besteht aus sterilen Gegenst\u00e4nden wie Spritzen, Nadeln und Blutlanzetten.<\/p>\n<p>Die transparenten F\u00e4cher erleichtern das schnelle Auffinden der ben\u00f6tigten Gegenst\u00e4nde. Auf der R\u00fcckseite das Set befinden sich verst\u00e4rkte Befestigungspatches zur einfachen Befestigung an Ihrem Rucksack oder G\u00fcrtel. Das Set enth\u00e4lt auch eine internationale \u00e4rztliche Erkl\u00e4rung.<\/p>\n<p>Wenn Sie unter Umst\u00e4nden nicht direkt ad\u00e4quate medizinische Hilfe erhalten k\u00f6nnen, kann dies zu gef\u00e4hrlichen Situationen f\u00fchren. Darum sollten Sie eine gute Ausr\u00fcstung mit sich f\u00fchren. TravelSafe hat f\u00fcr jedes Reiseziel und jede Aktivit\u00e4t ein kompaktes und handliches Erste-Hilfe-Set entwickelt, wenn n\u00f6tig sogar mit der passenden Arzterkl\u00e4rung. Das Fluor-Gelb\/Orange Sterile-Set ist anzuraten, wenn Sie L\u00e4nder mit Risiko auf Hepatitis B\/HIV bereisen. Hierbei solte man an Afrika, S\u00fcdamerika und Asien, also die Sub-Tropen denken.<\/p>\n<p>Abmessungen: 12 x 15 x 5 cm<br \/>\nGewicht:\u00a0 \u00a0 \u00a0 \u00a0 \u00a0 \u00a0140 g<br \/>\nMaterial:\u00a0 \u00a0 \u00a0 \u00a0 \u00a0 \u00a0100% Polyester<br \/>\nArtikel:\u00a0 \u00a0 \u00a0 \u00a0 \u00a0 \u00a0 \u00a0 21<\/p>\n<p>&nbsp;<\/p>\n","protected":false},"excerpt":{"rendered":"<p>Das Globe Steriles Set ist als Erg\u00e4nzung zu Ihrem Basis-Erste-Hilfe-Set geeignet und unentbehrlich bei Aufenthalten in L\u00e4ndern mit erh\u00f6htem Hepatitis-B\/HIV-Risiko, Reisen unter&hellip;<\/p>\n","protected":false},"featured_media":36749,"template":"","meta":{"_acf_changed":false},"product_brand":[],"product_cat":[2361,2539],"product_tag":[],"class_list":{"0":"post-36768","1":"product","2":"type-product","3":"status-publish","4":"has-post-thumbnail","6":"product_cat-apotheker","7":"product_cat-sterile-sets","9":"first","10":"instock","11":"shipping-taxable","12":"purchasable","13":"product-type-simple"},"acf":[],"_links":{"self":[{"href":"https:\/\/travelsafe.nl\/de\/wp-json\/wp\/v2\/product\/36768","targetHints":{"allow":["GET"]}}],"collection":[{"href":"https:\/\/travelsafe.nl\/de\/wp-json\/wp\/v2\/product"}],"about":[{"href":"https:\/\/travelsafe.nl\/de\/wp-json\/wp\/v2\/types\/product"}],"wp:featuredmedia":[{"embeddable":true,"href":"https:\/\/travelsafe.nl\/de\/wp-json\/wp\/v2\/media\/36749"}],"wp:attachment":[{"href":"https:\/\/travelsafe.nl\/de\/wp-json\/wp\/v2\/media?parent=36768"}],"wp:term":[{"taxonomy":"product_brand","embeddable":true,"href":"https:\/\/travelsafe.nl\/de\/wp-json\/wp\/v2\/product_brand?post=36768"},{"taxonomy":"product_cat","embeddable":true,"href":"https:\/\/travelsafe.nl\/de\/wp-json\/wp\/v2\/product_cat?post=36768"},{"taxonomy":"product_tag","embeddable":true,"href":"https:\/\/travelsafe.nl\/de\/wp-json\/wp\/v2\/product_tag?post=36768"}],"curies":[{"name":"wp","href":"https:\/\/api.w.org\/{rel}","templated":true}]}}