{"id":37010,"date":"2020-04-06T15:10:25","date_gmt":"2020-04-06T15:10:25","guid":{"rendered":"https:\/\/travelsafe.nl\/assortiment\/unkategorisiert\/travel-tree-straps-bevestigingsriempjes\/"},"modified":"2023-05-11T09:08:45","modified_gmt":"2023-05-11T09:08:45","slug":"travel-tree-straps-bevestigingsriempjes","status":"publish","type":"product","link":"https:\/\/travelsafe.nl\/de\/assortiment\/reisehaengematte\/travel-tree-straps-bevestigingsriempjes\/","title":{"rendered":"Travel Tree Straps &#8211; Montageb\u00e4ndern"},"content":{"rendered":"<p>Einfache Einrichtung Ihrer H\u00e4ngematte ohne komplizierte Knoten, die Sie erlernen m\u00fcssen. Dank des Daisy-Chain-Loop-Systems in unseren Montageb\u00e4ndern in wenigen Minuten einsatzbereit. Wickeln Sie den Gurt um den Baum und befestigen Sie die Aluminiumkarabiner an einer der Schlaufen. Jeder Gurt ist 250 cm lang und hat 7 Schlaufen mit verst\u00e4rkten Bar-Tech-N\u00e4hten. Die Tr\u00e4ger werden mit 2 starken Aluminiumkarabinern geliefert.<\/p>\n<p>Abmessungen: 2,5 x 250 cm<br \/>\nGewicht:\u00a0 \u00a0 \u00a0 \u00a0 \u00a0 \u00a0325 g<br \/>\nMaterial:\u00a0 \u00a0 \u00a0 \u00a0 \u00a0 \u00a0100% Polyester\/Aluminium<br \/>\nFarbe:\u00a0 \u00a0 \u00a0 \u00a0 \u00a0 \u00a0 \u00a0 \u00a0Schwarz\/orange<\/p>\n","protected":false},"excerpt":{"rendered":"<p>Einfache Einrichtung Ihrer H\u00e4ngematte ohne komplizierte Knoten, die Sie erlernen m\u00fcssen. Dank des Daisy-Chain-Loop-Systems in unseren Montageb\u00e4ndern in wenigen Minuten einsatzbereit. Wickeln&hellip;<\/p>\n","protected":false},"featured_media":36999,"template":"","meta":{"_acf_changed":false},"product_brand":[],"product_cat":[2849],"product_tag":[],"class_list":{"0":"post-37010","1":"product","2":"type-product","3":"status-publish","4":"has-post-thumbnail","6":"product_cat-reisehaengematte","8":"first","9":"instock","10":"shipping-taxable","11":"purchasable","12":"product-type-simple"},"acf":[],"_links":{"self":[{"href":"https:\/\/travelsafe.nl\/de\/wp-json\/wp\/v2\/product\/37010","targetHints":{"allow":["GET"]}}],"collection":[{"href":"https:\/\/travelsafe.nl\/de\/wp-json\/wp\/v2\/product"}],"about":[{"href":"https:\/\/travelsafe.nl\/de\/wp-json\/wp\/v2\/types\/product"}],"wp:featuredmedia":[{"embeddable":true,"href":"https:\/\/travelsafe.nl\/de\/wp-json\/wp\/v2\/media\/36999"}],"wp:attachment":[{"href":"https:\/\/travelsafe.nl\/de\/wp-json\/wp\/v2\/media?parent=37010"}],"wp:term":[{"taxonomy":"product_brand","embeddable":true,"href":"https:\/\/travelsafe.nl\/de\/wp-json\/wp\/v2\/product_brand?post=37010"},{"taxonomy":"product_cat","embeddable":true,"href":"https:\/\/travelsafe.nl\/de\/wp-json\/wp\/v2\/product_cat?post=37010"},{"taxonomy":"product_tag","embeddable":true,"href":"https:\/\/travelsafe.nl\/de\/wp-json\/wp\/v2\/product_tag?post=37010"}],"curies":[{"name":"wp","href":"https:\/\/api.w.org\/{rel}","templated":true}]}}