{"id":37377,"date":"2020-04-29T14:57:21","date_gmt":"2020-04-29T14:57:21","guid":{"rendered":"https:\/\/travelsafe.nl\/assortiment\/unkategorisiert\/street-life-heuptasje-s-blauw\/"},"modified":"2023-05-12T11:01:45","modified_gmt":"2023-05-12T11:01:45","slug":"street-life-heuptasje-s-blauw","status":"publish","type":"product","link":"https:\/\/travelsafe.nl\/de\/assortiment\/reise-zubehr\/reisetaschen\/huefttaschen\/street-life-heuptasje-s-blauw\/","title":{"rendered":"Street Life G\u00fcrteltasche \u2013 S &#8211; Blau"},"content":{"rendered":"<p>G\u00fcrteltasche mit 2 gro\u00dfen Rei\u00dfverschlusstaschen und einer inneren Rei\u00dfverschlusstasche. Diese G\u00fcrteltasche kann \u00fcberall und jederzeit verwendet werden und bietet mehr als genug Platz f\u00fcr Ihre Wertsachen wie Kamera, Telefon, Geld, P\u00e4sse und andere kleine Reiseartikel. Diese H\u00fcfttasche ist auch verf\u00fcgbar in Schwarz (TS2059.0100) oder Lindgr\u00fcn (TS2059.1700).<\/p>\n<p>TravelSafe ist spezialisiert auf funktionelle Leichtgewicht Artikel, die dem Reisenden viel Komfort bieten.<\/p>\n<p>Abmessungen:\u00a0\u00a0 14 x 7 x 19 cm<br \/>\nGewicht:\u00a0 \u00a0 \u00a0 \u00a0 \u00a0 \u00a0 \u00a0152 g<br \/>\nMaterial:\u00a0\u00a0 \u00a0 \u00a0 \u00a0 \u00a0\u00a0\u00a0 100% diamond rip stop polyester<br \/>\nFarbe: \u00a0 \u00a0\u00a0\u00a0\u00a0\u00a0\u00a0\u00a0\u00a0\u00a0\u00a0\u00a0\u00a0\u00a0\u00a0\u00a0Blau<\/p>\n","protected":false},"excerpt":{"rendered":"<p>G\u00fcrteltasche mit 2 gro\u00dfen Rei\u00dfverschlusstaschen und einer inneren Rei\u00dfverschlusstasche. Diese G\u00fcrteltasche kann \u00fcberall und jederzeit verwendet werden und bietet mehr als genug&hellip;<\/p>\n","protected":false},"featured_media":37362,"template":"","meta":{"_acf_changed":false},"product_brand":[],"product_cat":[2885,2364,2561],"product_tag":[],"class_list":{"0":"post-37377","1":"product","2":"type-product","3":"status-publish","4":"has-post-thumbnail","6":"product_cat-huefttaschen","7":"product_cat-reise-zubehr","8":"product_cat-reisetaschen","10":"first","11":"instock","12":"shipping-taxable","13":"purchasable","14":"product-type-simple"},"acf":[],"_links":{"self":[{"href":"https:\/\/travelsafe.nl\/de\/wp-json\/wp\/v2\/product\/37377","targetHints":{"allow":["GET"]}}],"collection":[{"href":"https:\/\/travelsafe.nl\/de\/wp-json\/wp\/v2\/product"}],"about":[{"href":"https:\/\/travelsafe.nl\/de\/wp-json\/wp\/v2\/types\/product"}],"wp:featuredmedia":[{"embeddable":true,"href":"https:\/\/travelsafe.nl\/de\/wp-json\/wp\/v2\/media\/37362"}],"wp:attachment":[{"href":"https:\/\/travelsafe.nl\/de\/wp-json\/wp\/v2\/media?parent=37377"}],"wp:term":[{"taxonomy":"product_brand","embeddable":true,"href":"https:\/\/travelsafe.nl\/de\/wp-json\/wp\/v2\/product_brand?post=37377"},{"taxonomy":"product_cat","embeddable":true,"href":"https:\/\/travelsafe.nl\/de\/wp-json\/wp\/v2\/product_cat?post=37377"},{"taxonomy":"product_tag","embeddable":true,"href":"https:\/\/travelsafe.nl\/de\/wp-json\/wp\/v2\/product_tag?post=37377"}],"curies":[{"name":"wp","href":"https:\/\/api.w.org\/{rel}","templated":true}]}}