{"id":37490,"date":"2020-04-30T09:05:46","date_gmt":"2020-04-30T09:05:46","guid":{"rendered":"https:\/\/travelsafe.nl\/assortiment\/unkategorisiert\/street-life-heuptasje-m-lime\/"},"modified":"2023-05-12T11:00:51","modified_gmt":"2023-05-12T11:00:51","slug":"street-life-heuptasje-m-lime","status":"publish","type":"product","link":"https:\/\/travelsafe.nl\/de\/assortiment\/reise-zubehr\/reisetaschen\/huefttaschen\/street-life-heuptasje-m-lime\/","title":{"rendered":"Street Life G\u00fcrteltasche \u2013 M &#8211; Lindgr\u00fcn"},"content":{"rendered":"<p>H\u00fcfttasche mit gro\u00dfer Haupt- und Fronttasche. Hauptfach mit Fachteiler und extra Rei\u00dfverschlusstasche. Beidseitige Netztasche (Wasserflasche). Der gepolsterte H\u00fcftgurt mit 2 Rei\u00dfverschlusstaschen ist mit bel\u00fcftetem 3D-Mesh gef\u00fcttert und kann vollst\u00e4ndig verstaut werden, um als Umh\u00e4ngetasche verwendet zu werden. Diese H\u00fcfttasche ist auch verf\u00fcgbar in Schwarz (TS2060.0100) oder Blau (TS2060.0600).<\/p>\n<p>TravelSafe ist spezialisiert auf funktionelle Leichtgewicht Artikel, die dem Reisenden viel Komfort bieten.<\/p>\n<p>Abmessungen:\u00a0\u00a0 22 x 8 x 18 cm<br \/>\nGewicht:\u00a0 \u00a0 \u00a0 \u00a0 \u00a0 \u00a0 \u00a0295 g<br \/>\nMaterial:\u00a0 \u00a0 \u00a0 \u00a0 \u00a0 \u00a0 100% diamond rip stop polyester<br \/>\nFarbe:\u00a0 \u00a0 \u00a0 \u00a0 \u00a0 \u00a0 \u00a0 \u00a0 \u00a0Lindgr\u00fcn<\/p>\n","protected":false},"excerpt":{"rendered":"<p>H\u00fcfttasche mit gro\u00dfer Haupt- und Fronttasche. Hauptfach mit Fachteiler und extra Rei\u00dfverschlusstasche. Beidseitige Netztasche (Wasserflasche). Der gepolsterte H\u00fcftgurt mit 2 Rei\u00dfverschlusstaschen ist&hellip;<\/p>\n","protected":false},"featured_media":37455,"template":"","meta":{"_acf_changed":false},"product_brand":[],"product_cat":[2885,2561],"product_tag":[],"class_list":{"0":"post-37490","1":"product","2":"type-product","3":"status-publish","4":"has-post-thumbnail","6":"product_cat-huefttaschen","7":"product_cat-reisetaschen","9":"first","10":"instock","11":"shipping-taxable","12":"purchasable","13":"product-type-simple"},"acf":[],"_links":{"self":[{"href":"https:\/\/travelsafe.nl\/de\/wp-json\/wp\/v2\/product\/37490","targetHints":{"allow":["GET"]}}],"collection":[{"href":"https:\/\/travelsafe.nl\/de\/wp-json\/wp\/v2\/product"}],"about":[{"href":"https:\/\/travelsafe.nl\/de\/wp-json\/wp\/v2\/types\/product"}],"wp:featuredmedia":[{"embeddable":true,"href":"https:\/\/travelsafe.nl\/de\/wp-json\/wp\/v2\/media\/37455"}],"wp:attachment":[{"href":"https:\/\/travelsafe.nl\/de\/wp-json\/wp\/v2\/media?parent=37490"}],"wp:term":[{"taxonomy":"product_brand","embeddable":true,"href":"https:\/\/travelsafe.nl\/de\/wp-json\/wp\/v2\/product_brand?post=37490"},{"taxonomy":"product_cat","embeddable":true,"href":"https:\/\/travelsafe.nl\/de\/wp-json\/wp\/v2\/product_cat?post=37490"},{"taxonomy":"product_tag","embeddable":true,"href":"https:\/\/travelsafe.nl\/de\/wp-json\/wp\/v2\/product_tag?post=37490"}],"curies":[{"name":"wp","href":"https:\/\/api.w.org\/{rel}","templated":true}]}}