{"id":37588,"date":"2020-04-30T10:32:59","date_gmt":"2020-04-30T10:32:59","guid":{"rendered":"https:\/\/travelsafe.nl\/assortiment\/unkategorisiert\/street-life-heuptas-l-blauw\/"},"modified":"2023-05-12T11:08:37","modified_gmt":"2023-05-12T11:08:37","slug":"street-life-heuptas-l-blauw","status":"publish","type":"product","link":"https:\/\/travelsafe.nl\/de\/assortiment\/reise-zubehr\/reisetaschen\/huefttaschen\/street-life-heuptas-l-blauw\/","title":{"rendered":"Street Life G\u00fcrteltasche \u2013 L &#8211; K\u00f6nigsblau"},"content":{"rendered":"<p>Gro\u00dfe G\u00fcrteltasche mit ger\u00e4umigem Hauptfach. Fronttasche f\u00fcr Wasserflasche. 2 Seitenf\u00e4cher mit Rei\u00dfverschluss. 2er-Packriemen vorne zum Verstauen von Jacke. Der H\u00fcftgurt kann vollst\u00e4ndig verstaut werden, sodass die Tasche als Umh\u00e4ngetasche getragen werden kann. Ideal f\u00fcr lange Tages- oder St\u00e4dtereisen, wo du keinen Rucksack tragen m\u00f6chten. Diese gro\u00dfe H\u00fcfttasche ist auch in Schwarz (TS2061.0100) oder Lindgr\u00fcn (TS2061.1700) erh\u00e4ltlich.<\/p>\n<p>TravelSafe ist spezialisiert auf funktionelle Leichtgewicht Artikel, die dem Reisenden viel Komfort bieten.<\/p>\n<p>Abmessungen:\u00a0\u00a0 30 x 12 x 20 cm<br \/>\nGewicht:\u00a0 \u00a0 \u00a0 \u00a0 \u00a0 \u00a0 \u00a0345 g<br \/>\nMaterial:\u00a0 \u00a0 \u00a0 \u00a0 \u00a0 \u00a0 100% diamond rip stop polyester<br \/>\nFarbe:\u00a0 \u00a0 \u00a0 \u00a0 \u00a0 \u00a0 \u00a0 \u00a0 \u00a0K\u00f6nigsblau<\/p>\n","protected":false},"excerpt":{"rendered":"<p>Gro\u00dfe G\u00fcrteltasche mit ger\u00e4umigem Hauptfach. Fronttasche f\u00fcr Wasserflasche. 2 Seitenf\u00e4cher mit Rei\u00dfverschluss. 2er-Packriemen vorne zum Verstauen von Jacke. Der H\u00fcftgurt kann vollst\u00e4ndig&hellip;<\/p>\n","protected":false},"featured_media":37553,"template":"","meta":{"_acf_changed":false},"product_brand":[],"product_cat":[2885,2561],"product_tag":[],"class_list":{"0":"post-37588","1":"product","2":"type-product","3":"status-publish","4":"has-post-thumbnail","6":"product_cat-huefttaschen","7":"product_cat-reisetaschen","9":"first","10":"instock","11":"shipping-taxable","12":"purchasable","13":"product-type-simple"},"acf":[],"_links":{"self":[{"href":"https:\/\/travelsafe.nl\/de\/wp-json\/wp\/v2\/product\/37588","targetHints":{"allow":["GET"]}}],"collection":[{"href":"https:\/\/travelsafe.nl\/de\/wp-json\/wp\/v2\/product"}],"about":[{"href":"https:\/\/travelsafe.nl\/de\/wp-json\/wp\/v2\/types\/product"}],"wp:featuredmedia":[{"embeddable":true,"href":"https:\/\/travelsafe.nl\/de\/wp-json\/wp\/v2\/media\/37553"}],"wp:attachment":[{"href":"https:\/\/travelsafe.nl\/de\/wp-json\/wp\/v2\/media?parent=37588"}],"wp:term":[{"taxonomy":"product_brand","embeddable":true,"href":"https:\/\/travelsafe.nl\/de\/wp-json\/wp\/v2\/product_brand?post=37588"},{"taxonomy":"product_cat","embeddable":true,"href":"https:\/\/travelsafe.nl\/de\/wp-json\/wp\/v2\/product_cat?post=37588"},{"taxonomy":"product_tag","embeddable":true,"href":"https:\/\/travelsafe.nl\/de\/wp-json\/wp\/v2\/product_tag?post=37588"}],"curies":[{"name":"wp","href":"https:\/\/api.w.org\/{rel}","templated":true}]}}