{"id":37612,"date":"2020-04-30T14:40:51","date_gmt":"2020-04-30T14:40:51","guid":{"rendered":"https:\/\/travelsafe.nl\/assortiment\/unkategorisiert\/waterbag-met-drinkslang-2-liter\/"},"modified":"2023-11-21T07:54:32","modified_gmt":"2023-11-21T07:54:32","slug":"waterbag-met-drinkslang-2-liter","status":"publish","type":"product","link":"https:\/\/travelsafe.nl\/de\/assortiment\/reise-zubehr\/reisetaschen\/ruckscke\/waterbag-met-drinkslang-2-liter\/","title":{"rendered":"Wasserbeutel mit Schlauch &#8211; 2 Liter"},"content":{"rendered":"<p>Bei allen Outdoor- Aktivit\u00e4ten ist es immer wichtig, gen\u00fcgend Wasser zu trinken, um Austrocknung zu vermeiden. Es ist bewiesen, dass regelm\u00e4\u00dfiges Trinken mittels einem Wasserbeutel viel besser ist f\u00fcr Ihren Feuchtigkeitshaushalt als ein paar Mal pro Stunde aus einer Flasche zu trinken. Unsere Wasserbeutel sind sehr stark und langlebig. Die gro\u00dfe \u00d6ffnung erm\u00f6glicht eine einfache Reinigung des Beutels. Der lange Trinkschlauch macht es einfach, einen Platz in Ihrem Rucksack oder Ihrer Tasche zu finden. Der Wassersack hat ein Volumen von 2 Litern. Das Bissventil schlie\u00dft sich automatisch nach jedem Schluck und vermeidet l\u00e4stigen Tropfen. Der Schlauch ist am Boden des Wassersacks befestigt.<\/p>\n<p>TravelSafe ist spezialisiert auf funktionelle Leichtgewicht Artikel, die dem Reisenden viel Komfort bieten.<\/p>\n<p>Abmessungen:\u00a0 39 x 17,5 x 2 cm<br \/>\nSchlachl\u00e4nge:\u00a0\u00a0\u00a0 \u00b1 100 cm<br \/>\nInhalt:\u00a0 \u00a0 \u00a0 \u00a0 \u00a0 \u00a0 \u00a0 \u00a0 2 Liter<br \/>\nGewicht:\u00a0 \u00a0 \u00a0 \u00a0 \u00a0 \u00a0 \u00b1 140 g<br \/>\nMaterial:\u00a0 \u00a0 \u00a0 \u00a0 \u00a0 \u00a0 TPU<br \/>\nFarbe:\u00a0 \u00a0 \u00a0 \u00a0 \u00a0 \u00a0 \u00a0 \u00a0 Blau<\/p>\n<p>&nbsp;<\/p>\n","protected":false},"excerpt":{"rendered":"<p>Bei allen Outdoor- Aktivit\u00e4ten ist es immer wichtig, gen\u00fcgend Wasser zu trinken, um Austrocknung zu vermeiden. Es ist bewiesen, dass regelm\u00e4\u00dfiges Trinken&hellip;<\/p>\n","protected":false},"featured_media":37597,"template":"","meta":{"_acf_changed":false},"product_brand":[],"product_cat":[2570],"product_tag":[],"class_list":{"0":"post-37612","1":"product","2":"type-product","3":"status-publish","4":"has-post-thumbnail","6":"product_cat-ruckscke","8":"first","9":"instock","10":"shipping-taxable","11":"purchasable","12":"product-type-simple"},"acf":[],"_links":{"self":[{"href":"https:\/\/travelsafe.nl\/de\/wp-json\/wp\/v2\/product\/37612","targetHints":{"allow":["GET"]}}],"collection":[{"href":"https:\/\/travelsafe.nl\/de\/wp-json\/wp\/v2\/product"}],"about":[{"href":"https:\/\/travelsafe.nl\/de\/wp-json\/wp\/v2\/types\/product"}],"wp:featuredmedia":[{"embeddable":true,"href":"https:\/\/travelsafe.nl\/de\/wp-json\/wp\/v2\/media\/37597"}],"wp:attachment":[{"href":"https:\/\/travelsafe.nl\/de\/wp-json\/wp\/v2\/media?parent=37612"}],"wp:term":[{"taxonomy":"product_brand","embeddable":true,"href":"https:\/\/travelsafe.nl\/de\/wp-json\/wp\/v2\/product_brand?post=37612"},{"taxonomy":"product_cat","embeddable":true,"href":"https:\/\/travelsafe.nl\/de\/wp-json\/wp\/v2\/product_cat?post=37612"},{"taxonomy":"product_tag","embeddable":true,"href":"https:\/\/travelsafe.nl\/de\/wp-json\/wp\/v2\/product_tag?post=37612"}],"curies":[{"name":"wp","href":"https:\/\/api.w.org\/{rel}","templated":true}]}}