{"id":37791,"date":"2020-05-06T10:50:43","date_gmt":"2020-05-06T10:50:43","guid":{"rendered":"https:\/\/travelsafe.nl\/assortiment\/unkategorisiert\/combipack-cover-transporthoes-l-roze-nieuw\/"},"modified":"2023-05-12T10:50:26","modified_gmt":"2023-05-12T10:50:26","slug":"combipack-cover-transporthoes-l-roze-nieuw","status":"publish","type":"product","link":"https:\/\/travelsafe.nl\/de\/assortiment\/reise-zubehr\/reisetaschen\/rugzak-accessoires-de\/combipack-cover-transporthoes-l-roze-nieuw\/","title":{"rendered":"Combipack Cover Schutzsack L \u2013 Rosa \u2013 NEU"},"content":{"rendered":"<p>Diese leichte und wasserdichte Gep\u00e4ckschutzsack, zum Aufgeben am Autobus oder Flughafen, kann auch als Regenh\u00fclle verwendet werden. Der Beutel wird in einem kleinen, Praktischen Beutel geliefert. Geeignet f\u00fcr Rucks\u00e4cke ab 55 Liter!<\/p>\n<p>(Tipp: benutzen Sie immer einen TSA Verschluss, um die Tasche zu sichern!)<\/p>\n<p>Auch f\u00fcr Rucks\u00e4cke kleiner als 55 Liter erh\u00e4ltlich.<\/p>\n<p>TravelSafe bietet eine Gro\u00dfe Auswahl an Schutzh\u00fcllen wie Transporth\u00fcllen, Kombih\u00fcllen, Regenh\u00fcllen und Ponchos. Unverzichtbare Gegenst\u00e4nde f\u00fcr jedes Abenteuer.<\/p>\n<p>Abmessungen:\u00a0\u00a0 41 x 41 x 75 cm<br \/>\nInhalt:\u00a0 \u00a0 \u00a0 \u00a0 \u00a0 \u00a0 \u00a0 \u00a0 \u00a0&gt; 55 Liter<br \/>\nGewicht:\u00a0 \u00a0 \u00a0 \u00a0 \u00a0 \u00a0 \u00a0220 g<br \/>\nMaterial:\u00a0\u00a0 \u00a0 \u00a0 \u00a0\u00a0 \u00a0\u00a0 210D ripstop poly<br \/>\nFarbe: \u00a0\u00a0\u00a0\u00a0\u00a0\u00a0\u00a0\u00a0\u00a0\u00a0\u00a0\u00a0\u00a0\u00a0 \u00a0Rosa<\/p>\n","protected":false},"excerpt":{"rendered":"<p>Diese leichte und wasserdichte Gep\u00e4ckschutzsack, zum Aufgeben am Autobus oder Flughafen, kann auch als Regenh\u00fclle verwendet werden. Der Beutel wird in einem&hellip;<\/p>\n","protected":false},"featured_media":37788,"template":"","meta":{"_acf_changed":false},"product_brand":[],"product_cat":[2364,2561,2609],"product_tag":[],"class_list":{"0":"post-37791","1":"product","2":"type-product","3":"status-publish","4":"has-post-thumbnail","6":"product_cat-reise-zubehr","7":"product_cat-reisetaschen","8":"product_cat-rugzak-accessoires-de","10":"first","11":"instock","12":"shipping-taxable","13":"purchasable","14":"product-type-simple"},"acf":[],"_links":{"self":[{"href":"https:\/\/travelsafe.nl\/de\/wp-json\/wp\/v2\/product\/37791","targetHints":{"allow":["GET"]}}],"collection":[{"href":"https:\/\/travelsafe.nl\/de\/wp-json\/wp\/v2\/product"}],"about":[{"href":"https:\/\/travelsafe.nl\/de\/wp-json\/wp\/v2\/types\/product"}],"wp:featuredmedia":[{"embeddable":true,"href":"https:\/\/travelsafe.nl\/de\/wp-json\/wp\/v2\/media\/37788"}],"wp:attachment":[{"href":"https:\/\/travelsafe.nl\/de\/wp-json\/wp\/v2\/media?parent=37791"}],"wp:term":[{"taxonomy":"product_brand","embeddable":true,"href":"https:\/\/travelsafe.nl\/de\/wp-json\/wp\/v2\/product_brand?post=37791"},{"taxonomy":"product_cat","embeddable":true,"href":"https:\/\/travelsafe.nl\/de\/wp-json\/wp\/v2\/product_cat?post=37791"},{"taxonomy":"product_tag","embeddable":true,"href":"https:\/\/travelsafe.nl\/de\/wp-json\/wp\/v2\/product_tag?post=37791"}],"curies":[{"name":"wp","href":"https:\/\/api.w.org\/{rel}","templated":true}]}}