{"id":38274,"date":"2020-06-18T10:14:16","date_gmt":"2020-06-18T10:14:16","guid":{"rendered":"https:\/\/travelsafe.nl\/assortiment\/unkategorisiert\/cleansing-gel-29-ml\/"},"modified":"2023-05-23T07:18:44","modified_gmt":"2023-05-23T07:18:44","slug":"cleansing-gel-29-ml","status":"publish","type":"product","link":"https:\/\/travelsafe.nl\/de\/assortiment\/reise-zubehr\/gesundheit-reise-zubehr\/cleansing-gel-29-ml\/","title":{"rendered":"Reinigungsgel &#8211; 29 ml"},"content":{"rendered":"<p>TravelSafe Gel ist sehr hygienisch und praktisch im gebrauch. Durch die antibakterielle Wirkung k\u00f6nnen sie leicht der H\u00e4nde haupts\u00e4chlich ohne Wasser reinigen.<\/p>\n<p>Sehr handliche kleine Gr\u00f6\u00dfe, die Sie leicht in Ihrer Tasche tragen k\u00f6nnen.<\/p>\n<p>Verpackt in einer Box mit 50 St\u00fcck.<\/p>\n<p>Gewicht:\u00a037 g<br \/>\nInhalt:\u00a0 \u00a0 \u00a029 ml<\/p>\n","protected":false},"excerpt":{"rendered":"<p>TravelSafe Gel ist sehr hygienisch und praktisch im gebrauch. Durch die antibakterielle Wirkung k\u00f6nnen sie leicht der H\u00e4nde haupts\u00e4chlich ohne Wasser reinigen.&hellip;<\/p>\n","protected":false},"featured_media":38259,"template":"","meta":{"_acf_changed":false},"product_brand":[],"product_cat":[2516,2364],"product_tag":[],"class_list":{"0":"post-38274","1":"product","2":"type-product","3":"status-publish","4":"has-post-thumbnail","6":"product_cat-gesundheit-reise-zubehr","7":"product_cat-reise-zubehr","9":"first","10":"instock","11":"shipping-taxable","12":"purchasable","13":"product-type-simple"},"acf":[],"_links":{"self":[{"href":"https:\/\/travelsafe.nl\/de\/wp-json\/wp\/v2\/product\/38274","targetHints":{"allow":["GET"]}}],"collection":[{"href":"https:\/\/travelsafe.nl\/de\/wp-json\/wp\/v2\/product"}],"about":[{"href":"https:\/\/travelsafe.nl\/de\/wp-json\/wp\/v2\/types\/product"}],"wp:featuredmedia":[{"embeddable":true,"href":"https:\/\/travelsafe.nl\/de\/wp-json\/wp\/v2\/media\/38259"}],"wp:attachment":[{"href":"https:\/\/travelsafe.nl\/de\/wp-json\/wp\/v2\/media?parent=38274"}],"wp:term":[{"taxonomy":"product_brand","embeddable":true,"href":"https:\/\/travelsafe.nl\/de\/wp-json\/wp\/v2\/product_brand?post=38274"},{"taxonomy":"product_cat","embeddable":true,"href":"https:\/\/travelsafe.nl\/de\/wp-json\/wp\/v2\/product_cat?post=38274"},{"taxonomy":"product_tag","embeddable":true,"href":"https:\/\/travelsafe.nl\/de\/wp-json\/wp\/v2\/product_tag?post=38274"}],"curies":[{"name":"wp","href":"https:\/\/api.w.org\/{rel}","templated":true}]}}