{"id":44957,"date":"2023-04-18T12:35:29","date_gmt":"2023-04-18T12:35:29","guid":{"rendered":"https:\/\/travelsafe.nl\/assortiment\/unkategorisiert\/travelsafe-tropen-kit-40\/"},"modified":"2023-09-07T09:01:54","modified_gmt":"2023-09-07T09:01:54","slug":"travelsafe-tropen-kit-40","status":"publish","type":"product","link":"https:\/\/travelsafe.nl\/de\/assortiment\/insektenschutz\/insektenschutzmittel\/traveldeet-insektenschutzmittel\/travelsafe-tropen-kit-40\/","title":{"rendered":"TravelSafe Tropen-Kit 40%"},"content":{"rendered":"<p>Ein Tropen-Kit ist ein unverzichtbares Ausr\u00fcstungsteil f\u00fcr jeden Reisenden, der in hei\u00dfe und feuchte Gebiete reist. Das Kit enth\u00e4lt alles, was zur Behandlung der h\u00e4ufigsten Gesundheitsprobleme in den Tropen ben\u00f6tigt wird. Das Set enth\u00e4lt 1 x 40 % DEET-Flasche, 1 x praktisches DEET-Minispray zum Mitnehmen in Ihrer Tasche, Bisslinderungslotion, wenn Sie noch gestochen werden, 5 Beutel ORS und 5 Beutel Alkoholtupfer. Diese Artikel sind in einem praktischen, abschlie\u00dfbaren Koffer verpackt, der ausreichend Platz f\u00fcr andere Medikamente bietet.<\/p>\n<p>DEET ist ein sehr wirksames Insektenschutzmittel und die Flasche mit 40 % DEET ist ein Muss f\u00fcr jeden Reisenden, der in ein tropisches Gebiet reist. Das handliche DEET Mini-Spray ist perfekt f\u00fcr unterwegs in der Tasche. Es bietet Schutz vor M\u00fccken und anderen Insekten, die Krankheiten wie Malaria, Gelbfieber und Denguefieber \u00fcbertragen k\u00f6nnen.<\/p>\n<p>Die Bite Relief Lotion ist eine beruhigende Lotion, die Schmerzen und Juckreiz lindert, die mit Insektenstichen verbunden sind. Dies ist eine gro\u00dfartige Erg\u00e4nzung zum DEET-Spray, da es hilft, Sie zu beruhigen, wenn Sie immer noch gestochen werden.<\/p>\n<p>ORS-Taschen sind in jeder Tropenausr\u00fcstung unverzichtbar. Es ist wichtig, in hei\u00dfen und feuchten Gegenden hydratisiert zu bleiben, und ORS kann helfen, die Elektrolyte in Ihrem K\u00f6rper auszugleichen. Die Alkoholtupfer sind auch wichtig, um Ihre H\u00e4nde und den gestochenen Bereich richtig zu reinigen.<\/p>\n<p>Die praktische, abschlie\u00dfbare Tasche h\u00e4lt alle Gegenst\u00e4nde ordentlich organisiert und l\u00e4sst viel Platz f\u00fcr andere Medikamente, die m\u00f6glicherweise ben\u00f6tigt werden.<\/p>\n<p>Egal, ob Sie einen kurzen oder langen Aufenthalt in einem tropischen Gebiet planen, ein Tropen-Kit mit diesen Artikeln hilft Ihnen, sich w\u00e4hrend Ihrer Reise vor Krankheiten und Beschwerden zu sch\u00fctzen.<\/p>\n","protected":false},"excerpt":{"rendered":"<p>Ein Tropen-Kit ist ein unverzichtbares Ausr\u00fcstungsteil f\u00fcr jeden Reisenden, der in hei\u00dfe und feuchte Gebiete reist. Das Kit enth\u00e4lt alles, was zur&hellip;<\/p>\n","protected":false},"featured_media":44935,"template":"","meta":{"_acf_changed":false},"product_brand":[],"product_cat":[2362,2344,2541],"product_tag":[],"class_list":{"0":"post-44957","1":"product","2":"type-product","3":"status-publish","4":"has-post-thumbnail","6":"product_cat-insektenschutz","7":"product_cat-na-de-beet","8":"product_cat-traveldeet-insektenschutzmittel","10":"first","11":"instock","12":"shipping-taxable","13":"product-type-simple"},"acf":[],"_links":{"self":[{"href":"https:\/\/travelsafe.nl\/de\/wp-json\/wp\/v2\/product\/44957","targetHints":{"allow":["GET"]}}],"collection":[{"href":"https:\/\/travelsafe.nl\/de\/wp-json\/wp\/v2\/product"}],"about":[{"href":"https:\/\/travelsafe.nl\/de\/wp-json\/wp\/v2\/types\/product"}],"wp:featuredmedia":[{"embeddable":true,"href":"https:\/\/travelsafe.nl\/de\/wp-json\/wp\/v2\/media\/44935"}],"wp:attachment":[{"href":"https:\/\/travelsafe.nl\/de\/wp-json\/wp\/v2\/media?parent=44957"}],"wp:term":[{"taxonomy":"product_brand","embeddable":true,"href":"https:\/\/travelsafe.nl\/de\/wp-json\/wp\/v2\/product_brand?post=44957"},{"taxonomy":"product_cat","embeddable":true,"href":"https:\/\/travelsafe.nl\/de\/wp-json\/wp\/v2\/product_cat?post=44957"},{"taxonomy":"product_tag","embeddable":true,"href":"https:\/\/travelsafe.nl\/de\/wp-json\/wp\/v2\/product_tag?post=44957"}],"curies":[{"name":"wp","href":"https:\/\/api.w.org\/{rel}","templated":true}]}}