{"id":45730,"date":"2019-06-10T22:58:15","date_gmt":"2019-06-10T22:58:15","guid":{"rendered":"https:\/\/travelsafe.nl\/assortiment\/unkategorisiert\/travel-pillow-kids-with-cap-2\/"},"modified":"2023-08-10T15:16:00","modified_gmt":"2023-08-10T15:16:00","slug":"travel-pillow-kids-with-cap-2","status":"publish","type":"product","link":"https:\/\/travelsafe.nl\/de\/assortiment\/reise-zubehr\/reisezubehr-reise-zubehr\/nackenkissen\/travel-pillow-kids-with-cap-2\/","title":{"rendered":"Reisekissen Kinder mit Kappe"},"content":{"rendered":"<pre id=\"tw-target-text\" class=\"tw-data-text tw-text-large tw-ta\" dir=\"ltr\" data-placeholder=\"Vertaling\"><span class=\"Y2IQFc\" lang=\"de\">Neues Nackenkissen speziell f\u00fcr Kinder. Der Kapuzenpullover bedeckt den Kopf und sorgt f\u00fcr eine ruhige und angenehme Umgebung f\u00fcr das Kind. Es bildet sich der PP-Schaum\r\nperfekt am Hals.<\/span><\/pre>\n","protected":false},"excerpt":{"rendered":"<p>Neues Nackenkissen speziell f\u00fcr Kinder. Der Kapuzenpullover bedeckt den Kopf und sorgt f\u00fcr eine ruhige und angenehme Umgebung f\u00fcr das Kind. Es&hellip;<\/p>\n","protected":false},"featured_media":33910,"template":"","meta":{"_acf_changed":false},"product_brand":[],"product_cat":[2556,2364],"product_tag":[],"class_list":{"0":"post-45730","1":"product","2":"type-product","3":"status-publish","4":"has-post-thumbnail","6":"product_cat-nackenkissen","7":"product_cat-reise-zubehr","9":"first","10":"onbackorder","11":"purchasable","12":"product-type-simple"},"acf":[],"_links":{"self":[{"href":"https:\/\/travelsafe.nl\/de\/wp-json\/wp\/v2\/product\/45730","targetHints":{"allow":["GET"]}}],"collection":[{"href":"https:\/\/travelsafe.nl\/de\/wp-json\/wp\/v2\/product"}],"about":[{"href":"https:\/\/travelsafe.nl\/de\/wp-json\/wp\/v2\/types\/product"}],"wp:featuredmedia":[{"embeddable":true,"href":"https:\/\/travelsafe.nl\/de\/wp-json\/wp\/v2\/media\/33910"}],"wp:attachment":[{"href":"https:\/\/travelsafe.nl\/de\/wp-json\/wp\/v2\/media?parent=45730"}],"wp:term":[{"taxonomy":"product_brand","embeddable":true,"href":"https:\/\/travelsafe.nl\/de\/wp-json\/wp\/v2\/product_brand?post=45730"},{"taxonomy":"product_cat","embeddable":true,"href":"https:\/\/travelsafe.nl\/de\/wp-json\/wp\/v2\/product_cat?post=45730"},{"taxonomy":"product_tag","embeddable":true,"href":"https:\/\/travelsafe.nl\/de\/wp-json\/wp\/v2\/product_tag?post=45730"}],"curies":[{"name":"wp","href":"https:\/\/api.w.org\/{rel}","templated":true}]}}