{"id":45735,"date":"2019-06-10T22:57:57","date_gmt":"2019-06-10T22:57:57","guid":{"rendered":"https:\/\/travelsafe.nl\/assortiment\/unkategorisiert\/travel-pillow-kids-with-cap\/"},"modified":"2023-08-10T15:13:43","modified_gmt":"2023-08-10T15:13:43","slug":"travel-pillow-kids-with-cap","status":"publish","type":"product","link":"https:\/\/travelsafe.nl\/de\/assortiment\/reise-zubehr\/reisezubehr-reise-zubehr\/nackenkissen\/travel-pillow-kids-with-cap\/","title":{"rendered":"Reisekissen Kinder mit Kappe"},"content":{"rendered":"<p>Neues Nackenkissen speziell f\u00fcr Kinder. Der Kapuzenpullover bedeckt den Kopf und sorgt f\u00fcr eine ruhige und angenehme Umgebung f\u00fcr das Kind. Der PP-Schaum passt sich perfekt dem Hals an.<\/p>\n","protected":false},"excerpt":{"rendered":"<p>Neues Nackenkissen speziell f\u00fcr Kinder. Der Kapuzenpullover bedeckt den Kopf und sorgt f\u00fcr eine ruhige und angenehme Umgebung f\u00fcr das Kind. Der&hellip;<\/p>\n","protected":false},"featured_media":33897,"template":"","meta":{"_acf_changed":false},"product_brand":[],"product_cat":[2556,2364],"product_tag":[],"class_list":{"0":"post-45735","1":"product","2":"type-product","3":"status-publish","4":"has-post-thumbnail","6":"product_cat-nackenkissen","7":"product_cat-reise-zubehr","9":"first","10":"onbackorder","11":"purchasable","12":"product-type-simple"},"acf":[],"_links":{"self":[{"href":"https:\/\/travelsafe.nl\/de\/wp-json\/wp\/v2\/product\/45735","targetHints":{"allow":["GET"]}}],"collection":[{"href":"https:\/\/travelsafe.nl\/de\/wp-json\/wp\/v2\/product"}],"about":[{"href":"https:\/\/travelsafe.nl\/de\/wp-json\/wp\/v2\/types\/product"}],"wp:featuredmedia":[{"embeddable":true,"href":"https:\/\/travelsafe.nl\/de\/wp-json\/wp\/v2\/media\/33897"}],"wp:attachment":[{"href":"https:\/\/travelsafe.nl\/de\/wp-json\/wp\/v2\/media?parent=45735"}],"wp:term":[{"taxonomy":"product_brand","embeddable":true,"href":"https:\/\/travelsafe.nl\/de\/wp-json\/wp\/v2\/product_brand?post=45735"},{"taxonomy":"product_cat","embeddable":true,"href":"https:\/\/travelsafe.nl\/de\/wp-json\/wp\/v2\/product_cat?post=45735"},{"taxonomy":"product_tag","embeddable":true,"href":"https:\/\/travelsafe.nl\/de\/wp-json\/wp\/v2\/product_tag?post=45735"}],"curies":[{"name":"wp","href":"https:\/\/api.w.org\/{rel}","templated":true}]}}