{"id":46021,"date":"2026-02-19T10:59:19","date_gmt":"2026-02-19T10:59:19","guid":{"rendered":"https:\/\/travelsafe.nl\/?post_type=product&#038;p=46021"},"modified":"2026-02-19T10:59:19","modified_gmt":"2026-02-19T10:59:19","slug":"travelsafe-wasserfilter","status":"publish","type":"product","link":"https:\/\/travelsafe.nl\/de\/assortiment\/wasserreinigungsfilter\/travelsafe-wasserfilter\/","title":{"rendered":"TravelSafe Wasserfilter"},"content":{"rendered":"<p><strong>TravelSafe Wasserfilter \u2013 Sicheres und reines Trinkwasser, wo immer Sie sind<\/strong><\/p>\n<p>In Westeuropa und Nordamerika ist Leitungswasser in der Regel von ausgezeichneter Qualit\u00e4t. Reisen Sie jedoch in andere Teile der Welt, ist es ratsam, zus\u00e4tzliche Vorsichtsma\u00dfnahmen zu treffen und Ihr Trinkwasser zu reinigen oder auf Flaschenwasser zur\u00fcckzugreifen. Selbst in der Wildnis haben Sie oft keinen zuverl\u00e4ssigen Zugang zu sauberem Trinkwasser. Oberfl\u00e4chenwasser kann mit Mikroorganismen, Bakterien und Viren verunreinigt sein \u2013 und das ist sicherlich nicht das Wasser, das Sie trinken m\u00f6chten.<\/p>\n<p>Wie funktioniert es?<br \/>\nDer TravelSafe Wasserfilter verwendet zwei Filterelemente:<br \/>\nHohlfaserfilter: Dieses Filterelement reinigt das Wasser mithilfe von Mikrofaserr\u00f6hrchen, die sch\u00e4dliche Bakterien und Protozoen zur\u00fcckhalten.<br \/>\nAuswechselbarer Aktivkohlefilter: Dieser Filter reduziert die Belastung mit Chemikalien und verbessert den Geschmack des Wassers.<\/p>\n<p>Dank fortschrittlicher Mikrofasertechnologie \u2013 basierend auf der medizinischen Dialyse \u2013 wird Wasser aus Seen, Fl\u00fcssen und B\u00e4chen effektiv gereinigt. Wasser flie\u00dft durch die W\u00e4nde der Mikrofaserr\u00f6hrchen in den Hohlkern, w\u00e4hrend sch\u00e4dliche Bakterien und Protozoen an der Au\u00dfenseite der R\u00f6hrchen zur\u00fcckgehalten werden.<\/p>\n<p>Mit dem TravelSafe Wasserfilter genie\u00dfen Sie garantiert sauberes und sicheres Trinkwasser, egal wohin Ihre Reise Sie f\u00fchrt!<\/p>\n<p>Technische Daten:<\/p>\n<ul>\n<li>Kapazit\u00e4t bis zu 5000 Liter, abh\u00e4ngig von der Wasserqualit\u00e4t<\/li>\n<li>Durchflussrate: 450 ml pro Minute<\/li>\n<li>Hohlfaserfilter mit einem Porendurchmesser von 0,1 Mikron<\/li>\n<li>Entfernt 99,9 % der Bakterien (einschlie\u00dflich E. coli)<\/li>\n<li>Entfernt 99,9 % der Parasiten und Protozoen (Giardia lamblia und Cryptosporidium)<\/li>\n<li>Filtert Mikroplastik<\/li>\n<li>Geeignet f\u00fcr Temperaturen von 0\u201332 \u00b0C<\/li>\n<li>Leicht zu reinigen<\/li>\n<li>Ersatzfilter separat erh\u00e4ltlich<\/li>\n<\/ul>\n","protected":false},"excerpt":{"rendered":"<p>TravelSafe Wasserfilter \u2013 Sicheres und reines Trinkwasser, wo immer Sie sind In Westeuropa und Nordamerika ist Leitungswasser in der Regel von ausgezeichneter&hellip;<\/p>\n","protected":false},"featured_media":46013,"template":"","meta":{"_acf_changed":false},"product_brand":[],"product_cat":[4818],"product_tag":[],"class_list":{"0":"post-46021","1":"product","2":"type-product","3":"status-publish","4":"has-post-thumbnail","6":"product_cat-wasserreinigungsfilter","8":"first","9":"outofstock","10":"shipping-taxable","11":"purchasable","12":"product-type-simple"},"acf":[],"_links":{"self":[{"href":"https:\/\/travelsafe.nl\/de\/wp-json\/wp\/v2\/product\/46021","targetHints":{"allow":["GET"]}}],"collection":[{"href":"https:\/\/travelsafe.nl\/de\/wp-json\/wp\/v2\/product"}],"about":[{"href":"https:\/\/travelsafe.nl\/de\/wp-json\/wp\/v2\/types\/product"}],"wp:featuredmedia":[{"embeddable":true,"href":"https:\/\/travelsafe.nl\/de\/wp-json\/wp\/v2\/media\/46013"}],"wp:attachment":[{"href":"https:\/\/travelsafe.nl\/de\/wp-json\/wp\/v2\/media?parent=46021"}],"wp:term":[{"taxonomy":"product_brand","embeddable":true,"href":"https:\/\/travelsafe.nl\/de\/wp-json\/wp\/v2\/product_brand?post=46021"},{"taxonomy":"product_cat","embeddable":true,"href":"https:\/\/travelsafe.nl\/de\/wp-json\/wp\/v2\/product_cat?post=46021"},{"taxonomy":"product_tag","embeddable":true,"href":"https:\/\/travelsafe.nl\/de\/wp-json\/wp\/v2\/product_tag?post=46021"}],"curies":[{"name":"wp","href":"https:\/\/api.w.org\/{rel}","templated":true}]}}