{"id":46043,"date":"2026-02-19T11:19:39","date_gmt":"2026-02-19T11:19:39","guid":{"rendered":"https:\/\/travelsafe.nl\/?post_type=product&#038;p=46043"},"modified":"2026-02-19T11:19:39","modified_gmt":"2026-02-19T11:19:39","slug":"mikrofaser-ersatzfilter","status":"publish","type":"product","link":"https:\/\/travelsafe.nl\/de\/assortiment\/wasserreinigungsfilter\/mikrofaser-ersatzfilter\/","title":{"rendered":"Mikrofaser-Ersatzfilter"},"content":{"rendered":"<p>Ersatzfilter f\u00fcr den TravelSafe TravelFilter. Mit diesem Mikrofaserfilter k\u00f6nnen Sie bis zu 5000 Liter Wasser filtern. Weitere Informationen zu Verwendung, Pflege und Reinigung finden Sie in der Gebrauchsanweisung des TravelFilters.<\/p>\n<p>Material: 0,1 Mikron Hohlfasermembran f\u00fcr Ultrafiltration<br \/>\nAbmessungen: \u00d8 2,7 x 12,7 cm<br \/>\nGewicht: 36 g<br \/>\nKapazit\u00e4t: bis zu 5000 Liter (abh\u00e4ngig von der Wasserqualit\u00e4<\/p>\n","protected":false},"excerpt":{"rendered":"<p>Ersatzfilter f\u00fcr den TravelSafe TravelFilter. Mit diesem Mikrofaserfilter k\u00f6nnen Sie bis zu 5000 Liter Wasser filtern. Weitere Informationen zu Verwendung, Pflege und&hellip;<\/p>\n","protected":false},"featured_media":46029,"template":"","meta":{"_acf_changed":false},"product_brand":[],"product_cat":[4818],"product_tag":[],"class_list":{"0":"post-46043","1":"product","2":"type-product","3":"status-publish","4":"has-post-thumbnail","6":"product_cat-wasserreinigungsfilter","8":"first","9":"instock","10":"shipping-taxable","11":"product-type-simple"},"acf":[],"_links":{"self":[{"href":"https:\/\/travelsafe.nl\/de\/wp-json\/wp\/v2\/product\/46043","targetHints":{"allow":["GET"]}}],"collection":[{"href":"https:\/\/travelsafe.nl\/de\/wp-json\/wp\/v2\/product"}],"about":[{"href":"https:\/\/travelsafe.nl\/de\/wp-json\/wp\/v2\/types\/product"}],"wp:featuredmedia":[{"embeddable":true,"href":"https:\/\/travelsafe.nl\/de\/wp-json\/wp\/v2\/media\/46029"}],"wp:attachment":[{"href":"https:\/\/travelsafe.nl\/de\/wp-json\/wp\/v2\/media?parent=46043"}],"wp:term":[{"taxonomy":"product_brand","embeddable":true,"href":"https:\/\/travelsafe.nl\/de\/wp-json\/wp\/v2\/product_brand?post=46043"},{"taxonomy":"product_cat","embeddable":true,"href":"https:\/\/travelsafe.nl\/de\/wp-json\/wp\/v2\/product_cat?post=46043"},{"taxonomy":"product_tag","embeddable":true,"href":"https:\/\/travelsafe.nl\/de\/wp-json\/wp\/v2\/product_tag?post=46043"}],"curies":[{"name":"wp","href":"https:\/\/api.w.org\/{rel}","templated":true}]}}