{"id":46073,"date":"2026-02-19T11:33:10","date_gmt":"2026-02-19T11:33:10","guid":{"rendered":"https:\/\/travelsafe.nl\/?post_type=product&#038;p=46073"},"modified":"2026-02-19T11:37:34","modified_gmt":"2026-02-19T11:37:34","slug":"kohle-ersatzfilter","status":"publish","type":"product","link":"https:\/\/travelsafe.nl\/de\/assortiment\/wasserreinigungsfilter\/kohle-ersatzfilter\/","title":{"rendered":"Kohle-Ersatzfilter"},"content":{"rendered":"<p>Dieser Kohlefilter wird im Zweierpack verkauft und hat eine typische Lebensdauer von 30 Tagen. Er dient als erste Filterstufe und entfernt gr\u00f6\u00dfere Partikel aus dem Wasser. Daher h\u00e4ngt seine Lebensdauer stark von der Wassertr\u00fcbung ab.<\/p>\n<p>Weitere Informationen zu Verwendung, Wartung und Reinigung finden Sie in der Gebrauchsanweisung des Reisefilters.<\/p>\n<p>Material: Aktivkohlefaser (GAC) + PP-Baumwolle<br \/>\nAbmessungen: \u00d8 3 x 3 cm<br \/>\nGewicht: 36 g<br \/>\nReichweite: Bis zu 30 Tage, abh\u00e4ngig von der Wasserqualit\u00e4t.<\/p>\n","protected":false},"excerpt":{"rendered":"<p>Dieser Kohlefilter wird im Zweierpack verkauft und hat eine typische Lebensdauer von 30 Tagen. Er dient als erste Filterstufe und entfernt gr\u00f6\u00dfere&hellip;<\/p>\n","protected":false},"featured_media":46049,"template":"","meta":{"_acf_changed":false},"product_brand":[],"product_cat":[4818],"product_tag":[],"class_list":{"0":"post-46073","1":"product","2":"type-product","3":"status-publish","4":"has-post-thumbnail","6":"product_cat-wasserreinigungsfilter","8":"first","9":"instock","10":"shipping-taxable","11":"product-type-simple"},"acf":[],"_links":{"self":[{"href":"https:\/\/travelsafe.nl\/de\/wp-json\/wp\/v2\/product\/46073","targetHints":{"allow":["GET"]}}],"collection":[{"href":"https:\/\/travelsafe.nl\/de\/wp-json\/wp\/v2\/product"}],"about":[{"href":"https:\/\/travelsafe.nl\/de\/wp-json\/wp\/v2\/types\/product"}],"wp:featuredmedia":[{"embeddable":true,"href":"https:\/\/travelsafe.nl\/de\/wp-json\/wp\/v2\/media\/46049"}],"wp:attachment":[{"href":"https:\/\/travelsafe.nl\/de\/wp-json\/wp\/v2\/media?parent=46073"}],"wp:term":[{"taxonomy":"product_brand","embeddable":true,"href":"https:\/\/travelsafe.nl\/de\/wp-json\/wp\/v2\/product_brand?post=46073"},{"taxonomy":"product_cat","embeddable":true,"href":"https:\/\/travelsafe.nl\/de\/wp-json\/wp\/v2\/product_cat?post=46073"},{"taxonomy":"product_tag","embeddable":true,"href":"https:\/\/travelsafe.nl\/de\/wp-json\/wp\/v2\/product_tag?post=46073"}],"curies":[{"name":"wp","href":"https:\/\/api.w.org\/{rel}","templated":true}]}}