{"id":35353,"date":"2019-06-10T23:11:13","date_gmt":"2019-06-10T23:11:13","guid":{"rendered":"http:\/\/travelsafe.nl\/assortiment\/uncategorized\/rubber-addresslabel-orange\/"},"modified":"2023-05-12T09:33:25","modified_gmt":"2023-05-12T09:33:25","slug":"rubber-addresslabel-orange","status":"publish","type":"product","link":"https:\/\/travelsafe.nl\/en\/assortiment\/travel-accessories\/travel-accessories-travel-accessories\/others-travel-accessories-travel-accessories\/rubber-addresslabel-orange\/","title":{"rendered":"\u00c9tiquette ID en caoutchouc &#8211; Orange"},"content":{"rendered":"<p>\u00c9tiquette d\u2019adresse originale en caoutchouc avec\u00a0c\u00e2ble de fixation en acier. Peut \u00eatre attach\u00e9 \u00e0 vos<br \/>\nbagages par une ceinture ou une boucle. Le bo\u00eetier robuste en PVC emp\u00eache les dommages pendant le transport.<\/p>\n<p>Couleurs disponibles : noir, bleu et orange<\/p>\n<p>Dimensions : 10,5 x 6,5 cm<br \/>\nPoids :\u00a0 \u00a0 \u00a0 \u00a0 \u00a0 \u00a048 g<br \/>\nMati\u00e8re :\u00a0 \u00a0 \u00a0 \u00a0caoutchouc avec PVC et c\u00e2ble de fixation en acier<br \/>\nCouleur :\u00a0 \u00a0 \u00a0 \u00a0Orange<\/p>\n","protected":false},"excerpt":{"rendered":"<p>\u00c9tiquette d\u2019adresse originale en caoutchouc avec\u00a0c\u00e2ble de fixation en acier. Peut \u00eatre attach\u00e9 \u00e0 vos bagages par une ceinture ou une boucle.&hellip;<\/p>\n","protected":false},"featured_media":33414,"template":"","meta":{"_acf_changed":false},"product_brand":[],"product_cat":[2388,2369,2382],"product_tag":[],"class_list":{"0":"post-35353","1":"product","2":"type-product","3":"status-publish","4":"has-post-thumbnail","6":"product_cat-others-travel-accessories-travel-accessories","7":"product_cat-travel-accessories","8":"product_cat-travel-accessories-travel-accessories","10":"first","11":"onbackorder","12":"purchasable","13":"product-type-simple"},"acf":[],"_links":{"self":[{"href":"https:\/\/travelsafe.nl\/en\/wp-json\/wp\/v2\/product\/35353","targetHints":{"allow":["GET"]}}],"collection":[{"href":"https:\/\/travelsafe.nl\/en\/wp-json\/wp\/v2\/product"}],"about":[{"href":"https:\/\/travelsafe.nl\/en\/wp-json\/wp\/v2\/types\/product"}],"wp:featuredmedia":[{"embeddable":true,"href":"https:\/\/travelsafe.nl\/en\/wp-json\/wp\/v2\/media\/33414"}],"wp:attachment":[{"href":"https:\/\/travelsafe.nl\/en\/wp-json\/wp\/v2\/media?parent=35353"}],"wp:term":[{"taxonomy":"product_brand","embeddable":true,"href":"https:\/\/travelsafe.nl\/en\/wp-json\/wp\/v2\/product_brand?post=35353"},{"taxonomy":"product_cat","embeddable":true,"href":"https:\/\/travelsafe.nl\/en\/wp-json\/wp\/v2\/product_cat?post=35353"},{"taxonomy":"product_tag","embeddable":true,"href":"https:\/\/travelsafe.nl\/en\/wp-json\/wp\/v2\/product_tag?post=35353"}],"curies":[{"name":"wp","href":"https:\/\/api.w.org\/{rel}","templated":true}]}}