{"id":44805,"date":"2023-03-21T10:56:09","date_gmt":"2023-03-21T10:56:09","guid":{"rendered":"https:\/\/travelsafe.nl\/assortiment\/uncategorized\/mosquitera-travelsafe-pop-out-piramide-tropenproof-1-2-personas\/"},"modified":"2023-05-15T07:33:04","modified_gmt":"2023-05-15T07:33:04","slug":"mosquitera-travelsafe-pop-out-piramide-tropenproof-1-2-personas","status":"publish","type":"product","link":"https:\/\/travelsafe.nl\/es\/assortiment\/mosquitero\/impregnado\/1-2-persona\/mosquitera-travelsafe-pop-out-piramide-tropenproof-1-2-personas\/","title":{"rendered":"Mosquitera TravelSafe &#8211; Pop Out &#8211; Pir\u00e1mide &#8211; Impregnadas &#8211; 1-2 personas"},"content":{"rendered":"<p>Este mosquitero TravelSafe es adecuado para 1 o 2 personas y se ha desarrollado especialmente para personas que quieren viajar ligeras y compactas, como mochileros, viajeros del mundo, etc. El mosquitero contiene un anillo que se abre en el momento en que lo sacas. del embalaje. Este anillo tiene un di\u00e1metro de 55 cm lo que garantiza que caiga justo hacia abajo y no tan inclinado, para que no toque tu cuerpo. Adem\u00e1s, esto ofrece m\u00e1s espacio interior y es menos agobiante que otras redes con un anillo m\u00e1s peque\u00f1o. La mosquitera tiene una altura de 280 cm para que puedas colgar la mosquitera en cualquier lugar de cualquier techo y dejar suficiente tela para poner debajo del colch\u00f3n cama para que tengas una zona de dormir bien cerrada y libre de mosquitos.<\/p>\n<p>Este modelo de pir\u00e1mide es muy f\u00e1cil de colgar gracias a la cuerda y los ganchos de montaje suministrados. Cuando desee volver a guardar el mosquitero, el anillo se puede plegar f\u00e1cilmente en un peque\u00f1o paquete con un simple movimiento. Este mosquitero impregnado es muy adecuado para pa\u00edses con mayor riesgo de malaria, dengue, etc., pero tambi\u00e9n es muy resistente a los peque\u00f1os mosquitos (Escandinavia).<\/p>\n<p><strong>Mosquiteras impregnadas certificadas UE.<\/strong> Los mosquiteros impregnados TravelSafe ofrecen una protecci\u00f3n \u00f3ptima contra los mosquitos (malaria) y otros insectos que pican. Las mosquiteras est\u00e1n fabricadas seg\u00fan las directrices de la OMS y certificadas por las autoridades de la UE, solo esto garantiza el funcionamiento y la eficacia de la mosquitera.<\/p>\n<p>TravelSafe ofrece una gama completa de mosquiteros. TravelSafe tiene el mosquitero adecuado para cada categor\u00eda de viajero. Si vas al tr\u00f3pico, elige siempre la mosquitera impregnada. Si te alojas dentro de Europa, elige la mosquitera Basic y si viajas a Escandinavia o Escocia, elige la mosquitera Nordic con malla extrafina. Todas las redes TravelSafe cumplen con los m\u00e1s altos requisitos de calidad, est\u00e1n cerradas por todas partes, tienen una malla fina y algunos modelos tambi\u00e9n est\u00e1n equipados con una tira plegable extra resistente. El exclusivo sistema de codificaci\u00f3n por colores le facilita la elecci\u00f3n. Todos los mosquiteros empacados en fundas azules son los mosquiteros b\u00e1sicos que se pueden usar en Europa, los mosquiteros empacados en fundas verdes son de malla extra fina y lo protegen contra los insectos m\u00e1s peque\u00f1os como los mosquitos, peque\u00f1os t\u00e1banos, que se encuentran en Escandinavia\/Escocia. Las redes, empaquetadas en mangas naranjas, est\u00e1n especialmente dise\u00f1adas para su uso en los tr\u00f3picos.<\/p>\n<p>dise\u00f1adas para su uso en los tr\u00f3picos.<\/p>\n<p>Dimensiones: Di\u00e1metro 850 x 280 cm<br \/>\nPeso: 660g<br \/>\nMaterial:\u00a0 \u00a0\u00a0 \u00a0Poli\u00e9ster \/ Malla<br \/>\nPersonas: 1-2<br \/>\nDensidad: 225 agujeros\/pulgada\u00b2<br \/>\nTama\u00f1o plegado: 26 x 26 x 6,5 cm<\/p>\n","protected":false},"excerpt":{"rendered":"<p>Este mosquitero TravelSafe es adecuado para 1 o 2 personas y se ha desarrollado especialmente para personas que quieren viajar ligeras y&hellip;<\/p>\n","protected":false},"featured_media":45042,"template":"","meta":{"_acf_changed":false},"product_brand":[],"product_cat":[2915,2917,2918],"product_tag":[],"class_list":{"0":"post-44805","1":"product","2":"type-product","3":"status-publish","4":"has-post-thumbnail","6":"product_cat-mosquitero","7":"product_cat-impregnado","8":"product_cat-1-2-persona","10":"first","11":"instock","12":"purchasable","13":"product-type-simple"},"acf":[],"_links":{"self":[{"href":"https:\/\/travelsafe.nl\/es\/wp-json\/wp\/v2\/product\/44805","targetHints":{"allow":["GET"]}}],"collection":[{"href":"https:\/\/travelsafe.nl\/es\/wp-json\/wp\/v2\/product"}],"about":[{"href":"https:\/\/travelsafe.nl\/es\/wp-json\/wp\/v2\/types\/product"}],"wp:featuredmedia":[{"embeddable":true,"href":"https:\/\/travelsafe.nl\/es\/wp-json\/wp\/v2\/media\/45042"}],"wp:attachment":[{"href":"https:\/\/travelsafe.nl\/es\/wp-json\/wp\/v2\/media?parent=44805"}],"wp:term":[{"taxonomy":"product_brand","embeddable":true,"href":"https:\/\/travelsafe.nl\/es\/wp-json\/wp\/v2\/product_brand?post=44805"},{"taxonomy":"product_cat","embeddable":true,"href":"https:\/\/travelsafe.nl\/es\/wp-json\/wp\/v2\/product_cat?post=44805"},{"taxonomy":"product_tag","embeddable":true,"href":"https:\/\/travelsafe.nl\/es\/wp-json\/wp\/v2\/product_tag?post=44805"}],"curies":[{"name":"wp","href":"https:\/\/api.w.org\/{rel}","templated":true}]}}