{"id":44812,"date":"2023-03-21T15:05:19","date_gmt":"2023-03-21T15:05:19","guid":{"rendered":"https:\/\/travelsafe.nl\/assortiment\/uncategorized\/globe-scout-botiquin-de-primeros-auxilios\/"},"modified":"2023-05-15T07:15:53","modified_gmt":"2023-05-15T07:15:53","slug":"globe-scout-botiquin-de-primeros-auxilios","status":"publish","type":"product","link":"https:\/\/travelsafe.nl\/es\/assortiment\/1-kit-de-primeros-auxilios\/kit-basico\/globe-scout-botiquin-de-primeros-auxilios\/","title":{"rendered":"Globe Scout -Botiqu\u00edn de primeros auxilios"},"content":{"rendered":"<p>Botiqu\u00edn de primeros auxilios compacto de TravelSafe con los ingredientes b\u00e1sicos, ideal para actividades al aire libre (de exploraci\u00f3n) cortas y sencillas o para uso diario. El kit Globe Scout est\u00e1 empaquetado en una bolsa de nuevo dise\u00f1o hecha de poli\u00e9ster resistente y duradero con 2 bolsillos transparentes. Los bolsillos transparentes hacen que sea muy f\u00e1cil encontrar los art\u00edculos que necesita r\u00e1pidamente. La parte posterior del equipo tiene un parche especial, por lo que puede colocar f\u00e1cilmente el equipo en su mochila o cintur\u00f3n.<\/p>\n<p>Si, por las circunstancias, no tiene acceso inmediato a la asistencia m\u00e9dica adecuada, esto puede conducir a situaciones peligrosas. Por lo tanto, debe asegurarse de tener cosas buenas con usted. Se ha desarrollado un botiqu\u00edn de primeros auxilios compacto y f\u00e1cil de usar para cada destino de viaje o actividad, completo con una declaraci\u00f3n del m\u00e9dico cuando sea necesario. Si viaja a un pa\u00eds sin riesgo de Hepatitis B\/VIH, principalmente pa\u00edses de Europa, entonces un botiqu\u00edn de primeros auxilios (azul-rojo) ser\u00e1 suficiente. Se recomienda encarecidamente un kit est\u00e9ril (naranja-amarillo fl\u00faor) si visita pa\u00edses con riesgo de Hepatitis B\/VIH. Los ejemplos incluyen \u00c1frica, Am\u00e9rica del Sur y Asia, en resumen, los (sub) tr\u00f3picos.<\/p>\n<p>Dimensiones: 10 x 6,5 x 3 cm<br \/>\nPeso: 105g<br \/>\nMaterial:      Poli\u00e9ster<br \/>\nArt\u00edculos:      17<\/p>\n","protected":false},"excerpt":{"rendered":"<p>Botiqu\u00edn de primeros auxilios compacto de TravelSafe con los ingredientes b\u00e1sicos, ideal para actividades al aire libre (de exploraci\u00f3n) cortas y sencillas&hellip;<\/p>\n","protected":false},"featured_media":43708,"template":"","meta":{"_acf_changed":false},"product_brand":[],"product_cat":[2912,2913],"product_tag":[],"class_list":{"0":"post-44812","1":"product","2":"type-product","3":"status-publish","4":"has-post-thumbnail","6":"product_cat-1-kit-de-primeros-auxilios","7":"product_cat-kit-basico","9":"first","10":"instock","11":"purchasable","12":"product-type-simple"},"acf":[],"_links":{"self":[{"href":"https:\/\/travelsafe.nl\/es\/wp-json\/wp\/v2\/product\/44812","targetHints":{"allow":["GET"]}}],"collection":[{"href":"https:\/\/travelsafe.nl\/es\/wp-json\/wp\/v2\/product"}],"about":[{"href":"https:\/\/travelsafe.nl\/es\/wp-json\/wp\/v2\/types\/product"}],"wp:featuredmedia":[{"embeddable":true,"href":"https:\/\/travelsafe.nl\/es\/wp-json\/wp\/v2\/media\/43708"}],"wp:attachment":[{"href":"https:\/\/travelsafe.nl\/es\/wp-json\/wp\/v2\/media?parent=44812"}],"wp:term":[{"taxonomy":"product_brand","embeddable":true,"href":"https:\/\/travelsafe.nl\/es\/wp-json\/wp\/v2\/product_brand?post=44812"},{"taxonomy":"product_cat","embeddable":true,"href":"https:\/\/travelsafe.nl\/es\/wp-json\/wp\/v2\/product_cat?post=44812"},{"taxonomy":"product_tag","embeddable":true,"href":"https:\/\/travelsafe.nl\/es\/wp-json\/wp\/v2\/product_tag?post=44812"}],"curies":[{"name":"wp","href":"https:\/\/api.w.org\/{rel}","templated":true}]}}