{"id":44813,"date":"2019-06-10T22:58:42","date_gmt":"2019-06-10T22:58:42","guid":{"rendered":"https:\/\/travelsafe.nl\/assortiment\/uncategorized\/globe-tour-botiquin-de-primeros-auxilios\/"},"modified":"2023-05-23T13:10:54","modified_gmt":"2023-05-23T13:10:54","slug":"first-aid-kit-globe-tour","status":"publish","type":"product","link":"https:\/\/travelsafe.nl\/es\/assortiment\/1-kit-de-primeros-auxilios\/kit-basico\/first-aid-kit-globe-tour\/","title":{"rendered":"Globe Tour &#8211; Botiqu\u00edn de primeros auxilios"},"content":{"rendered":"<p>Este botiqu\u00edn de primeros auxilios es apto para todo tipo de viajes y\/o actividades al aire libre y es muy completo. El contenido consta de elementos de primeros auxilios (56 piezas) que puede necesitar durante su viaje. Diferentes tipos de vendajes, tiritas, tijeras, una lanceta para sangre, etc. El Globe Tour es un kit de nuevo dise\u00f1o hecho de un poli\u00e9ster fuerte y duradero con muchos compartimentos transparentes diferentes (10x) y un gran bolsillo con cremallera. Los compartimentos transparentes hacen que sea muy f\u00e1cil encontrar los art\u00edculos que necesita r\u00e1pidamente a la vez. La parte posterior del kit tiene parches de montaje reforzados para que puedas sujetarlo f\u00e1cilmente a tu mochila o cintur\u00f3n.<\/p>\n<p>Si, por las circunstancias, no tiene acceso inmediato a la asistencia m\u00e9dica adecuada, esto puede conducir a situaciones peligrosas. Por lo tanto, debe asegurarse de tener cosas buenas con usted. Se ha desarrollado un botiqu\u00edn de primeros auxilios compacto y f\u00e1cil de usar para cada destino de viaje o actividad, completo con una declaraci\u00f3n del m\u00e9dico cuando sea necesario. Si viaja a un pa\u00eds sin riesgo de hepatitis B\/VIH, principalmente pa\u00edses de Europa, entonces un botiqu\u00edn de primeros auxilios (azul-rojo) ser\u00e1 suficiente. Se recomienda encarecidamente un kit est\u00e9ril (naranja-amarillo fl\u00faor) si visita pa\u00edses con riesgo de hepatitis B\/VIH. Los ejemplos incluyen \u00c1frica, Am\u00e9rica del Sur y Asia, en resumen, los (sub) tr\u00f3picos.<\/p>\n<p>Dimensiones: 18 x 12 x 5,5 cm<br \/>\nPeso: 453g<br \/>\nMaterial:\u00a0poli\u00e9ster<br \/>\nArt\u00edculos: 57<\/p>\n","protected":false},"excerpt":{"rendered":"<p>Este botiqu\u00edn de primeros auxilios es apto para todo tipo de viajes y\/o actividades al aire libre y es muy completo. El&hellip;<\/p>\n","protected":false},"featured_media":43722,"template":"","meta":{"_acf_changed":false},"product_brand":[],"product_cat":[2912,2913],"product_tag":[],"class_list":{"0":"post-44813","1":"product","2":"type-product","3":"status-publish","4":"has-post-thumbnail","6":"product_cat-1-kit-de-primeros-auxilios","7":"product_cat-kit-basico","9":"first","10":"instock","11":"purchasable","12":"product-type-simple"},"acf":[],"_links":{"self":[{"href":"https:\/\/travelsafe.nl\/es\/wp-json\/wp\/v2\/product\/44813","targetHints":{"allow":["GET"]}}],"collection":[{"href":"https:\/\/travelsafe.nl\/es\/wp-json\/wp\/v2\/product"}],"about":[{"href":"https:\/\/travelsafe.nl\/es\/wp-json\/wp\/v2\/types\/product"}],"wp:featuredmedia":[{"embeddable":true,"href":"https:\/\/travelsafe.nl\/es\/wp-json\/wp\/v2\/media\/43722"}],"wp:attachment":[{"href":"https:\/\/travelsafe.nl\/es\/wp-json\/wp\/v2\/media?parent=44813"}],"wp:term":[{"taxonomy":"product_brand","embeddable":true,"href":"https:\/\/travelsafe.nl\/es\/wp-json\/wp\/v2\/product_brand?post=44813"},{"taxonomy":"product_cat","embeddable":true,"href":"https:\/\/travelsafe.nl\/es\/wp-json\/wp\/v2\/product_cat?post=44813"},{"taxonomy":"product_tag","embeddable":true,"href":"https:\/\/travelsafe.nl\/es\/wp-json\/wp\/v2\/product_tag?post=44813"}],"curies":[{"name":"wp","href":"https:\/\/api.w.org\/{rel}","templated":true}]}}