{"id":44815,"date":"2019-06-10T22:59:04","date_gmt":"2019-06-10T22:59:04","guid":{"rendered":"https:\/\/travelsafe.nl\/assortiment\/uncategorized\/globe-runner-botiquin-de-primeros-auxilios\/"},"modified":"2026-02-19T15:39:39","modified_gmt":"2026-02-19T15:39:39","slug":"globe-runner-ehbo-kit","status":"publish","type":"product","link":"https:\/\/travelsafe.nl\/es\/assortiment\/1-kit-de-primeros-auxilios\/kit-basico\/globe-runner-ehbo-kit\/","title":{"rendered":"Globe Hiker &#8211; Botiqu\u00edn de primeros auxilios"},"content":{"rendered":"<p>Un peque\u00f1o y compacto botiqu\u00edn de primeros auxilios para excursionistas. El conjunto tiene un parche especial en la parte posterior para sujetarlo a su cintur\u00f3n o mochila. El Runner contiene los elementos b\u00e1sicos de primeros auxilios, como vendas, tiritas, un vendaje adhesivo, pero tambi\u00e9n tiritas para ampollas, lancetas para sangre e hisopos con alcohol que se necesitan durante una caminata en caso de posibles lesiones en los pies o los tobillos.<\/p>\n<p>Si, por las circunstancias, no tiene acceso inmediato a la asistencia m\u00e9dica adecuada, esto puede conducir a situaciones peligrosas. Por lo tanto, debe asegurarse de tener cosas buenas con usted. Se ha desarrollado un botiqu\u00edn de primeros auxilios compacto y f\u00e1cil de usar para cada destino de viaje o actividad, completo con una declaraci\u00f3n del m\u00e9dico cuando sea necesario. Si viaja a un pa\u00eds sin riesgo de Hepatitis B\/VIH, principalmente pa\u00edses de Europa, entonces un botiqu\u00edn de primeros auxilios (azul-rojo) ser\u00e1 suficiente. Se recomienda encarecidamente un kit est\u00e9ril (naranja-amarillo fl\u00faor) si visita pa\u00edses con riesgo de hepatitis B\/VIH. Los ejemplos incluyen \u00c1frica, Am\u00e9rica del Sur y Asia, en resumen, los (sub) tr\u00f3picos.<\/p>\n<p>Dimensiones: 10 x 12,5 x 6,5 cm<br \/>\nPeso: 168g<br \/>\nMaterial:\u00a0poli\u00e9ster<br \/>\nArt\u00edculos: 25<\/p>\n","protected":false},"excerpt":{"rendered":"<p>Un peque\u00f1o y compacto botiqu\u00edn de primeros auxilios para excursionistas. El conjunto tiene un parche especial en la parte posterior para sujetarlo&hellip;<\/p>\n","protected":false},"featured_media":43765,"template":"","meta":{"_acf_changed":false},"product_brand":[],"product_cat":[2912,2913],"product_tag":[],"class_list":{"0":"post-44815","1":"product","2":"type-product","3":"status-publish","4":"has-post-thumbnail","6":"product_cat-1-kit-de-primeros-auxilios","7":"product_cat-kit-basico","9":"first","10":"instock","11":"purchasable","12":"product-type-simple"},"acf":[],"_links":{"self":[{"href":"https:\/\/travelsafe.nl\/es\/wp-json\/wp\/v2\/product\/44815","targetHints":{"allow":["GET"]}}],"collection":[{"href":"https:\/\/travelsafe.nl\/es\/wp-json\/wp\/v2\/product"}],"about":[{"href":"https:\/\/travelsafe.nl\/es\/wp-json\/wp\/v2\/types\/product"}],"wp:featuredmedia":[{"embeddable":true,"href":"https:\/\/travelsafe.nl\/es\/wp-json\/wp\/v2\/media\/43765"}],"wp:attachment":[{"href":"https:\/\/travelsafe.nl\/es\/wp-json\/wp\/v2\/media?parent=44815"}],"wp:term":[{"taxonomy":"product_brand","embeddable":true,"href":"https:\/\/travelsafe.nl\/es\/wp-json\/wp\/v2\/product_brand?post=44815"},{"taxonomy":"product_cat","embeddable":true,"href":"https:\/\/travelsafe.nl\/es\/wp-json\/wp\/v2\/product_cat?post=44815"},{"taxonomy":"product_tag","embeddable":true,"href":"https:\/\/travelsafe.nl\/es\/wp-json\/wp\/v2\/product_tag?post=44815"}],"curies":[{"name":"wp","href":"https:\/\/api.w.org\/{rel}","templated":true}]}}