{"id":44816,"date":"2019-06-10T22:59:25","date_gmt":"2019-06-10T22:59:25","guid":{"rendered":"https:\/\/travelsafe.nl\/assortiment\/uncategorized\/globe-world-tour-botiquin-de-primeros-auxilios\/"},"modified":"2023-05-23T13:16:36","modified_gmt":"2023-05-23T13:16:36","slug":"globe-world-tour-ehbo-kit","status":"publish","type":"product","link":"https:\/\/travelsafe.nl\/es\/assortiment\/1-kit-de-primeros-auxilios\/kit-basico\/globe-world-tour-ehbo-kit\/","title":{"rendered":"Globe World Tour &#8211; Botiqu\u00edn de primeros auxilios"},"content":{"rendered":"<p>Este botiqu\u00edn de primeros auxilios es adecuado para toda la familia o para grupos. Ideal para llevar en viajes de campamento. El botiqu\u00edn es muy extenso, incluye art\u00edculos de primeros auxilios, una manta de rescate, un term\u00f3metro digital, una m\u00e1scara de respiraci\u00f3n e incluso un quitagarrapatas.<\/p>\n<p>Si, por las circunstancias, no tiene acceso inmediato a la asistencia m\u00e9dica adecuada, esto puede conducir a situaciones peligrosas. Por lo tanto, debe asegurarse de tener cosas buenas con usted. Se ha desarrollado un botiqu\u00edn de primeros auxilios compacto y f\u00e1cil de usar para cada destino de viaje o actividad, completo con una declaraci\u00f3n del m\u00e9dico cuando sea necesario. Si viaja a un pa\u00eds sin riesgo de Hepatitis B\/VIH, principalmente pa\u00edses de Europa, entonces un botiqu\u00edn de primeros auxilios (azul-rojo) ser\u00e1 suficiente. Se recomienda encarecidamente un kit est\u00e9ril (naranja-amarillo fl\u00faor) si visita pa\u00edses con riesgo de hepatitis B\/VIH. Los ejemplos incluyen \u00c1frica, Am\u00e9rica del Sur y Asia, en resumen, los (sub) tr\u00f3picos.<\/p>\n<p>Dimensiones: 14 x 24 x 8 cm<br \/>\nPeso: 711g<br \/>\nMaterial:\u00a0poli\u00e9ster<br \/>\nArt\u00edculos: 73<\/p>\n","protected":false},"excerpt":{"rendered":"<p>Este botiqu\u00edn de primeros auxilios es adecuado para toda la familia o para grupos. Ideal para llevar en viajes de campamento. El&hellip;<\/p>\n","protected":false},"featured_media":43775,"template":"","meta":{"_acf_changed":false},"product_brand":[],"product_cat":[2912,2913],"product_tag":[],"class_list":{"0":"post-44816","1":"product","2":"type-product","3":"status-publish","4":"has-post-thumbnail","6":"product_cat-1-kit-de-primeros-auxilios","7":"product_cat-kit-basico","9":"first","10":"instock","11":"purchasable","12":"product-type-simple"},"acf":[],"_links":{"self":[{"href":"https:\/\/travelsafe.nl\/es\/wp-json\/wp\/v2\/product\/44816","targetHints":{"allow":["GET"]}}],"collection":[{"href":"https:\/\/travelsafe.nl\/es\/wp-json\/wp\/v2\/product"}],"about":[{"href":"https:\/\/travelsafe.nl\/es\/wp-json\/wp\/v2\/types\/product"}],"wp:featuredmedia":[{"embeddable":true,"href":"https:\/\/travelsafe.nl\/es\/wp-json\/wp\/v2\/media\/43775"}],"wp:attachment":[{"href":"https:\/\/travelsafe.nl\/es\/wp-json\/wp\/v2\/media?parent=44816"}],"wp:term":[{"taxonomy":"product_brand","embeddable":true,"href":"https:\/\/travelsafe.nl\/es\/wp-json\/wp\/v2\/product_brand?post=44816"},{"taxonomy":"product_cat","embeddable":true,"href":"https:\/\/travelsafe.nl\/es\/wp-json\/wp\/v2\/product_cat?post=44816"},{"taxonomy":"product_tag","embeddable":true,"href":"https:\/\/travelsafe.nl\/es\/wp-json\/wp\/v2\/product_tag?post=44816"}],"curies":[{"name":"wp","href":"https:\/\/api.w.org\/{rel}","templated":true}]}}